{"id":2993,"date":"2019-03-06T12:56:10","date_gmt":"2019-03-06T12:56:10","guid":{"rendered":"https:\/\/racekids.ro\/?page_id=2993"},"modified":"2022-10-14T13:47:51","modified_gmt":"2022-10-14T10:47:51","slug":"loyalty-programme-and-bonus-points","status":"publish","type":"page","link":"https:\/\/totalblue.ro\/en\/program-fidelizare-si-puncte-bonus\/","title":{"rendered":"Loyalty programme and bonus points"},"content":{"rendered":"<p>We are glad that you are with us and we have prepared 2 ways for you to become a loyal customer:<\/p>\n<p><strong>1.BONUS POINTS<\/strong><\/p>\n<p><a href=\"https:\/\/totalblue.ro\/wp-content\/uploads\/2020\/08\/bonusshoptrg.jpg\"><img loading=\"lazy\" decoding=\"async\" class=\"size-full wp-image-23947 aligncenter\" src=\"https:\/\/totalblue.ro\/wp-content\/uploads\/2020\/08\/bonusshoptrg.jpg\" alt=\"\" width=\"839\" height=\"193\" srcset=\"https:\/\/totalblue.ro\/wp-content\/uploads\/2020\/08\/bonusshoptrg.jpg 839w, https:\/\/totalblue.ro\/wp-content\/uploads\/2020\/08\/bonusshoptrg-510x117.jpg 510w\" sizes=\"auto, (max-width: 839px) 100vw, 839px\" \/><\/a><\/p>\n\n\t<section class=\"section\" id=\"section_923005383\">\n\t\t<div class=\"section-bg fill\" >\n\t\t\t\t\t\t\t\t\t\n\t\t\t\n\n\t\t<\/div>\n\n\t\t\n\n\t\t<div class=\"section-content relative\">\n\t\t\t\n<div class=\"row\"  id=\"row-1258334243\">\n\n\t<div id=\"col-1981157367\" class=\"col medium-4 small-12 large-4\"  >\n\t\t\t\t<div class=\"col-inner\"  >\n\t\t\t\n\t\t\t\n<p style=\"color: #07b7cf\" align=\"center\">Collect points with every order<\/p>\n<p align=\"center\">Create an account and enjoy the benefits specially prepared for you!<\/p>\n\t\t<\/div>\n\t\t\t\t\t<\/div>\n\n\t\n\n\t<div id=\"col-525282672\" class=\"col medium-4 small-12 large-4\"  >\n\t\t\t\t<div class=\"col-inner\"  >\n\t\t\t\n\t\t\t\n<p style=\"color: #78c68c\" align=\"center\">Earn bonus points<\/p>\n<p align=\"center\">Simple calculation 2,00 LEI = 1 bonus point.<br \/>\nPoints are credited after the order is paid.<\/p>\n\t\t<\/div>\n\t\t\t\t\t<\/div>\n\n\t\n\n\t<div id=\"col-2041078426\" class=\"col medium-4 small-12 large-4\"  >\n\t\t\t\t<div class=\"col-inner\"  >\n\t\t\t\n\t\t\t\n<p style=\"color: #ff9999\" align=\"center\">Use the dots<\/p>\n<p align=\"center\">Choose the gift you want and add it to your basket.<\/p>\n\t\t<\/div>\n\t\t\t\t\t<\/div>\n\n\t\n<\/div>\n\t\t<\/div>\n\n\t\t\n<style>\n#section_923005383 {\n  padding-top: 30px;\n  padding-bottom: 30px;\n}\n<\/style>\n\t<\/section>\n\t\n<div align=\"justify\">\n<p>Summary of the rules for accumulating points:<\/p>\n<p>For every 2,00 LEI of your total order, you will receive one point.<\/p>\n<p>If the points total is not a round number, it will be rounded up from 0,50 LEI. For example, for an order of 46,50 LEI you will receive 23 points; for an order of 49,00 LEI, you will receive 25 points.<\/p>\n<p>Points will be credited to you once your order is paid in full and the payment is registered in our system. Due to technical reasons, payments appear as registered in our system approximately one day after they have been posted to your account.<br \/>If the value of the order and payment decreases in value (e.g. due to a return), you will only receive points for the amount actually paid.<\/p>\n<p>For certain special offers, Total Blue can give you extra points. These special offers are published on our website and help you earn rewards faster!<\/p>\n<p><strong>2. LOYALISATION<\/p>\n<p><a href=\"https:\/\/totalblue.ro\/wp-content\/uploads\/2022\/10\/cooltext421395266547951.png\"><img loading=\"lazy\" decoding=\"async\" class=\"alignnone  wp-image-67107\" src=\"https:\/\/totalblue.ro\/wp-content\/uploads\/2022\/10\/cooltext421395266547951.png\" alt=\"\" width=\"350\" height=\"64\" srcset=\"https:\/\/totalblue.ro\/wp-content\/uploads\/2022\/10\/cooltext421395266547951.png 623w, https:\/\/totalblue.ro\/wp-content\/uploads\/2022\/10\/cooltext421395266547951-510x93.png 510w, https:\/\/totalblue.ro\/wp-content\/uploads\/2022\/10\/cooltext421395266547951-96x18.png 96w, https:\/\/totalblue.ro\/wp-content\/uploads\/2022\/10\/cooltext421395266547951-42x8.png 42w, https:\/\/totalblue.ro\/wp-content\/uploads\/2022\/10\/cooltext421395266547951-60x11.png 60w\" sizes=\"auto, (max-width: 350px) 100vw, 350px\" \/><\/a><br \/><\/strong><\/p>\n<p><strong>Accumulate orders over 2000 lei and you will receive a permanent discount of 2% on all future orders.<\/strong><\/p>\n<\/div>","protected":false},"excerpt":{"rendered":"<p>Ne bucuram ca sunteti alaturi de noi si v-am pregatit 2 modalitati de fidelizare : 1.PUNCTE BONUS Sumar al regulilor pentru acumularea punctelor: Pentru fiecare 2,00 LEI din totalul comenzii, ve\u0163i primi un punct. Dac\u0103 totalul punctelor nu este un num\u0103r rotund, acesta va fi rotunjit \u00een sus \u00eencep\u00e2nd de la 0,50 LEI. De exemplu [&#8230;]\n","protected":false},"author":2,"featured_media":0,"parent":0,"menu_order":0,"comment_status":"closed","ping_status":"closed","template":"","meta":{"_acf_changed":false,"_seopress_robots_primary_cat":"","_seopress_titles_title":"","_seopress_titles_desc":"","_seopress_robots_index":"","footnotes":""},"class_list":["post-2993","page","type-page","status-publish"],"acf":[],"_links":{"self":[{"href":"https:\/\/totalblue.ro\/en\/wp-json\/wp\/v2\/pages\/2993","targetHints":{"allow":["GET"]}}],"collection":[{"href":"https:\/\/totalblue.ro\/en\/wp-json\/wp\/v2\/pages"}],"about":[{"href":"https:\/\/totalblue.ro\/en\/wp-json\/wp\/v2\/types\/page"}],"author":[{"embeddable":true,"href":"https:\/\/totalblue.ro\/en\/wp-json\/wp\/v2\/users\/2"}],"replies":[{"embeddable":true,"href":"https:\/\/totalblue.ro\/en\/wp-json\/wp\/v2\/comments?post=2993"}],"version-history":[{"count":10,"href":"https:\/\/totalblue.ro\/en\/wp-json\/wp\/v2\/pages\/2993\/revisions"}],"predecessor-version":[{"id":67108,"href":"https:\/\/totalblue.ro\/en\/wp-json\/wp\/v2\/pages\/2993\/revisions\/67108"}],"wp:attachment":[{"href":"https:\/\/totalblue.ro\/en\/wp-json\/wp\/v2\/media?parent=2993"}],"curies":[{"name":"wp","href":"https:\/\/api.w.org\/{rel}","templated":true}]}}