{"id":100817,"date":"2023-09-22T11:45:55","date_gmt":"2023-09-22T08:45:55","guid":{"rendered":"https:\/\/totalblue.ro\/?post_type=product&#038;p=100817"},"modified":"2025-06-24T10:52:38","modified_gmt":"2025-06-24T07:52:38","slug":"aviateur-biscuiti-crocanti-cu-arahide-175g-olanda","status":"publish","type":"product","link":"https:\/\/totalblue.ro\/en\/produs\/aviateur-biscuiti-crocanti-cu-arahide-175g-olanda\/","title":{"rendered":"Aviateur crunchy peanut biscuits 175g, Netherlands"},"content":{"rendered":"<p><span class=\"HwtZe\" lang=\"ro\"><span class=\"jCAhz ChMk0b\"><span class=\"ryNqvb\">Ingrediente: zah\u0103r, arahide 30%, F\u0102IN\u0102 DE GR\u00c2U, uleiuri vegetale de palmier, rapi\u021b\u0103), sirop de glucoz\u0103, F\u0102IN\u0102 DE SOIA, sare, scor\u021bi\u0219oar\u0103, pudr\u0103 proteic\u0103 de cresc\u0103torie, emulgator: E471\/E322 (SOIA), LAPTE praf degresat, arom\u0103 natural\u0103 , agent de \u00eengro\u0219are: E415\/E466, agent de cre\u0219tere: E500,<\/span><\/span> <span class=\"jCAhz\"><span class=\"ryNqvb\">regulator de aciditate: E330.<\/span><\/span> <span class=\"jCAhz\"><span class=\"ryNqvb\">Poate contine urme de nuci.<\/span><\/span><br \/>\n<span class=\"jCAhz ChMk0b\"><span class=\"ryNqvb\">Valoare nutritiv\u0103 la 100g:<br \/>\nEnergie: 2186 kJ \/ 522 kcal<\/span><\/span><br \/>\n<span class=\"jCAhz\"><span class=\"ryNqvb\">Gr\u0103simi: 27,8g <\/span><\/span><span class=\"jCAhz ChMk0b\"><span class=\"ryNqvb\">in care saturate: 7,6 g<\/span><\/span><br \/>\n<span class=\"jCAhz\"><span class=\"ryNqvb\">Carbohidra\u021bi: 55,3g<\/span><\/span> d<span class=\"jCAhz\"><span class=\"ryNqvb\">in care zah\u0103r: 37,1g<\/span><\/span><br \/>\n<span class=\"jCAhz\"><span class=\"ryNqvb\">Proteine: 11,2 g<\/span><\/span><br \/>\n<span class=\"jCAhz ChMk0b\"><span class=\"ryNqvb\">Sare: 0,43 g<\/span><\/span><\/span><\/p>","protected":false},"excerpt":{"rendered":"<p>&nbsp;<\/p>\n<div id=\"simple-translate\" class=\"simple-translate-light-theme\">\n<div>\n<div class=\"simple-translate-button isShow\" style=\"height: 22px;width: 22px\"><\/div>\n<div class=\"simple-translate-panel\" style=\"width: 300px;height: 200px;font-size: 13px\">\n<div class=\"simple-translate-result-wrapper\" style=\"overflow: hidden\">\n<div class=\"simple-translate-move\"><\/div>\n<div class=\"simple-translate-result-contents\">\n<p class=\"simple-translate-candidate\" dir=\"auto\">\n<\/div>\n<\/div>\n<\/div>\n<\/div>\n<\/div>","protected":false},"featured_media":100821,"comment_status":"open","ping_status":"closed","template":"","meta":{"_acf_changed":false,"_seopress_robots_primary_cat":"1767","_seopress_titles_title":"","_seopress_titles_desc":"","_seopress_robots_index":""},"product_brand":[2065],"product_cat":[1555,3296,3338,7021,1767],"giftcard-category":[],"class_list":{"0":"post-100817","1":"product","2":"type-product","3":"status-publish","4":"has-post-thumbnail","6":"product_brand-aviateur","7":"product_cat-bacanie","8":"product_cat-brutarie-patiserie","9":"product_cat-dulciuri-snacksuri","10":"product_cat-dulciuri-snacks","11":"product_cat-produse-olanda","13":"first","14":"outofstock","15":"taxable","16":"shipping-taxable","17":"purchasable","18":"product-type-simple"},"acf":[],"_links":{"self":[{"href":"https:\/\/totalblue.ro\/en\/wp-json\/wp\/v2\/product\/100817","targetHints":{"allow":["GET"]}}],"collection":[{"href":"https:\/\/totalblue.ro\/en\/wp-json\/wp\/v2\/product"}],"about":[{"href":"https:\/\/totalblue.ro\/en\/wp-json\/wp\/v2\/types\/product"}],"replies":[{"embeddable":true,"href":"https:\/\/totalblue.ro\/en\/wp-json\/wp\/v2\/comments?post=100817"}],"wp:featuredmedia":[{"embeddable":true,"href":"https:\/\/totalblue.ro\/en\/wp-json\/wp\/v2\/media\/100821"}],"wp:attachment":[{"href":"https:\/\/totalblue.ro\/en\/wp-json\/wp\/v2\/media?parent=100817"}],"wp:term":[{"taxonomy":"product_brand","embeddable":true,"href":"https:\/\/totalblue.ro\/en\/wp-json\/wp\/v2\/product_brand?post=100817"},{"taxonomy":"product_cat","embeddable":true,"href":"https:\/\/totalblue.ro\/en\/wp-json\/wp\/v2\/product_cat?post=100817"},{"taxonomy":"giftcard-category","embeddable":true,"href":"https:\/\/totalblue.ro\/en\/wp-json\/wp\/v2\/giftcard-category?post=100817"}],"curies":[{"name":"wp","href":"https:\/\/api.w.org\/{rel}","templated":true}]}}