{"id":106484,"date":"2023-11-17T13:17:05","date_gmt":"2023-11-17T11:17:05","guid":{"rendered":"https:\/\/totalblue.ro\/?post_type=product&#038;p=106484"},"modified":"2026-02-28T18:12:49","modified_gmt":"2026-02-28T16:12:49","slug":"harlekijntjes-bomboane-sarate-300-g","status":"publish","type":"product","link":"https:\/\/totalblue.ro\/en\/produs\/harlekijntjes-bomboane-sarate-300-g\/","title":{"rendered":"Harlekijntjes Savoury sweets 300 g"},"content":{"rendered":"<p><span class=\"HwtZe\" lang=\"ro\"><span class=\"jCAhz ChMk0b\"><span class=\"ryNqvb\">Ingrediente: zah\u0103r, sirop de glucoz\u0103, amidon de porumb modificat, melas\u0103, r\u0103d\u0103cin\u0103 de lemn dulce 4,8%, f\u0103in\u0103 de GR\u00c2U, gelatin\u0103 (carne de porc), sare de sal amoniac, sare de mare, agent de glazurare: cear\u0103 de albine \u0219i carnauba, colorant: carbo medicinalis vegetabilis, arom\u0103 natural\u0103 de anason .<\/span><\/span><br \/>\n<span class=\"jCAhz ChMk0b\"><span class=\"ryNqvb\">Acest produs con\u021bine GLUTEN.<\/span><\/span> <span class=\"jCAhz ChMk0b\"><span class=\"ryNqvb\">Allergy information<\/span><\/span><br \/>\n<span class=\"jCAhz ChMk0b\"><span class=\"ryNqvb\">Con\u021bine: cereale care con\u021bin gluten, gr\u00e2u<\/span><\/span><br \/>\n<span class=\"jCAhz ChMk0b\"><span class=\"ryNqvb\">Nutritional values<\/span><\/span><br \/>\n<span class=\"jCAhz ChMk0b\"><span class=\"ryNqvb\">Aceste valori se aplic\u0103 produsului nepreparat\/<\/span><\/span><span class=\"jCAhz ChMk0b\"><span class=\"ryNqvb\"> 100 de grame<\/span><\/span><br \/>\n<span class=\"jCAhz ChMk0b\"><span class=\"ryNqvb\">Energie 1439 kJ (339 kcal)<\/span><\/span><br \/>\n<span class=\"jCAhz ChMk0b\"><span class=\"ryNqvb\">Gr\u0103simi 0,3 g din care saturate 0,2 g<\/span><\/span><br \/>\n<span class=\"jCAhz ChMk0b\"><span class=\"ryNqvb\">Glucide 80 g din care zaharuri 61 g<\/span><\/span><br \/>\n<span class=\"jCAhz ChMk0b\"><span class=\"ryNqvb\">Proteine \u200b\u200b3,9 g<\/span><\/span><br \/>\nS<span class=\"jCAhz ChMk0b\"><span class=\"ryNqvb\">are 0,37 g<\/span><\/span><br \/>\n<span class=\"jCAhz ChMk0b\"><span class=\"ryNqvb\">Depozitare: A se pastra la rece si uscat.<\/span><\/span><br \/>\n<span class=\"jCAhz ChMk0b\"><span class=\"ryNqvb\">Furnizor HARLEKIJNTJES B.V.<\/span><\/span> <span class=\"jCAhz ChMk0b\"><span class=\"ryNqvb\">Westkadijk 10 3861 MB Nijkerk<\/span><\/span><\/span><\/p>","protected":false},"excerpt":{"rendered":"<p>&nbsp;<\/p>\n<div id=\"simple-translate\" class=\"simple-translate-light-theme\">\n<div>\n<div class=\"simple-translate-button isShow\" style=\"height: 22px;width: 22px;top: 12px;left: -8px\"><\/div>\n<div class=\"simple-translate-panel\" style=\"width: 300px;height: 200px;top: 0px;left: 0px;font-size: 13px\">\n<div class=\"simple-translate-result-wrapper\" style=\"overflow: hidden\">\n<div class=\"simple-translate-move\"><\/div>\n<div class=\"simple-translate-result-contents\">\n<p class=\"simple-translate-candidate\" dir=\"auto\">\n<\/div>\n<\/div>\n<\/div>\n<\/div>\n<\/div>","protected":false},"featured_media":106488,"comment_status":"open","ping_status":"closed","template":"","meta":{"_acf_changed":false,"_seopress_robots_primary_cat":"none","_seopress_titles_title":"","_seopress_titles_desc":"","_seopress_robots_index":""},"product_brand":[2041],"product_cat":[1555,7021,3338,1767],"giftcard-category":[],"class_list":{"0":"post-106484","1":"product","2":"type-product","3":"status-publish","4":"has-post-thumbnail","6":"product_brand-harlekijntjes","7":"product_cat-bacanie","8":"product_cat-dulciuri-snacks","9":"product_cat-dulciuri-snacksuri","10":"product_cat-produse-olanda","12":"first","13":"outofstock","14":"taxable","15":"shipping-taxable","16":"purchasable","17":"product-type-simple"},"acf":[],"_links":{"self":[{"href":"https:\/\/totalblue.ro\/en\/wp-json\/wp\/v2\/product\/106484","targetHints":{"allow":["GET"]}}],"collection":[{"href":"https:\/\/totalblue.ro\/en\/wp-json\/wp\/v2\/product"}],"about":[{"href":"https:\/\/totalblue.ro\/en\/wp-json\/wp\/v2\/types\/product"}],"replies":[{"embeddable":true,"href":"https:\/\/totalblue.ro\/en\/wp-json\/wp\/v2\/comments?post=106484"}],"wp:featuredmedia":[{"embeddable":true,"href":"https:\/\/totalblue.ro\/en\/wp-json\/wp\/v2\/media\/106488"}],"wp:attachment":[{"href":"https:\/\/totalblue.ro\/en\/wp-json\/wp\/v2\/media?parent=106484"}],"wp:term":[{"taxonomy":"product_brand","embeddable":true,"href":"https:\/\/totalblue.ro\/en\/wp-json\/wp\/v2\/product_brand?post=106484"},{"taxonomy":"product_cat","embeddable":true,"href":"https:\/\/totalblue.ro\/en\/wp-json\/wp\/v2\/product_cat?post=106484"},{"taxonomy":"giftcard-category","embeddable":true,"href":"https:\/\/totalblue.ro\/en\/wp-json\/wp\/v2\/giftcard-category?post=106484"}],"curies":[{"name":"wp","href":"https:\/\/api.w.org\/{rel}","templated":true}]}}