{"id":121927,"date":"2024-02-09T10:49:03","date_gmt":"2024-02-09T08:49:03","guid":{"rendered":"https:\/\/totalblue.ro\/?post_type=product&#038;p=121927"},"modified":"2025-08-01T10:26:50","modified_gmt":"2025-08-01T07:26:50","slug":"olvarit-mancare-pentru-bebelusi-pui-dovleac-si-pui-15-luni-250g","status":"publish","type":"product","link":"https:\/\/totalblue.ro\/en\/produs\/olvarit-mancare-pentru-bebelusi-pui-dovleac-si-pui-15-luni-250g\/","title":{"rendered":"Olvarit mancare pentru bebelusi Pui, Dovleac si Cartof 15+ luni, 250g"},"content":{"rendered":"<p>Olvarit mancare pentru bebelusi Pui, Dovleac si Cartof 15+ luni, 250g<br \/>\nOlvarit ofera o masa completa pentru micu\u021bul tau. Un gust de legume deosebit, ceea va va ajuta copilul s\u0103 recunoasca \u0219i s\u0103 aprecieze gustul Olvarit !<br \/>\nGustul \u0219i textura sunt adaptate v\u00e2rstei copilului dvs. pentru a sprijini dezvoltarea bunului gust<br \/>\n<strong>Ingredient:<\/strong> 45% legume (29% dovleac, 12% morcov, 4% ceapa), apa, 11,5% cartofi, 8,5% pui, 3,7% amidon de GRAU fara gluten, ulei de rapita, patrunjel.<br \/>\nIngrediente pure! F\u0103r\u0103 conservan\u021bi. Olvarit, ca \u0219i alte alimente pentru copii, nu con\u021bine conservan\u021bi.<br \/>\n<strong>Allergens:<\/strong> Con\u021bine lapte<br \/>\n<strong>\u00cenainte de deschidere, ap\u0103sa\u021bi pe capac. Dac\u0103 nu face clic, nu folosi\u021bi con\u021binutul!<br \/>\n<\/strong><strong>Preparation:<\/strong> Mix the contents and place the desired amount on a plate. Use a plastic spoon for this operation.<br \/>\nP\u0103stra\u021bi con\u021binutul r\u0103mas \u00eenchis \u00een frigider \u0219i utiliza\u021bi-l \u00een max. 24 de ore.<br \/>\nSe \u00eenc\u0103lze\u0219te \u00een cuptorul cu microunde timp de aprox.30 sec. la 600W.<br \/>\nDup\u0103 \u00eenc\u0103lzire, amesteca\u021bi din nou bine \u0219i verifica\u021bi temperatura.<br \/>\nNu refolosi\u021bi resturile.<br \/>\n<strong>Nutritional values\/100g:<br \/>\n<\/strong>Energie 264 kJ (634 kcal)<br \/>\nGr\u0103sime 2,5 g<br \/>\ndin care saturate 0,4 g<br \/>\nCarbohidra\u021bi 7,2 g<br \/>\nof which sugars 1,9 g<br \/>\nProteine \u200b\u200b2,3 g<br \/>\nDietary fibre 1.3 g<br \/>\nSalt 0,03 g<br \/>\nMade in the Netherlands by Nutricia, Antwoordnummer 10061 2700 VB Zoetermeer<br \/>\nImporter and distributor Total Blue Impex SRL<br \/>\n<a href=\"https:\/\/totalblue.ro\/wp-content\/uploads\/2021\/03\/bcorporation.jpg\"><img loading=\"lazy\" decoding=\"async\" class=\"alignnone wp-image-43908\" src=\"https:\/\/totalblue.ro\/wp-content\/uploads\/2021\/03\/bcorporation-269x400.jpg\" alt=\"\" width=\"59\" height=\"88\" srcset=\"https:\/\/totalblue.ro\/wp-content\/uploads\/2021\/03\/bcorporation-269x400.jpg 269w, https:\/\/totalblue.ro\/wp-content\/uploads\/2021\/03\/bcorporation-100x149.jpg 100w, https:\/\/totalblue.ro\/wp-content\/uploads\/2021\/03\/bcorporation.jpg 320w\" sizes=\"auto, (max-width: 59px) 100vw, 59px\" \/><\/a><\/p>","protected":false},"excerpt":{"rendered":"<p>Olvarit mancare pentru bebelusi Pui, Dovleac si Cartof 15+ luni, 250g Olvarit ofera o masa completa pentru micu\u021bul tau. Un gust de legume deosebit, ceea va va ajuta copilul s\u0103 recunoasca \u0219i s\u0103 aprecieze gustul Olvarit ! Gustul \u0219i textura sunt adaptate v\u00e2rstei copilului dvs. pentru a sprijini dezvoltarea bunului gust Ingrediente: 45% legume (29% [&#8230;]\n","protected":false},"featured_media":121931,"comment_status":"open","ping_status":"closed","template":"","meta":{"_acf_changed":false,"_seopress_robots_primary_cat":"1767","_seopress_titles_title":"","_seopress_titles_desc":"Olvarit Bloemkool kalkoen aardappel 15+ mnd. Olvarit mancare pentru bebelusi Conopida Cartof si Curcan 15+ luni","_seopress_robots_index":""},"product_brand":[6175],"product_cat":[1984,1520,5677,1767],"giftcard-category":[],"class_list":{"0":"post-121927","1":"product","2":"type-product","3":"status-publish","4":"has-post-thumbnail","6":"product_brand-olvarit","7":"product_cat-hrana-bebelusi","8":"product_cat-mama-copilul","9":"product_cat-mancare-si-accesorii-bebe","10":"product_cat-produse-olanda","12":"first","13":"outofstock","14":"taxable","15":"shipping-taxable","16":"purchasable","17":"product-type-simple"},"acf":[],"_links":{"self":[{"href":"https:\/\/totalblue.ro\/en\/wp-json\/wp\/v2\/product\/121927","targetHints":{"allow":["GET"]}}],"collection":[{"href":"https:\/\/totalblue.ro\/en\/wp-json\/wp\/v2\/product"}],"about":[{"href":"https:\/\/totalblue.ro\/en\/wp-json\/wp\/v2\/types\/product"}],"replies":[{"embeddable":true,"href":"https:\/\/totalblue.ro\/en\/wp-json\/wp\/v2\/comments?post=121927"}],"wp:featuredmedia":[{"embeddable":true,"href":"https:\/\/totalblue.ro\/en\/wp-json\/wp\/v2\/media\/121931"}],"wp:attachment":[{"href":"https:\/\/totalblue.ro\/en\/wp-json\/wp\/v2\/media?parent=121927"}],"wp:term":[{"taxonomy":"product_brand","embeddable":true,"href":"https:\/\/totalblue.ro\/en\/wp-json\/wp\/v2\/product_brand?post=121927"},{"taxonomy":"product_cat","embeddable":true,"href":"https:\/\/totalblue.ro\/en\/wp-json\/wp\/v2\/product_cat?post=121927"},{"taxonomy":"giftcard-category","embeddable":true,"href":"https:\/\/totalblue.ro\/en\/wp-json\/wp\/v2\/giftcard-category?post=121927"}],"curies":[{"name":"wp","href":"https:\/\/api.w.org\/{rel}","templated":true}]}}