{"id":124612,"date":"2024-02-13T15:36:07","date_gmt":"2024-02-13T13:36:07","guid":{"rendered":"https:\/\/totalblue.ro\/?post_type=product&#038;p=124612"},"modified":"2025-07-17T11:16:33","modified_gmt":"2025-07-17T08:16:33","slug":"inproba-usturoi-tocat-200g","status":"publish","type":"product","link":"https:\/\/totalblue.ro\/en\/produs\/inproba-usturoi-tocat-200g\/","title":{"rendered":"Inproba Minced garlic 200g"},"content":{"rendered":"<p><span class=\"HwtZe\" lang=\"ro\"><span class=\"jCAhz ChMk0b\"><span class=\"ryNqvb\">Produs din catei de usturoi proaspat tocati. Excelent pentru a oferi sosurilor, salatelor \u0219i tocanelor o not\u0103 mediteranean\u0103 \u00eentr-o clip\u0103 \u0219i un ingredient indispensabil pentru preparatele orientale.<br \/>\nO linguri\u021b\u0103 de usturoi tocat corespunde cantit\u0103\u021bii unui c\u0103\u021bel de usturoi.<br \/>\n<\/span><\/span><\/span><span class=\"HwtZe\" lang=\"ro\"><span class=\"jCAhz ChMk0b\"><span class=\"ryNqvb\">Ingredient<\/span><\/span> <span class=\"jCAhz ChMk0b\"><span class=\"ryNqvb\">Usturoi 70%, sare, zahar, apa, ulei de floarea soarelui, acid: acid citric.<br \/>\nValoare nutri\u021bional\u0103 la 100 g:<br \/>\nEnergie 730 kJ\/173 kcal<br \/>\nGr\u0103simi 3,8 g din care acizi gra\u0219i satura\u021bi 0,5 g<br \/>\nCarbohidra\u021bi 29 g din care zaharuri 21 g<br \/>\nProteine \u200b\u200b4,9 g<br \/>\nSalt 10 g<\/span><\/span><\/span><\/p>\n<p><a href=\"https:\/\/totalblue.ro\/wp-content\/uploads\/2022\/09\/vegan-vegetarian.jpg\"><img loading=\"lazy\" decoding=\"async\" class=\"alignnone wp-image-124374\" src=\"https:\/\/totalblue.ro\/wp-content\/uploads\/2022\/09\/vegan-vegetarian.jpg\" alt=\"\" width=\"74\" height=\"91\" srcset=\"https:\/\/totalblue.ro\/wp-content\/uploads\/2022\/09\/vegan-vegetarian.jpg 200w, https:\/\/totalblue.ro\/wp-content\/uploads\/2022\/09\/vegan-vegetarian-78x96.jpg 78w, https:\/\/totalblue.ro\/wp-content\/uploads\/2022\/09\/vegan-vegetarian-34x42.jpg 34w, https:\/\/totalblue.ro\/wp-content\/uploads\/2022\/09\/vegan-vegetarian-49x60.jpg 49w, https:\/\/totalblue.ro\/wp-content\/uploads\/2022\/09\/vegan-vegetarian-65x80.jpg 65w\" sizes=\"auto, (max-width: 74px) 100vw, 74px\" \/><\/a><\/p>\n<p>&nbsp;<\/p>","protected":false},"excerpt":{"rendered":"<p>&nbsp;<\/p>\n<div id=\"simple-translate\" class=\"simple-translate-light-theme\">\n<div>\n<div class=\"simple-translate-button isShow\" style=\"height: 22px;width: 22px;top: 50px;left: 159px\"><\/div>\n<div class=\"simple-translate-panel\" style=\"width: 300px;height: 200px;top: 0px;left: 0px;font-size: 13px\">\n<div class=\"simple-translate-result-wrapper\" style=\"overflow: hidden\">\n<div class=\"simple-translate-move\"><\/div>\n<div class=\"simple-translate-result-contents\">\n<p class=\"simple-translate-candidate\" dir=\"auto\">\n<\/div>\n<\/div>\n<\/div>\n<\/div>\n<\/div>","protected":false},"featured_media":124618,"comment_status":"open","ping_status":"closed","template":"","meta":{"_acf_changed":false,"_seopress_robots_primary_cat":"none","_seopress_titles_title":"","_seopress_titles_desc":"","_seopress_robots_index":""},"product_brand":[22393],"product_cat":[1555,21674,1451,3280,22076,17494,21826,1767,21880],"giftcard-category":[],"class_list":{"0":"post-124612","1":"product","2":"type-product","3":"status-publish","4":"has-post-thumbnail","6":"product_brand-inproba","7":"product_cat-bacanie","8":"product_cat-condimente-sosuri-influente-asiatice","9":"product_cat-condimente-produse-instant","10":"product_cat-condimente-sosuri","11":"product_cat-fara-gluten","12":"product_cat-influente-asiatice","13":"product_cat-produse-bio-dietetice","14":"product_cat-produse-olanda","15":"product_cat-vegan","17":"first","18":"outofstock","19":"taxable","20":"shipping-taxable","21":"purchasable","22":"product-type-simple"},"acf":[],"_links":{"self":[{"href":"https:\/\/totalblue.ro\/en\/wp-json\/wp\/v2\/product\/124612","targetHints":{"allow":["GET"]}}],"collection":[{"href":"https:\/\/totalblue.ro\/en\/wp-json\/wp\/v2\/product"}],"about":[{"href":"https:\/\/totalblue.ro\/en\/wp-json\/wp\/v2\/types\/product"}],"replies":[{"embeddable":true,"href":"https:\/\/totalblue.ro\/en\/wp-json\/wp\/v2\/comments?post=124612"}],"wp:featuredmedia":[{"embeddable":true,"href":"https:\/\/totalblue.ro\/en\/wp-json\/wp\/v2\/media\/124618"}],"wp:attachment":[{"href":"https:\/\/totalblue.ro\/en\/wp-json\/wp\/v2\/media?parent=124612"}],"wp:term":[{"taxonomy":"product_brand","embeddable":true,"href":"https:\/\/totalblue.ro\/en\/wp-json\/wp\/v2\/product_brand?post=124612"},{"taxonomy":"product_cat","embeddable":true,"href":"https:\/\/totalblue.ro\/en\/wp-json\/wp\/v2\/product_cat?post=124612"},{"taxonomy":"giftcard-category","embeddable":true,"href":"https:\/\/totalblue.ro\/en\/wp-json\/wp\/v2\/giftcard-category?post=124612"}],"curies":[{"name":"wp","href":"https:\/\/api.w.org\/{rel}","templated":true}]}}