{"id":129205,"date":"2024-02-20T14:08:41","date_gmt":"2024-02-20T12:08:41","guid":{"rendered":"https:\/\/totalblue.ro\/?post_type=product&#038;p=129205"},"modified":"2025-10-22T18:46:22","modified_gmt":"2025-10-22T15:46:22","slug":"maggi-sos-delicat-pentru-friptura-3x250ml-import-germania","status":"publish","type":"product","link":"https:\/\/totalblue.ro\/en\/produs\/maggi-sos-delicat-pentru-friptura-3x250ml-import-germania\/","title":{"rendered":"Maggi Delicate steak sauce 3x250ml, import from Germany"},"content":{"rendered":"<p><strong>Preparation:<\/strong> Pentru a-l pregati, amestecati pur \u0219i simplu continutul unui singur pachet in 250 ml apa fierbinte ( fara fierbere ) cu un tel. Aduce\u021bi sosul la fiert si fierbeti 1 minut. Amestecati din cand in cand. Rafinati dupa cum dori\u021bi.<\/p>\n<p>Ingrediente: sare iodata (sare, iodat de potasiu), faina de orez, amidon, grasime de palmier, arome (cu ORZ), F\u0102IN\u0102 DE GR\u00c2U, extract de drojdie, zah\u0103r caramel, zah\u0103r, 3,5% pudr\u0103 de ro\u0219ii, gum\u0103 de guar \u00eengro\u0219ator, condimente, 2,4 % ceapa, maltodextrina, acid citric acid Poate contine telina, oua, lapte, mustar si soia.<br \/>\nINFORMA\u021aII ALERGENI: Gluten, Gr\u00e2u<br \/>\nValori nutritive\/100g:<br \/>\nEnergie 107 kJ \/ 25 kcal<br \/>\nGr\u0103sime 0,2 g din care acizi gra\u0219i satura\u021bi 0,1 g<br \/>\nCarbohidra\u021bi 5.1 g din care zah\u0103r 1.1 g<br \/>\nFibre 0,5 g<br \/>\nProtein 0,8 g<br \/>\nSalt 1.3 g<\/p>","protected":false},"excerpt":{"rendered":"<p>Mod de preparare: Pentru a-l pregati, amestecati pur \u0219i simplu continutul unui singur pachet in 250 ml apa fierbinte ( fara fierbere ) cu un tel. Aduce\u021bi sosul la fiert si fierbeti 1 minut. Amestecati din cand in cand. Rafinati dupa cum dori\u021bi. Ingrediente: sare iodata (sare, iodat de potasiu), faina de orez, amidon, grasime [&#8230;]\n","protected":false},"featured_media":129211,"comment_status":"open","ping_status":"closed","template":"","meta":{"_acf_changed":false,"_seopress_robots_primary_cat":"none","_seopress_titles_title":"","_seopress_titles_desc":"","_seopress_robots_index":""},"product_brand":[1869],"product_cat":[1555,3380,1451,1950],"giftcard-category":[],"class_list":{"0":"post-129205","1":"product","2":"type-product","3":"status-publish","4":"has-post-thumbnail","6":"product_brand-maggi","7":"product_cat-bacanie","8":"product_cat-condimente-sosuri-produse-germania","9":"product_cat-condimente-produse-instant","10":"product_cat-produse-germania","12":"first","13":"outofstock","14":"taxable","15":"shipping-taxable","16":"purchasable","17":"product-type-simple"},"acf":[],"_links":{"self":[{"href":"https:\/\/totalblue.ro\/en\/wp-json\/wp\/v2\/product\/129205","targetHints":{"allow":["GET"]}}],"collection":[{"href":"https:\/\/totalblue.ro\/en\/wp-json\/wp\/v2\/product"}],"about":[{"href":"https:\/\/totalblue.ro\/en\/wp-json\/wp\/v2\/types\/product"}],"replies":[{"embeddable":true,"href":"https:\/\/totalblue.ro\/en\/wp-json\/wp\/v2\/comments?post=129205"}],"wp:featuredmedia":[{"embeddable":true,"href":"https:\/\/totalblue.ro\/en\/wp-json\/wp\/v2\/media\/129211"}],"wp:attachment":[{"href":"https:\/\/totalblue.ro\/en\/wp-json\/wp\/v2\/media?parent=129205"}],"wp:term":[{"taxonomy":"product_brand","embeddable":true,"href":"https:\/\/totalblue.ro\/en\/wp-json\/wp\/v2\/product_brand?post=129205"},{"taxonomy":"product_cat","embeddable":true,"href":"https:\/\/totalblue.ro\/en\/wp-json\/wp\/v2\/product_cat?post=129205"},{"taxonomy":"giftcard-category","embeddable":true,"href":"https:\/\/totalblue.ro\/en\/wp-json\/wp\/v2\/giftcard-category?post=129205"}],"curies":[{"name":"wp","href":"https:\/\/api.w.org\/{rel}","templated":true}]}}