{"id":129259,"date":"2024-02-20T14:39:43","date_gmt":"2024-02-20T12:39:43","guid":{"rendered":"https:\/\/totalblue.ro\/?post_type=product&#038;p=129259"},"modified":"2025-08-12T10:59:45","modified_gmt":"2025-08-12T07:59:45","slug":"yum-yum-noodles-aroma-creveti-70g-import-germania","status":"publish","type":"product","link":"https:\/\/totalblue.ro\/en\/produs\/yum-yum-noodles-aroma-creveti-70g-import-germania\/","title":{"rendered":"Yum Yum Noodles shrimp flavour 70g, import from Germany"},"content":{"rendered":"<p>Ingredient :<span class=\"HwtZe\" lang=\"ro\"><span class=\"jCAhz ChMk0b\"><span class=\"ryNqvb\"> faina de GRAU, ulei de palmier (contine antioxidant: E319, E320), amidon de tapioca, sare, zahar, legume (morcov, usturoi, ceapa primavara, ceapa), CREVETI 1,5%, surimi (PESTE, OU, GRAU, SOIA),<\/span><\/span> <span class=\"jCAhz ChMk0b\"><span class=\"ryNqvb\">condimente \u0219i ierburi (chili, galanga, lemongrass), poten\u021biatori de arom\u0103: E621, E631, E627, acizi alimentari: E296, E330, regulatori de aciditate: E500, E452, E451, sos de soia pudr\u0103 (soia, GRAU, culoare: E150, sirop de glucoz\u0103)<\/span><\/span> <span class=\"jCAhz ChMk0b\"><span class=\"ryNqvb\">), maltodextrin\u0103, amidon de porumb, sos de PE\u0218TE (ANHOA, sare), antiaglomerant: E551, arom\u0103, agent de \u00eengro\u0219are: E466, extract de drojdie, colorant: E160c.<\/span><\/span><\/span><\/p>\n<p>Nutritional values \/ 100 g:<br \/>\nEnergie 393 kJ (94 kcal)<br \/>\nGrasimi 3.6 g din care saturate 1.5 g<br \/>\nCarbohidrati 13 g din care zaharuri 1.1 g<br \/>\nProtein 1,9 g<br \/>\nSare 1,2 g<\/p>\n<p>Mod de preparare \/ Mod de utilizare: Adauga apa fierbinte si dupa 3 minute te poti bucura de aceasta supa delicioasa cu taitei.<\/p>\n<p>A se pastra intr-un loc racoros \u0219i uscat.<\/p>\n<p>Importer : Total Blue Impex SRL<\/p>","protected":false},"excerpt":{"rendered":"<p>Ingrediente : faina de GRAU, ulei de palmier (contine antioxidant: E319, E320), amidon de tapioca, sare, zahar, legume (morcov, usturoi, ceapa primavara, ceapa), CREVETI 1,5%, surimi (PESTE, OU, GRAU, SOIA), condimente \u0219i ierburi (chili, galanga, lemongrass), poten\u021biatori de arom\u0103: E621, E631, E627, acizi alimentari: E296, E330, regulatori de aciditate: E500, E452, E451, sos de soia [&#8230;]\n","protected":false},"featured_media":129265,"comment_status":"open","ping_status":"closed","template":"","meta":{"_acf_changed":false,"_seopress_robots_primary_cat":"1950","_seopress_titles_title":"","_seopress_titles_desc":"","_seopress_robots_index":""},"product_brand":[22881],"product_cat":[1555,1683,3372,17494,21594,3428,1950,1954],"giftcard-category":[],"class_list":{"0":"post-129259","1":"product","2":"type-product","3":"status-publish","4":"has-post-thumbnail","6":"product_brand-yum-yum","7":"product_cat-bacanie","8":"product_cat-conserve-mancare-gatita","9":"product_cat-conserve-produse-germania","10":"product_cat-influente-asiatice","11":"product_cat-noodles-supe-instant","12":"product_cat-paste-orez-ulei-otet-produse-germania","13":"product_cat-produse-germania","14":"product_cat-semipreparate","16":"first","17":"outofstock","18":"taxable","19":"shipping-taxable","20":"purchasable","21":"product-type-simple"},"acf":[],"_links":{"self":[{"href":"https:\/\/totalblue.ro\/en\/wp-json\/wp\/v2\/product\/129259","targetHints":{"allow":["GET"]}}],"collection":[{"href":"https:\/\/totalblue.ro\/en\/wp-json\/wp\/v2\/product"}],"about":[{"href":"https:\/\/totalblue.ro\/en\/wp-json\/wp\/v2\/types\/product"}],"replies":[{"embeddable":true,"href":"https:\/\/totalblue.ro\/en\/wp-json\/wp\/v2\/comments?post=129259"}],"wp:featuredmedia":[{"embeddable":true,"href":"https:\/\/totalblue.ro\/en\/wp-json\/wp\/v2\/media\/129265"}],"wp:attachment":[{"href":"https:\/\/totalblue.ro\/en\/wp-json\/wp\/v2\/media?parent=129259"}],"wp:term":[{"taxonomy":"product_brand","embeddable":true,"href":"https:\/\/totalblue.ro\/en\/wp-json\/wp\/v2\/product_brand?post=129259"},{"taxonomy":"product_cat","embeddable":true,"href":"https:\/\/totalblue.ro\/en\/wp-json\/wp\/v2\/product_cat?post=129259"},{"taxonomy":"giftcard-category","embeddable":true,"href":"https:\/\/totalblue.ro\/en\/wp-json\/wp\/v2\/giftcard-category?post=129259"}],"curies":[{"name":"wp","href":"https:\/\/api.w.org\/{rel}","templated":true}]}}