{"id":130846,"date":"2024-02-21T16:05:48","date_gmt":"2024-02-21T14:05:48","guid":{"rendered":"https:\/\/totalblue.ro\/?post_type=product&#038;p=130846"},"modified":"2026-01-28T11:48:05","modified_gmt":"2026-01-28T09:48:05","slug":"nissin-supa-instant-creveti-100g-import-germania","status":"publish","type":"product","link":"https:\/\/totalblue.ro\/en\/produs\/nissin-supa-instant-creveti-100g-import-germania\/","title":{"rendered":"Nissin Instant Shrimp Soup 100g, import from Germany"},"content":{"rendered":"<p>Ingrediente: Fidea 93%: f\u0103in\u0103 de gr\u00e2u, ulei de palmier, sare, agen\u021bi de tratare a f\u0103inii E500, E451, stabilizator E501, \u00eengro\u0219\u0103tor E412, antioxidant E306. Pudr\u0103 de condimentare 7%: sare, amelioratori de arom\u0103 E621, E635, zah\u0103r, protein\u0103 vegetal\u0103 girolizat\u0103, arom\u0103 (ameliorator de arom\u0103 E631, gr\u00e2u, soia, pe\u0219te, crustaceu, praf de sos de soia (soia, gr\u00e2u, sare, maltodextrin\u0103), condimente (\u021belin\u0103) , extract de drojdie, extract de midie, praz, caramel simplu, pulbere de creve\u021bi (0,7% \u00een pudr\u0103 de condimentare), ulei de rapi\u021b\u0103. Poate con\u021bine urme de crustacee, pe\u0219ti, molu\u0219te, mu\u0219tar \u0219i susan.<br \/>\nNutritional values \/ 100 g:<br \/>\nEnergie 376 kJ \/ 90 kcal<br \/>\nGrasimi 3.8 g din care acizi saturati 2 g<br \/>\nCarbohidrati 11.3 g din care zaharuri 0.4 g<br \/>\nProteine 2 g<br \/>\nSalt 1.1 g<br \/>\nPreparation:<br \/>\nPut the contents of the sachet in a plate or bowl.<br \/>\nPour 500 ml of hot water over the ingredients.<br \/>\nCover with a lid for 3 minutes.<br \/>\nServe hot.<\/p>\n<p>Storage: Store in a dry and cool place.<\/p>\n<p>Importer : Total Blue Impex SRL<\/p>","protected":false},"excerpt":{"rendered":"<p>Ingrediente: Fidea 93%: f\u0103in\u0103 de gr\u00e2u, ulei de palmier, sare, agen\u021bi de tratare a f\u0103inii E500, E451, stabilizator E501, \u00eengro\u0219\u0103tor E412, antioxidant E306. Pudr\u0103 de condimentare 7%: sare, amelioratori de arom\u0103 E621, E635, zah\u0103r, protein\u0103 vegetal\u0103 girolizat\u0103, arom\u0103 (ameliorator de arom\u0103 E631, gr\u00e2u, soia, pe\u0219te, crustaceu, praf de sos de soia (soia, gr\u00e2u, sare, maltodextrin\u0103), [&#8230;]\n","protected":false},"featured_media":130853,"comment_status":"open","ping_status":"closed","template":"","meta":{"_acf_changed":false,"_seopress_robots_primary_cat":"1950","_seopress_titles_title":"","_seopress_titles_desc":"","_seopress_robots_index":""},"product_brand":[22913],"product_cat":[1555,1683,3372,17494,21594,3428,1950,1954],"giftcard-category":[],"class_list":{"0":"post-130846","1":"product","2":"type-product","3":"status-publish","4":"has-post-thumbnail","6":"product_brand-nissin","7":"product_cat-bacanie","8":"product_cat-conserve-mancare-gatita","9":"product_cat-conserve-produse-germania","10":"product_cat-influente-asiatice","11":"product_cat-noodles-supe-instant","12":"product_cat-paste-orez-ulei-otet-produse-germania","13":"product_cat-produse-germania","14":"product_cat-semipreparate","16":"first","17":"outofstock","18":"taxable","19":"shipping-taxable","20":"purchasable","21":"product-type-simple"},"acf":[],"_links":{"self":[{"href":"https:\/\/totalblue.ro\/en\/wp-json\/wp\/v2\/product\/130846","targetHints":{"allow":["GET"]}}],"collection":[{"href":"https:\/\/totalblue.ro\/en\/wp-json\/wp\/v2\/product"}],"about":[{"href":"https:\/\/totalblue.ro\/en\/wp-json\/wp\/v2\/types\/product"}],"replies":[{"embeddable":true,"href":"https:\/\/totalblue.ro\/en\/wp-json\/wp\/v2\/comments?post=130846"}],"wp:featuredmedia":[{"embeddable":true,"href":"https:\/\/totalblue.ro\/en\/wp-json\/wp\/v2\/media\/130853"}],"wp:attachment":[{"href":"https:\/\/totalblue.ro\/en\/wp-json\/wp\/v2\/media?parent=130846"}],"wp:term":[{"taxonomy":"product_brand","embeddable":true,"href":"https:\/\/totalblue.ro\/en\/wp-json\/wp\/v2\/product_brand?post=130846"},{"taxonomy":"product_cat","embeddable":true,"href":"https:\/\/totalblue.ro\/en\/wp-json\/wp\/v2\/product_cat?post=130846"},{"taxonomy":"giftcard-category","embeddable":true,"href":"https:\/\/totalblue.ro\/en\/wp-json\/wp\/v2\/giftcard-category?post=130846"}],"curies":[{"name":"wp","href":"https:\/\/api.w.org\/{rel}","templated":true}]}}