{"id":137488,"date":"2024-02-28T15:44:10","date_gmt":"2024-02-28T13:44:10","guid":{"rendered":"https:\/\/totalblue.ro\/?post_type=product&#038;p=137488"},"modified":"2025-08-06T13:16:08","modified_gmt":"2025-08-06T10:16:08","slug":"knorr-fix-condimente-pentru-sos-pentru-snitel-47g-import-germania","status":"publish","type":"product","link":"https:\/\/totalblue.ro\/en\/produs\/knorr-fix-condimente-pentru-sos-pentru-snitel-47g-import-germania\/","title":{"rendered":"Knorr Fix condimente pentru sos pentru snitel 47g, import Germania"},"content":{"rendered":"<p>Ingrediente: Ulei de palmier, amidon, faina de orez, sare de masa iodata, ZAHAR LACTUM, PROTEINE DE LAPTE, zahar, arome, clorura de potasiu\u00b3, condimente, sare de masa, 1,5% ierburi (arpagic\u00b2, cervil\u00b2, patrunjel\u00b2), sirop de zahar caramel, maltodextrina, alb extract de vin, praf de suc de lamaie. Poate contine ou, telina, mustar, soia, cereale care contin gluten. \u00b2din cultivare durabila. \u00b3Inlocuitor salin, obtinut din minerale naturale de potasiu.<br \/>\nAllergens<br \/>\nContine lapte. Poate contine gluten, ou, soia, telina si mustar<br \/>\nInformatii nutritionale preparate la 100g<br \/>\nEnergie 532 kJ \/ 128 kcal<br \/>\nGrasime 5.8 g din care acizi grasi saturati 2.4 g<br \/>\nCarbohidrati 3.1 g din care zahar 0.9 g<br \/>\nFibre &lt; 0,5 g<br \/>\nProteine \u200b\u200b16 g<br \/>\nSare 0.64 g<br \/>\nMod de preparare :<br \/>\n<span class=\"HwtZe\" lang=\"ro\"><span class=\"jCAhz ChMk0b\"><span class=\"ryNqvb\">Ad\u0103uga\u021bi proaspete: 3 bucati de curcan, porc sau vi\u021bel (150 g fiecare) \u0219i 50 ml sm\u00e2nt\u00e2n\u0103 de g\u0103tit<br \/>\n1) Se pr\u0103jesc escalopele \u00een 1 lingur\u0103 de ulei \u00eencins, se scot \u0219i se p\u0103streaz\u0103 la cald.<\/span><\/span><br \/>\n<span class=\"jCAhz ChMk0b\"><span class=\"ryNqvb\">2) Se toarn\u0103 300 ml ap\u0103 rece \u0219i sm\u00e2nt\u00e2n\u0103 \u00een tigaie, se amestec\u0103 con\u021binutul pungii, se aduce la fierbere amestec\u00e2nd \u0219i se fierbe timp de 1 minut.<\/span><\/span><br \/>\n<span class=\"jCAhz ChMk0b\"><span class=\"ryNqvb\">3) Ad\u0103uga\u021bi \u0219ni\u021belul \u0219i l\u0103sa\u021bi-l s\u0103 se \u00eencing\u0103 \u00een sos.<\/span><\/span> <span class=\"jCAhz ChMk0b\"><span class=\"ryNqvb\">V\u0103 recomand\u0103m pastele \u0219i un amestec de legume colorate.<\/span><\/span><\/span><\/p>","protected":false},"excerpt":{"rendered":"<p>Ingrediente: Ulei de palmier, amidon, faina de orez, sare de masa iodata, ZAHAR LACTUM, PROTEINE DE LAPTE, zahar, arome, clorura de potasiu\u00b3, condimente, sare de masa, 1,5% ierburi (arpagic\u00b2, cervil\u00b2, patrunjel\u00b2), sirop de zahar caramel, maltodextrina, alb extract de vin, praf de suc de lamaie. Poate contine ou, telina, mustar, soia, cereale care contin gluten. [&#8230;]\n","protected":false},"featured_media":137494,"comment_status":"open","ping_status":"closed","template":"","meta":{"_acf_changed":false,"_seopress_robots_primary_cat":"none","_seopress_titles_title":"","_seopress_titles_desc":"","_seopress_robots_index":""},"product_brand":[1870],"product_cat":[1555,3380,1451,1950],"giftcard-category":[],"class_list":{"0":"post-137488","1":"product","2":"type-product","3":"status-publish","4":"has-post-thumbnail","6":"product_brand-knorr","7":"product_cat-bacanie","8":"product_cat-condimente-sosuri-produse-germania","9":"product_cat-condimente-produse-instant","10":"product_cat-produse-germania","12":"first","13":"outofstock","14":"taxable","15":"shipping-taxable","16":"purchasable","17":"product-type-simple"},"acf":[],"_links":{"self":[{"href":"https:\/\/totalblue.ro\/en\/wp-json\/wp\/v2\/product\/137488","targetHints":{"allow":["GET"]}}],"collection":[{"href":"https:\/\/totalblue.ro\/en\/wp-json\/wp\/v2\/product"}],"about":[{"href":"https:\/\/totalblue.ro\/en\/wp-json\/wp\/v2\/types\/product"}],"replies":[{"embeddable":true,"href":"https:\/\/totalblue.ro\/en\/wp-json\/wp\/v2\/comments?post=137488"}],"wp:featuredmedia":[{"embeddable":true,"href":"https:\/\/totalblue.ro\/en\/wp-json\/wp\/v2\/media\/137494"}],"wp:attachment":[{"href":"https:\/\/totalblue.ro\/en\/wp-json\/wp\/v2\/media?parent=137488"}],"wp:term":[{"taxonomy":"product_brand","embeddable":true,"href":"https:\/\/totalblue.ro\/en\/wp-json\/wp\/v2\/product_brand?post=137488"},{"taxonomy":"product_cat","embeddable":true,"href":"https:\/\/totalblue.ro\/en\/wp-json\/wp\/v2\/product_cat?post=137488"},{"taxonomy":"giftcard-category","embeddable":true,"href":"https:\/\/totalblue.ro\/en\/wp-json\/wp\/v2\/giftcard-category?post=137488"}],"curies":[{"name":"wp","href":"https:\/\/api.w.org\/{rel}","templated":true}]}}