{"id":137530,"date":"2024-02-28T16:05:14","date_gmt":"2024-02-28T14:05:14","guid":{"rendered":"https:\/\/totalblue.ro\/?post_type=product&#038;p=137530"},"modified":"2025-08-06T13:16:02","modified_gmt":"2025-08-06T10:16:02","slug":"sos-knorr-fix-pentru-tocana-cartofi-cu-carne-tocata-43g","status":"publish","type":"product","link":"https:\/\/totalblue.ro\/en\/produs\/sos-knorr-fix-pentru-tocana-cartofi-cu-carne-tocata-43g\/","title":{"rendered":"Sos Knorr Fix pentru tocana cartofi cu carne tocata, 43g"},"content":{"rendered":"<div id=\"content_tab_description\" class=\"tab-content tab-description\">\n<div class=\"tab-content-inner\">\n<div class=\"tab-content-scroll\">Ingrediente: Amidon, 19% ceapa, 14% boia de ardei, arome, extract de drojdie, sare de masa, sare de masa iodata, ulei de germeni de porumb, zahar, usturoi, 1,8% pudra de rosii, ierburi (maghiran, inlocuitor de cimbru), sare pe masa concentrat, chimion, radacina de patrunjel. Poate contine ou, lapte, telina, mustar, soia, cereale care contin gluten.<br \/>\n<span class=\"HwtZe\" lang=\"ro\"><span class=\"jCAhz ChMk0b\"><span class=\"ryNqvb\">Mod de preparare : Se adauga proaspat: 800 g ardei (rosu + galben), 700 g cartofi si 300 g carne tocata slaba .<br \/>\n1) Se curata ardeii si se curata cartofii de coaja.<\/span><\/span> <span class=\"jCAhz\"><span class=\"ryNqvb\">T\u0103ia\u021bi pe ambele \u00een cuburi.<\/span><\/span> <span class=\"jCAhz ChMk0b\"><span class=\"ryNqvb\">Pr\u0103ji\u021bi carnea tocat\u0103 \u00een 2 linguri de ulei \u00eencins timp de 2 minute.<\/span><\/span> <span class=\"jCAhz ChMk0b\"><span class=\"ryNqvb\">Ad\u0103uga\u021bi ardeii \u0219i cartofii \u0219i pr\u0103ji\u021bi 2 minute pe toate p\u0103r\u021bile.<\/span><\/span><br \/>\n<span class=\"jCAhz ChMk0b\"><span class=\"ryNqvb\">2) Ad\u0103uga\u021bi 350 ml ap\u0103, amesteca\u021bi con\u021binutul pungii \u0219i aduce\u021bi la fierbere \u00een timp ce amesteca\u021bi.<\/span><\/span><br \/>\n<span class=\"jCAhz ChMk0b\"><span class=\"ryNqvb\">3) Acoperi\u021bi \u0219i g\u0103ti\u021bi aproximativ 25 de minute.<\/span><\/span> <span class=\"jCAhz\"><span class=\"ryNqvb\">Amestec\u00e2nd din c\u00e2nd \u00een c\u00e2nd.<\/span><\/span><\/span><br \/>\nAlergeni: Poate contine gluten, ou, soia, lapte, telina si mustar.<br \/>\nInformatii nutritionale preparate la 100g<br \/>\nEnergie\u00a0 313 kJ \/ 75 kcal<br \/>\nGrasime 2.8 g din care acizi grasi saturati 0.6 g<br \/>\nCarbohidrati 7.7 g din care zahar 2.7 g<br \/>\nFibre 2 g<br \/>\nProteine \u200b\u200b4.3 g<br \/>\nSare 0.35 g<\/div>\n<\/div>\n<\/div>","protected":false},"excerpt":{"rendered":"<p>Ingrediente: Amidon, 19% ceapa, 14% boia de ardei, arome, extract de drojdie, sare de masa, sare de masa iodata, ulei de germeni de porumb, zahar, usturoi, 1,8% pudra de rosii, ierburi (maghiran, inlocuitor de cimbru), sare pe masa concentrat, chimion, radacina de patrunjel. Poate contine ou, lapte, telina, mustar, soia, cereale care contin gluten. Mod [&#8230;]\n","protected":false},"featured_media":137536,"comment_status":"open","ping_status":"closed","template":"","meta":{"_acf_changed":false,"_seopress_robots_primary_cat":"none","_seopress_titles_title":"","_seopress_titles_desc":"","_seopress_robots_index":""},"product_brand":[1870],"product_cat":[1555,3280,3380,1950,1767,1954],"giftcard-category":[],"class_list":{"0":"post-137530","1":"product","2":"type-product","3":"status-publish","4":"has-post-thumbnail","6":"product_brand-knorr","7":"product_cat-bacanie","8":"product_cat-condimente-sosuri","9":"product_cat-condimente-sosuri-produse-germania","10":"product_cat-produse-germania","11":"product_cat-produse-olanda","12":"product_cat-semipreparate","14":"first","15":"outofstock","16":"taxable","17":"shipping-taxable","18":"purchasable","19":"product-type-simple"},"acf":[],"_links":{"self":[{"href":"https:\/\/totalblue.ro\/en\/wp-json\/wp\/v2\/product\/137530","targetHints":{"allow":["GET"]}}],"collection":[{"href":"https:\/\/totalblue.ro\/en\/wp-json\/wp\/v2\/product"}],"about":[{"href":"https:\/\/totalblue.ro\/en\/wp-json\/wp\/v2\/types\/product"}],"replies":[{"embeddable":true,"href":"https:\/\/totalblue.ro\/en\/wp-json\/wp\/v2\/comments?post=137530"}],"wp:featuredmedia":[{"embeddable":true,"href":"https:\/\/totalblue.ro\/en\/wp-json\/wp\/v2\/media\/137536"}],"wp:attachment":[{"href":"https:\/\/totalblue.ro\/en\/wp-json\/wp\/v2\/media?parent=137530"}],"wp:term":[{"taxonomy":"product_brand","embeddable":true,"href":"https:\/\/totalblue.ro\/en\/wp-json\/wp\/v2\/product_brand?post=137530"},{"taxonomy":"product_cat","embeddable":true,"href":"https:\/\/totalblue.ro\/en\/wp-json\/wp\/v2\/product_cat?post=137530"},{"taxonomy":"giftcard-category","embeddable":true,"href":"https:\/\/totalblue.ro\/en\/wp-json\/wp\/v2\/giftcard-category?post=137530"}],"curies":[{"name":"wp","href":"https:\/\/api.w.org\/{rel}","templated":true}]}}