{"id":137568,"date":"2024-02-28T16:26:48","date_gmt":"2024-02-28T14:26:48","guid":{"rendered":"https:\/\/totalblue.ro\/?post_type=product&#038;p=137568"},"modified":"2025-08-06T13:15:56","modified_gmt":"2025-08-06T10:15:56","slug":"sos-knorr-fix-crema-de-piper-pentru-medalioane-de-porc-36g","status":"publish","type":"product","link":"https:\/\/totalblue.ro\/en\/produs\/sos-knorr-fix-crema-de-piper-pentru-medalioane-de-porc-36g\/","title":{"rendered":"Sos Knorr Fix sos crema de piper pentru medalioane de porc, 36g"},"content":{"rendered":"<div id=\"content_tab_description\" class=\"tab-content tab-description\">\n<div class=\"tab-content-inner\">\n<div class=\"tab-content-scroll\">Ingrediente: ulei de palmier, FAINA DE GRAU, amidon, maltodextrina, LACTOZA, arome, zahar, sare de masa iodata, boia de ardei, PROTEINE DE LAPTE, condimente, sare de masa, 1,5% piper verde\u00b2, 1,5% ceapa\u00b2, extract de drojdie, patrunjel, usturoi\u00b2, piper, extract de vin alb, concentrat de suc de ceapa\u00b2, pudra de suc de lamaie, turmeric, ulei de floarea soarelui. Poate contine ou, telina, mustar, soia, alte cereale care contin gluten. \u00b2din cultivare durabila.<br \/>\nAllergens<br \/>\nContine gluten si lapte. Poate contine ou, soia, telina si mustar.<br \/>\nInformatii nutritionale preparate la 100g<br \/>\nEnergie 760 kJ \/ 182 kcal<br \/>\nGrasime 9.1 g din care acizi grasi saturati 3.7 g<br \/>\nCarbohidrati 3.2 g din care zahar 1,1 g<br \/>\nFibre &lt; 0,5 g<br \/>\nProteine \u200b\u200b22 g<br \/>\nsare 0.68 g<br \/>\nMod de preparare : <span class=\"HwtZe\" lang=\"ro\"><span class=\"jCAhz ChMk0b\"><span class=\"ryNqvb\">Se adauga proaspat: 450 g file de porc, vita sau curcan si 50 ml smantana de gatit<br \/>\nSe taie carnea in 6 bucati (medalioane) si se prajeste pe ambele parti in 1 lingura de ulei incins.<\/span><\/span> <span class=\"jCAhz ChMk0b\"><span class=\"ryNqvb\">Scoate\u021bi \u0219i p\u0103stra\u021bi la cald.<\/span><\/span><span class=\"jCAhz ChMk0b\"><span class=\"ryNqvb\"> Se toarn\u0103 200 ml ap\u0103 rece \u0219i sm\u00e2nt\u00e2n\u0103 \u00een tigaie Se amestec\u0103 con\u021binutul pungii, se aduce la fierbere amestec\u00e2nd \u0219i se fierbe timp de 1 minut.<\/span><\/span> <span class=\"jCAhz ChMk0b\"><span class=\"ryNqvb\">Ad\u0103uga\u021bi medalioane \u0219i l\u0103sa\u021bi-le s\u0103 se \u00eencing\u0103 \u00een sos.<\/span><\/span> <span class=\"jCAhz ChMk0b\"><span class=\"ryNqvb\">V\u0103 recomand\u0103m felii sau crochete de cartofi dulci \u0219i fasole verde.<\/span><\/span><\/span><\/div>\n<\/div>\n<\/div>","protected":false},"excerpt":{"rendered":"<p>Ingrediente: ulei de palmier, FAINA DE GRAU, amidon, maltodextrina, LACTOZA, arome, zahar, sare de masa iodata, boia de ardei, PROTEINE DE LAPTE, condimente, sare de masa, 1,5% piper verde\u00b2, 1,5% ceapa\u00b2, extract de drojdie, patrunjel, usturoi\u00b2, piper, extract de vin alb, concentrat de suc de ceapa\u00b2, pudra de suc de lamaie, turmeric, ulei de floarea [&#8230;]\n","protected":false},"featured_media":137574,"comment_status":"open","ping_status":"closed","template":"","meta":{"_acf_changed":false,"_seopress_robots_primary_cat":"none","_seopress_titles_title":"","_seopress_titles_desc":"","_seopress_robots_index":""},"product_brand":[1870],"product_cat":[1555,3280,3380,1950,1767,1954],"giftcard-category":[],"class_list":{"0":"post-137568","1":"product","2":"type-product","3":"status-publish","4":"has-post-thumbnail","6":"product_brand-knorr","7":"product_cat-bacanie","8":"product_cat-condimente-sosuri","9":"product_cat-condimente-sosuri-produse-germania","10":"product_cat-produse-germania","11":"product_cat-produse-olanda","12":"product_cat-semipreparate","14":"first","15":"outofstock","16":"taxable","17":"shipping-taxable","18":"purchasable","19":"product-type-simple"},"acf":[],"_links":{"self":[{"href":"https:\/\/totalblue.ro\/en\/wp-json\/wp\/v2\/product\/137568","targetHints":{"allow":["GET"]}}],"collection":[{"href":"https:\/\/totalblue.ro\/en\/wp-json\/wp\/v2\/product"}],"about":[{"href":"https:\/\/totalblue.ro\/en\/wp-json\/wp\/v2\/types\/product"}],"replies":[{"embeddable":true,"href":"https:\/\/totalblue.ro\/en\/wp-json\/wp\/v2\/comments?post=137568"}],"wp:featuredmedia":[{"embeddable":true,"href":"https:\/\/totalblue.ro\/en\/wp-json\/wp\/v2\/media\/137574"}],"wp:attachment":[{"href":"https:\/\/totalblue.ro\/en\/wp-json\/wp\/v2\/media?parent=137568"}],"wp:term":[{"taxonomy":"product_brand","embeddable":true,"href":"https:\/\/totalblue.ro\/en\/wp-json\/wp\/v2\/product_brand?post=137568"},{"taxonomy":"product_cat","embeddable":true,"href":"https:\/\/totalblue.ro\/en\/wp-json\/wp\/v2\/product_cat?post=137568"},{"taxonomy":"giftcard-category","embeddable":true,"href":"https:\/\/totalblue.ro\/en\/wp-json\/wp\/v2\/giftcard-category?post=137568"}],"curies":[{"name":"wp","href":"https:\/\/api.w.org\/{rel}","templated":true}]}}