{"id":163476,"date":"2024-06-11T15:38:09","date_gmt":"2024-06-11T12:38:09","guid":{"rendered":"https:\/\/totalblue.ro\/?post_type=product&#038;p=163476"},"modified":"2025-08-04T10:20:01","modified_gmt":"2025-08-04T07:20:01","slug":"eru-brie-cream-cheese-spread-120g","status":"publish","type":"product","link":"https:\/\/totalblue.ro\/en\/produs\/eru-branza-tartinabila-creme-de-brie-120g\/","title":{"rendered":"ERU Creme de Brie cheese spread 120g"},"content":{"rendered":"<p>Ingredient : <span class=\"HwtZe\" lang=\"ro\"><span class=\"jCAhz ChMk0b\"><span class=\"ryNqvb\">cheese 68 % ( 54% Brie cheese ), water, butter, milk proteins, E339, E452, salt<\/span><\/span><\/span><br \/>\nThis cheese spread is made from brie and has a creamy and mild flavour.<br \/>\nNutritional values \/ 100 g:<br \/>\nEnergy 1105 kJ (266 kcal)<br \/>\nFat 22 g of which saturated fat 15 g<br \/>\nCarbohydrates 0.1 g of which sugar 0.1 g<br \/>\nProtein 17 g<br \/>\nSalt 2.6 g<\/p>","protected":false},"excerpt":{"rendered":"<p>Ingrediente : br\u00e2nz\u0103 68 % ( 54% branza Brie ), ap\u0103, unt, proteine \u200b\u200bdin lapte, E339, E452, sare Aceasta branza tartinata este facuta din brie si are un gust cremos si bland. Valori nutritionale \/ 100 g: Energie 1105 kJ (266 kcal) Grasimi 22 g din care grasimi saturate 15 g Carbohidrati 0.1 g din [&#8230;]\n","protected":false},"featured_media":163483,"comment_status":"open","ping_status":"closed","template":"","meta":{"_acf_changed":false,"_seopress_robots_primary_cat":"none","_seopress_titles_title":"","_seopress_titles_desc":"","_seopress_robots_index":""},"product_brand":[16756],"product_cat":[1555,3288,4226,1767],"giftcard-category":[],"class_list":{"0":"post-163476","1":"product","2":"type-product","3":"status-publish","4":"has-post-thumbnail","6":"product_brand-eru","7":"product_cat-bacanie","8":"product_cat-branzeturi","9":"product_cat-branzeturi-bacanie","10":"product_cat-produse-olanda","12":"first","13":"outofstock","14":"taxable","15":"shipping-taxable","16":"purchasable","17":"product-type-simple"},"acf":[],"_links":{"self":[{"href":"https:\/\/totalblue.ro\/en\/wp-json\/wp\/v2\/product\/163476","targetHints":{"allow":["GET"]}}],"collection":[{"href":"https:\/\/totalblue.ro\/en\/wp-json\/wp\/v2\/product"}],"about":[{"href":"https:\/\/totalblue.ro\/en\/wp-json\/wp\/v2\/types\/product"}],"replies":[{"embeddable":true,"href":"https:\/\/totalblue.ro\/en\/wp-json\/wp\/v2\/comments?post=163476"}],"wp:featuredmedia":[{"embeddable":true,"href":"https:\/\/totalblue.ro\/en\/wp-json\/wp\/v2\/media\/163483"}],"wp:attachment":[{"href":"https:\/\/totalblue.ro\/en\/wp-json\/wp\/v2\/media?parent=163476"}],"wp:term":[{"taxonomy":"product_brand","embeddable":true,"href":"https:\/\/totalblue.ro\/en\/wp-json\/wp\/v2\/product_brand?post=163476"},{"taxonomy":"product_cat","embeddable":true,"href":"https:\/\/totalblue.ro\/en\/wp-json\/wp\/v2\/product_cat?post=163476"},{"taxonomy":"giftcard-category","embeddable":true,"href":"https:\/\/totalblue.ro\/en\/wp-json\/wp\/v2\/giftcard-category?post=163476"}],"curies":[{"name":"wp","href":"https:\/\/api.w.org\/{rel}","templated":true}]}}