{"id":201095,"date":"2025-01-29T10:39:33","date_gmt":"2025-01-29T08:39:33","guid":{"rendered":"https:\/\/totalblue.ro\/?post_type=product&#038;p=201095"},"modified":"2026-04-03T15:53:22","modified_gmt":"2026-04-03T12:53:22","slug":"remia-sos-usturoi-250-ml","status":"publish","type":"product","link":"https:\/\/totalblue.ro\/en\/produs\/remia-sos-usturoi-250-ml\/","title":{"rendered":"Remia Dressing Usturoi 250 ml"},"content":{"rendered":"<div id=\"tab-description\" class=\"woocommerce-Tabs-panel woocommerce-Tabs-panel--description panel entry-content active\" role=\"tabpanel\" aria-labelledby=\"tab-title-description\">\n<p>Remia Consumenten Service, Antwoordnummer 32, 3720 ZC Den Dolder, Nederland<br \/>\nImporter and distributor Total Blue Impex SRL<br \/>\nIngredient : <span class=\"HwtZe\" lang=\"ro\"><span class=\"jCAhz\"><span class=\"ryNqvb\">ap\u0103 potabil\u0103;<\/span><\/span> <span class=\"jCAhz\"><span class=\"ryNqvb\">ulei de rapi\u021b\u0103;<\/span><\/span> <span class=\"jCAhz\"><span class=\"ryNqvb\">o\u0163et;<\/span><\/span> <span class=\"jCAhz\"><span class=\"ryNqvb\">zah\u0103r;<\/span><\/span> <span class=\"jCAhz\"><span class=\"ryNqvb\">amidon de porumb;<\/span><\/span> <span class=\"jCAhz ChMk0b\"><span class=\"ryNqvb\">mu\u015ftar (ap\u0103 de b\u0103ut; semin\u0163e de mu\u015ftar; o\u0163et; condimente);<\/span><\/span> <span class=\"jCAhz\"><span class=\"ryNqvb\">galbenus de ou;<\/span><\/span> <span class=\"jCAhz ChMk0b\"><span class=\"ryNqvb\">usturoi 1,6%;<\/span><\/span> <span class=\"jCAhz\"><span class=\"ryNqvb\">sare de mas\u0103;<\/span><\/span> <span class=\"jCAhz\"><span class=\"ryNqvb\">p\u0103trunjel;<\/span><\/span> <span class=\"jCAhz\"><span class=\"ryNqvb\">paprika;<\/span><\/span> <span class=\"jCAhz\"><span class=\"ryNqvb\">extract de ceapa;<\/span><\/span> <span class=\"jCAhz ChMk0b\"><span class=\"ryNqvb\">agent de \u00eengro\u0219are (gum\u0103 guar);<\/span><\/span> <span class=\"jCAhz\"><span class=\"ryNqvb\">arome naturale;<\/span><\/span> <span class=\"jCAhz\"><span class=\"ryNqvb\">acid alimentar (acid lactic);<\/span><\/span> <span class=\"jCAhz ChMk0b\"><span class=\"ryNqvb\">condimente;<\/span><\/span> <span class=\"jCAhz\"><span class=\"ryNqvb\">antioxidant (EDTA calciu disodic).<\/span><\/span> <span class=\"jCAhz\"><span class=\"ryNqvb\">Produsul con\u021bine ou\u0103 \u0219i mu\u0219tar.<\/span><\/span><\/span><br \/>\nNutritional values \/ 100 g:<br \/>\nEnergie 1151 kJ (278 kcal)<br \/>\nGrasimi 25 g din care grasimi saturate 2 g<br \/>\nGlucide 11 g din care zaharuri 8.2 g<br \/>\nProtein 0,7 g<br \/>\nSalt 1.7 g<\/p>\n<\/div>","protected":false},"excerpt":{"rendered":"<p>Remia Consumenten Service, Antwoordnummer 32, 3720 ZC Den Dolder, Nederland Importator si distribuitor Total Blue Impex SRL Ingrediente : ap\u0103 potabil\u0103; ulei de rapi\u021b\u0103; o\u0163et; zah\u0103r; amidon de porumb; mu\u015ftar (ap\u0103 de b\u0103ut; semin\u0163e de mu\u015ftar; o\u0163et; condimente); galbenus de ou; usturoi 1,6%; sare de mas\u0103; p\u0103trunjel; paprika; extract de ceapa; agent de \u00eengro\u0219are (gum\u0103 [&#8230;]\n","protected":false},"featured_media":201101,"comment_status":"open","ping_status":"closed","template":"","meta":{"_acf_changed":false,"_seopress_robots_primary_cat":"1767","_seopress_titles_title":"","_seopress_titles_desc":"","_seopress_robots_index":""},"product_brand":[2045],"product_cat":[1555,1451,3280,1767],"giftcard-category":[],"class_list":{"0":"post-201095","1":"product","2":"type-product","3":"status-publish","4":"has-post-thumbnail","6":"product_brand-remia","7":"product_cat-bacanie","8":"product_cat-condimente-produse-instant","9":"product_cat-condimente-sosuri","10":"product_cat-produse-olanda","12":"first","13":"instock","14":"taxable","15":"shipping-taxable","16":"purchasable","17":"product-type-simple"},"acf":[],"_links":{"self":[{"href":"https:\/\/totalblue.ro\/en\/wp-json\/wp\/v2\/product\/201095","targetHints":{"allow":["GET"]}}],"collection":[{"href":"https:\/\/totalblue.ro\/en\/wp-json\/wp\/v2\/product"}],"about":[{"href":"https:\/\/totalblue.ro\/en\/wp-json\/wp\/v2\/types\/product"}],"replies":[{"embeddable":true,"href":"https:\/\/totalblue.ro\/en\/wp-json\/wp\/v2\/comments?post=201095"}],"wp:featuredmedia":[{"embeddable":true,"href":"https:\/\/totalblue.ro\/en\/wp-json\/wp\/v2\/media\/201101"}],"wp:attachment":[{"href":"https:\/\/totalblue.ro\/en\/wp-json\/wp\/v2\/media?parent=201095"}],"wp:term":[{"taxonomy":"product_brand","embeddable":true,"href":"https:\/\/totalblue.ro\/en\/wp-json\/wp\/v2\/product_brand?post=201095"},{"taxonomy":"product_cat","embeddable":true,"href":"https:\/\/totalblue.ro\/en\/wp-json\/wp\/v2\/product_cat?post=201095"},{"taxonomy":"giftcard-category","embeddable":true,"href":"https:\/\/totalblue.ro\/en\/wp-json\/wp\/v2\/giftcard-category?post=201095"}],"curies":[{"name":"wp","href":"https:\/\/api.w.org\/{rel}","templated":true}]}}