{"id":24178,"date":"2020-08-13T14:53:11","date_gmt":"2020-08-13T11:53:11","guid":{"rendered":"https:\/\/totalorange.ro\/?post_type=product&#038;p=24178"},"modified":"2025-09-04T11:27:19","modified_gmt":"2025-09-04T08:27:19","slug":"palmolive-sapun-solid-naturals-moisture-care-olive-90-g","status":"publish","type":"product","link":"https:\/\/totalblue.ro\/en\/produs\/palmolive-sapun-solid-naturals-moisture-care-olive-90-g\/","title":{"rendered":"Palmolive sapun solid Naturals Moisture Care Olive 90g"},"content":{"rendered":"<div>\n<div>\n<p>Descopera sapunul Palmolive Moisture care with olive cu extract din masline.<br \/>\nS\u0103punul de la brandul Palmolive are grij\u0103 perfect de piele, p\u0103str\u00e2nd-o neted\u0103 \u0219i delicat\u0103. Acesta con\u021bine o cantitate mare de vitamine \u0219i minerale provenite din surse naturale, care ofer\u0103 zilnic protec\u021bie antibacterian\u0103 \u0219i au, de asemenea, efect de \u00eentinerire, hidratare \u0219i fortifiere.<br \/>\nS\u0103punul \u201eMoisture Care &amp; Olive\u201d neutralizeaz\u0103 efectul apei dure, \u00eempiedic\u00e2nd str\u00e2ngerea \u0219i exfolierea pielii. Produsul are o arom\u0103 pl\u0103cut\u0103, revigorant\u0103, care provoac\u0103 z\u00e2mbet. Proteinele din lapte ajut\u0103 la restabilirea echilibrului acido-bazic, iar uleiul de m\u0103sline furnizeaz\u0103 celulelor pielii umiditate. Acesta men\u021bine pentru mult timp pielea moale \u0219i pl\u0103cut\u0103 la atingere \u0219i are, de asemenea, efect tonic \u0219i lini\u0219titor.<br \/>\nHidratare naturala pentru pielea ta! Testat dermatologic.<br \/>\n<strong><br \/>\nHow to use<\/strong>: Se aplic\u0103 pe pielea umed\u0103, se maseaz\u0103 u\u0219or \u0219i se cl\u0103te\u0219te cu ap\u0103 din abunden\u021b\u0103<br \/>\nBrand: Palmolive<br \/>\n<strong><br \/>\nPrecautii:<br \/>\n<\/strong>Numai pentru uz extern<br \/>\nA nu se lasa la indemana copiilor, cu exceptia cazului in care este utilizat sub supravegherea adultilor<br \/>\nA se evita contactul cu ochii<br \/>\nAcest produs este destinat curatarii si dezinfectarii mainilor<br \/>\nIn caz de contact cu ochii, a se spala imediat si abundent cu apa<br \/>\nIn cazul in care apar iritatii persistente, solicitati asistenta medicala<br \/>\nA se pastra la temperatura camerei<\/p>\n<p><strong>Ingredient:<\/strong> Sodium Palmate *A, Aqua, Sodium Tallowate *B, Sodium Palm Kernelate, Talc, Glycerin,\u00a0Stearic Acid, Parfum, Sodium Chloride, Pentasodium Pentetate, Pentaerithrityl Tetra-di-t-butyl Hydroxyhydrocinnamate,Olea Europea Fruit Oil, Aloe Barbadensis Leaf Juice Powder, Sine Adipe Lac, Benzyl Salicylate, Butylphenyl Methylpropional,Citronellol, Coumarin, Limonene, Linalool, CI 77891, CI 47005, CI 61570.<\/p>\n<\/div>\n<\/div>","protected":false},"excerpt":{"rendered":"<p>Descopera sapunul Palmolive Moisture care with olive cu extract din masline. S\u0103punul de la brandul Palmolive are grij\u0103 perfect de piele, p\u0103str\u00e2nd-o neted\u0103 \u0219i delicat\u0103. Acesta con\u021bine o cantitate mare de vitamine \u0219i minerale provenite din surse naturale, care ofer\u0103 zilnic protec\u021bie antibacterian\u0103 \u0219i au, de asemenea, efect de \u00eentinerire, hidratare \u0219i fortifiere. S\u0103punul \u201eMoisture [&#8230;]\n","protected":false},"featured_media":24179,"comment_status":"open","ping_status":"closed","template":"","meta":{"_acf_changed":false,"_seopress_robots_primary_cat":"none","_seopress_titles_title":"","_seopress_titles_desc":"Livrare rapida Palmolive Sapun Solid Naturals Moisture Care Olive 90 g, sapun antibacterian ieftin, transport gratuit sapun Palmolive.","_seopress_robots_index":""},"product_brand":[1892],"product_cat":[1558,1620],"giftcard-category":[],"class_list":{"0":"post-24178","1":"product","2":"type-product","3":"status-publish","4":"has-post-thumbnail","6":"product_brand-palmolive","7":"product_cat-cosmetice-sanatate","8":"product_cat-sapunuri-antibacteriene","10":"first","11":"outofstock","12":"taxable","13":"shipping-taxable","14":"purchasable","15":"product-type-simple"},"acf":[],"_links":{"self":[{"href":"https:\/\/totalblue.ro\/en\/wp-json\/wp\/v2\/product\/24178","targetHints":{"allow":["GET"]}}],"collection":[{"href":"https:\/\/totalblue.ro\/en\/wp-json\/wp\/v2\/product"}],"about":[{"href":"https:\/\/totalblue.ro\/en\/wp-json\/wp\/v2\/types\/product"}],"replies":[{"embeddable":true,"href":"https:\/\/totalblue.ro\/en\/wp-json\/wp\/v2\/comments?post=24178"}],"wp:featuredmedia":[{"embeddable":true,"href":"https:\/\/totalblue.ro\/en\/wp-json\/wp\/v2\/media\/24179"}],"wp:attachment":[{"href":"https:\/\/totalblue.ro\/en\/wp-json\/wp\/v2\/media?parent=24178"}],"wp:term":[{"taxonomy":"product_brand","embeddable":true,"href":"https:\/\/totalblue.ro\/en\/wp-json\/wp\/v2\/product_brand?post=24178"},{"taxonomy":"product_cat","embeddable":true,"href":"https:\/\/totalblue.ro\/en\/wp-json\/wp\/v2\/product_cat?post=24178"},{"taxonomy":"giftcard-category","embeddable":true,"href":"https:\/\/totalblue.ro\/en\/wp-json\/wp\/v2\/giftcard-category?post=24178"}],"curies":[{"name":"wp","href":"https:\/\/api.w.org\/{rel}","templated":true}]}}