{"id":24189,"date":"2020-08-13T15:51:37","date_gmt":"2020-08-13T12:51:37","guid":{"rendered":"https:\/\/totalorange.ro\/?post_type=product&#038;p=24189"},"modified":"2025-09-04T11:23:13","modified_gmt":"2025-09-04T08:23:13","slug":"alcool-sanitar-mona-70-500-ml","status":"publish","type":"product","link":"https:\/\/totalblue.ro\/en\/produs\/alcool-sanitar-mona-70-500-ml\/","title":{"rendered":"Alcool Sanitar Mona 500ml"},"content":{"rendered":"<p>Alcoolul sanitar MONA prezint\u0103 o concentra\u0163ie optim\u0103 de alcool etilic, care \u00eei confer\u0103 excelente propriet\u0103\u0163i antiseptice \u015fi dezinfectante, fiind recomandat pentru uzul extern.<br \/>\nConsacrat de-a lungul anilor drept alcoolul sanitar \u00een care rom\u00e2nii au cea mai mare \u00eencredere, MONA este \u00eembuteliat \u00een flacoane PET care confer\u0103 u\u015furin\u0163\u0103 \u015fi siguran\u0163\u0103 \u00een manipulare \u015fi depozitare, asigur\u00e2nd, prin \u00eenchiderea lor ermetic\u0103, p\u0103strarea tuturor propriet\u0103\u0163ilor fizico-chimice ale produsului.<br \/>\nAlcoolul Sanitar Mona este un produs biocid, fiind avizat ca atare de Ministerul Sanatatii prin avizul nr. 2467BIO\/01\/12.24<br \/>\nAlcoolul sanitar MONA prezint\u0103 o concentra\u0163ie optim\u0103 de alcool etilic, care \u00eei confer\u0103 excelente propriet\u0103\u0163i antiseptice \u015fi dezinfectante, fiind recomandat pentru uzul extern.<br \/>\nConsacrat de-a lungul anilor drept alcoolul sanitar \u00een care rom\u00e2nii au cea mai mare \u00eencredere, MONA este \u00eembuteliat \u00een flacoane PET care confer\u0103 u\u015furin\u0163\u0103 \u015fi siguran\u0163\u0103 \u00een manipulare \u015fi depozitare, asigur\u00e2nd, prin \u00eenchiderea lor ermetic\u0103, p\u0103strarea tuturor propriet\u0103\u0163ilor fizico-chimice ale produsului.<br \/>\nAlcoolul Sanitar Mona este un produs biocid, fiind avizat ca atare de Ministerul Sanatatii prin avizul nr. 2467BIO\/01\/12.24 \u015fi men\u0163ionat in REGISTRUL NATIONAL AL PRODUSELOR BIOCIDE.<br \/>\n<strong>Substanta activa &#8211; etanol 70% vol. (nr.CE200-578-6;nr.CAS64-17-5).<br \/>\nIngredient: <\/strong>alcool etilic rafinat, apa , salicilat de etil, denaturanti: tert-butanol si albastru de metilen.<br \/>\nAtentie!<br \/>\nH225 &#8211; Lichid si vapori foarte inflamabili.<br \/>\nP102 &#8211; A nu se lasa la indemana copiilor.<br \/>\nP210 &#8211; A se pastra departe de surse de caldura, suprafete fierbinti, scantei , flacari sau alte surse de aprindere. Fumatul interzis.<br \/>\nP233 &#8211; Pastrati recipientul inchis etans.<br \/>\nP403 + P235 &#8211; A se depozita intr-un spatiu bine ventilat. A se pastra la rece.<\/p>","protected":false},"excerpt":{"rendered":"<p>Alcoolul sanitar MONA prezint\u0103 o concentra\u0163ie optim\u0103 de alcool etilic, care \u00eei confer\u0103 excelente propriet\u0103\u0163i antiseptice \u015fi dezinfectante, fiind recomandat pentru uzul extern. Consacrat de-a lungul anilor drept alcoolul sanitar \u00een care rom\u00e2nii au cea mai mare \u00eencredere, MONA este \u00eembuteliat \u00een flacoane PET care confer\u0103 u\u015furin\u0163\u0103 \u015fi siguran\u0163\u0103 \u00een manipulare \u015fi depozitare, asigur\u00e2nd, prin [&#8230;]\n","protected":false},"featured_media":24190,"comment_status":"open","ping_status":"closed","template":"","meta":{"_acf_changed":false,"_seopress_robots_primary_cat":"none","_seopress_titles_title":"","_seopress_titles_desc":"Livrare rapida alcool sanitar Mona , alcool 70% , spirt 200 ml. Livrare gratuita Bucuresti.Spirt ieftin, alcool sanitar ieftin.","_seopress_robots_index":""},"product_brand":[1876],"product_cat":[1558,1344,1615],"giftcard-category":[],"class_list":{"0":"post-24189","1":"product","2":"type-product","3":"status-publish","4":"has-post-thumbnail","6":"product_brand-mona","7":"product_cat-cosmetice-sanatate","8":"product_cat-solutii-dezinfectante","9":"product_cat-dezinfectanti-maini-acetona-alcool","11":"first","12":"outofstock","13":"taxable","14":"shipping-taxable","15":"purchasable","16":"product-type-simple"},"acf":[],"_links":{"self":[{"href":"https:\/\/totalblue.ro\/en\/wp-json\/wp\/v2\/product\/24189","targetHints":{"allow":["GET"]}}],"collection":[{"href":"https:\/\/totalblue.ro\/en\/wp-json\/wp\/v2\/product"}],"about":[{"href":"https:\/\/totalblue.ro\/en\/wp-json\/wp\/v2\/types\/product"}],"replies":[{"embeddable":true,"href":"https:\/\/totalblue.ro\/en\/wp-json\/wp\/v2\/comments?post=24189"}],"wp:featuredmedia":[{"embeddable":true,"href":"https:\/\/totalblue.ro\/en\/wp-json\/wp\/v2\/media\/24190"}],"wp:attachment":[{"href":"https:\/\/totalblue.ro\/en\/wp-json\/wp\/v2\/media?parent=24189"}],"wp:term":[{"taxonomy":"product_brand","embeddable":true,"href":"https:\/\/totalblue.ro\/en\/wp-json\/wp\/v2\/product_brand?post=24189"},{"taxonomy":"product_cat","embeddable":true,"href":"https:\/\/totalblue.ro\/en\/wp-json\/wp\/v2\/product_cat?post=24189"},{"taxonomy":"giftcard-category","embeddable":true,"href":"https:\/\/totalblue.ro\/en\/wp-json\/wp\/v2\/giftcard-category?post=24189"}],"curies":[{"name":"wp","href":"https:\/\/api.w.org\/{rel}","templated":true}]}}