{"id":24355,"date":"2020-08-21T15:57:53","date_gmt":"2020-08-21T12:57:53","guid":{"rendered":"https:\/\/totalblue.ro\/?post_type=product&#038;p=24355"},"modified":"2025-08-05T12:10:38","modified_gmt":"2025-08-05T09:10:38","slug":"baneasa-fidea-cuiburi-200g","status":"publish","type":"product","link":"https:\/\/totalblue.ro\/en\/produs\/baneasa-fidea-cuiburi-200g\/","title":{"rendered":"Baneasa noodles nests 200g"},"content":{"rendered":"<p>Marca B\u0103neasa este cea mai cunoscut\u0103 \u0219i mai consumat\u0103 marc\u0103 de paste din Rom\u00e2nia, cu o imagine bine conturat\u0103 \u00een r\u00e2ndul consumatorilor.<br \/>\nEnergia \u0219i gustul proasp\u0103t fac din pastele B\u0103neasa o tradi\u021bie a meselor \u00een familie.<\/p>\n<p><strong>Ingredient:<\/strong> Faina de grau alba 550, apa.<\/p>\n<table class=\"table table-striped table-bordered table-responsive TableResponsive responsive\" style=\"height: 177px;\" width=\"321\">\n<thead>\n<tr>\n<th>Fats<\/th>\n<th>1.20 g\/100 g<\/th>\n<\/tr>\n<\/thead>\n<tbody>\n<tr>\n<td>Energy value<\/td>\n<td>351 kcal\/100 g<\/td>\n<\/tr>\n<tr>\n<td>Carbohydrate<\/td>\n<td>72.90 g\/100 g<\/td>\n<\/tr>\n<tr>\n<td>Fibre<\/td>\n<td>2.30 g\/100 g<\/td>\n<\/tr>\n<tr>\n<td>Sodium<\/td>\n<td>0.04 g\/100 g<\/td>\n<\/tr>\n<tr>\n<td>Protein<\/td>\n<td>11 g\/100 g<\/td>\n<\/tr>\n<\/tbody>\n<\/table>","protected":false},"excerpt":{"rendered":"<p>Marca B\u0103neasa este cea mai cunoscut\u0103 \u0219i mai consumat\u0103 marc\u0103 de paste din Rom\u00e2nia, cu o imagine bine conturat\u0103 \u00een r\u00e2ndul consumatorilor.<\/p>","protected":false},"featured_media":24356,"comment_status":"open","ping_status":"closed","template":"","meta":{"_acf_changed":false,"_seopress_robots_primary_cat":"1463","_seopress_titles_title":"","_seopress_titles_desc":"Marca B\u0103neasa este cea mai cunoscut\u0103 \u0219i mai consumat\u0103 marc\u0103 de paste din Rom\u00e2nia, cu o imagine bine conturat\u0103 \u00een r\u00e2ndul consumatorilor.","_seopress_robots_index":""},"product_brand":[1797],"product_cat":[1555,1463],"giftcard-category":[],"class_list":{"0":"post-24355","1":"product","2":"type-product","3":"status-publish","4":"has-post-thumbnail","6":"product_brand-baneasa","7":"product_cat-bacanie","8":"product_cat-orez","10":"first","11":"outofstock","12":"taxable","13":"shipping-taxable","14":"purchasable","15":"product-type-simple"},"acf":[],"_links":{"self":[{"href":"https:\/\/totalblue.ro\/en\/wp-json\/wp\/v2\/product\/24355","targetHints":{"allow":["GET"]}}],"collection":[{"href":"https:\/\/totalblue.ro\/en\/wp-json\/wp\/v2\/product"}],"about":[{"href":"https:\/\/totalblue.ro\/en\/wp-json\/wp\/v2\/types\/product"}],"replies":[{"embeddable":true,"href":"https:\/\/totalblue.ro\/en\/wp-json\/wp\/v2\/comments?post=24355"}],"wp:featuredmedia":[{"embeddable":true,"href":"https:\/\/totalblue.ro\/en\/wp-json\/wp\/v2\/media\/24356"}],"wp:attachment":[{"href":"https:\/\/totalblue.ro\/en\/wp-json\/wp\/v2\/media?parent=24355"}],"wp:term":[{"taxonomy":"product_brand","embeddable":true,"href":"https:\/\/totalblue.ro\/en\/wp-json\/wp\/v2\/product_brand?post=24355"},{"taxonomy":"product_cat","embeddable":true,"href":"https:\/\/totalblue.ro\/en\/wp-json\/wp\/v2\/product_cat?post=24355"},{"taxonomy":"giftcard-category","embeddable":true,"href":"https:\/\/totalblue.ro\/en\/wp-json\/wp\/v2\/giftcard-category?post=24355"}],"curies":[{"name":"wp","href":"https:\/\/api.w.org\/{rel}","templated":true}]}}