{"id":24367,"date":"2020-08-21T16:37:23","date_gmt":"2020-08-21T13:37:23","guid":{"rendered":"https:\/\/totalblue.ro\/?post_type=product&#038;p=24367"},"modified":"2026-02-05T23:09:41","modified_gmt":"2026-02-05T21:09:41","slug":"ponti-peperlizia-light-fara-ulei-salata-orez-italia","status":"publish","type":"product","link":"https:\/\/totalblue.ro\/en\/produs\/ponti-peperlizia-light-fara-ulei-salata-orez-italia\/","title":{"rendered":"Ponti Peperlizia Light oil-free rice salad 350g, import from Italy"},"content":{"rendered":"<div id=\"tab-description\" class=\"woocommerce-Tabs-panel woocommerce-Tabs-panel--description panel entry-content wc-tab\" role=\"tabpanel\" aria-labelledby=\"tab-title-description\">\n<p>INGREDIENTE : legume \u00een propor\u021bii variabile (ardei*, anghinare, castrave\u021bi, m\u0103sline verzi, morcovi, capere, maz\u0103re, m\u0103sline negre), ap\u0103, o\u021bet de vin, ciuperci de c\u00e2mp cultivate (Agaricus bisporus)*, sare, arome naturale, antioxidant: acid ascorbic.<br \/>\n(*) Sulfi\u021bi.<\/p>\n<p>VALORI NUTRI\u021aIONALE MEDIE la 100 g de produs<br \/>\nvaloare energetic\u0103 199KJ \/ 48Kcal<br \/>\nGrasimi 4 g din care acizi gra\u0219i satura\u021bi 0,5 g<br \/>\nCarbohidra\u021bi 1.1 g din care zaharuri 0 g<br \/>\nFibre 2.5 g<br \/>\nProtein\u0103 0.8 g<br \/>\nSare 0.93 g<br \/>\nAfter opening keep in the fridge.<\/p>\n<\/div>","protected":false},"excerpt":{"rendered":"<p>INGREDIENTE : legume \u00een propor\u021bii variabile (ardei*, anghinare, castrave\u021bi, m\u0103sline verzi, morcovi, capere, maz\u0103re, m\u0103sline negre), ap\u0103, o\u021bet de vin, ciuperci de c\u00e2mp cultivate (Agaricus bisporus)*, sare, arome naturale, antioxidant: acid ascorbic. (*) Sulfi\u021bi. VALORI NUTRI\u021aIONALE MEDIE la 100 g de produs valoare energetic\u0103 199KJ \/ 48Kcal Grasimi 4 g din care acizi gra\u0219i satura\u021bi [&#8230;]\n","protected":false},"featured_media":141296,"comment_status":"open","ping_status":"closed","template":"","meta":{"_acf_changed":false,"_seopress_robots_primary_cat":"none","_seopress_titles_title":"","_seopress_titles_desc":"","_seopress_robots_index":""},"product_brand":[24493],"product_cat":[1555,1683,21428,22100,21826,18062],"giftcard-category":[],"class_list":{"0":"post-24367","1":"product","2":"type-product","3":"status-publish","4":"has-post-thumbnail","6":"product_brand-ponti","7":"product_cat-bacanie","8":"product_cat-conserve-mancare-gatita","9":"product_cat-conserve-muraturi","10":"product_cat-fara-grasimi","11":"product_cat-produse-bio-dietetice","12":"product_cat-produse-italia","14":"first","15":"outofstock","16":"taxable","17":"shipping-taxable","18":"purchasable","19":"product-type-simple"},"acf":[],"_links":{"self":[{"href":"https:\/\/totalblue.ro\/en\/wp-json\/wp\/v2\/product\/24367","targetHints":{"allow":["GET"]}}],"collection":[{"href":"https:\/\/totalblue.ro\/en\/wp-json\/wp\/v2\/product"}],"about":[{"href":"https:\/\/totalblue.ro\/en\/wp-json\/wp\/v2\/types\/product"}],"replies":[{"embeddable":true,"href":"https:\/\/totalblue.ro\/en\/wp-json\/wp\/v2\/comments?post=24367"}],"wp:featuredmedia":[{"embeddable":true,"href":"https:\/\/totalblue.ro\/en\/wp-json\/wp\/v2\/media\/141296"}],"wp:attachment":[{"href":"https:\/\/totalblue.ro\/en\/wp-json\/wp\/v2\/media?parent=24367"}],"wp:term":[{"taxonomy":"product_brand","embeddable":true,"href":"https:\/\/totalblue.ro\/en\/wp-json\/wp\/v2\/product_brand?post=24367"},{"taxonomy":"product_cat","embeddable":true,"href":"https:\/\/totalblue.ro\/en\/wp-json\/wp\/v2\/product_cat?post=24367"},{"taxonomy":"giftcard-category","embeddable":true,"href":"https:\/\/totalblue.ro\/en\/wp-json\/wp\/v2\/giftcard-category?post=24367"}],"curies":[{"name":"wp","href":"https:\/\/api.w.org\/{rel}","templated":true}]}}