{"id":24378,"date":"2020-08-24T10:39:59","date_gmt":"2020-08-24T07:39:59","guid":{"rendered":"https:\/\/totalblue.ro\/?post_type=product&#038;p=24378"},"modified":"2025-09-04T11:08:22","modified_gmt":"2025-09-04T08:08:22","slug":"dr-oetker-zahar-pudra-aroma-vanilie","status":"publish","type":"product","link":"https:\/\/totalblue.ro\/en\/produs\/dr-oetker-zahar-pudra-aroma-vanilie\/","title":{"rendered":"Dr oetker zahar pudra aroma vanilie"},"content":{"rendered":"<div>\n<p>Zah\u0103rul pudr\u0103 cu arom\u0103 de vanilie este ideal pentru pudrarea pr\u0103jiturilor \u015fi prepararea diverselor glazuri cu zah\u0103r \u015fi creme pentru pr\u0103jituri. Sugestie: pentru a ob\u0163ine o culoare mai alb\u0103 a glazurii, pute\u0163i folosi lapte \u00een loc de ap\u0103.<\/p>\n<p><b>Descrierea produsului:<\/b><\/p>\n<p>\u2022 Posibilit\u0103\u021bi multiple de utilizare.<\/p>\n<p>\u2022 Ideal pentru pudrarea pr\u0103jiturilor \u0219i prepararea diverselor glazuri cu zah\u0103r.<\/p>\n<p><b>Avantaje:<\/b><\/p>\n<p>\u2022 Con\u021bine zah\u0103r fin, gata aromatizat.<\/p>\n<p>\u2022 Confer\u0103 un gust \u0219i un aspect pl\u0103cut pr\u0103jiturilor.<\/p>\n<\/div>\n<p><strong>Ingredient:\u00a0<\/strong>Zahar pudra min. 96%, amidon din porumb, aroma de vanilie.<\/p>\n<table class=\"table table-striped table-bordered table-responsive TableResponsive responsive\" style=\"height: 145px\" width=\"418\">\n<thead>\n<tr>\n<th>Fats<\/th>\n<th>0.0 g\/100 g<\/th>\n<\/tr>\n<\/thead>\n<tbody>\n<tr>\n<td>Energy value<\/td>\n<td>398 kcal\/100 g<\/td>\n<\/tr>\n<tr>\n<td>Carbohydrate<\/td>\n<td>99.4 g\/100 g<\/td>\n<\/tr>\n<tr>\n<td>Sodium<\/td>\n<td>0.0 g\/100 g<\/td>\n<\/tr>\n<tr>\n<td>Protein<\/td>\n<td>0.0 g\/100 g<\/td>\n<\/tr>\n<\/tbody>\n<\/table>","protected":false},"excerpt":{"rendered":"<p>Zah\u0103rul pudr\u0103 cu arom\u0103 de vanilie este ideal pentru pudrarea pr\u0103jiturilor \u015fi prepararea diverselor glazuri cu zah\u0103r \u015fi creme pentru pr\u0103jituri. Sugestie: pentru a ob\u0163ine o culoare mai alb\u0103 a glazurii, pute\u0163i folosi lapte \u00een loc de ap\u0103. Descrierea produsului: \u2022 Posibilit\u0103\u021bi multiple de utilizare. \u2022 Ideal pentru pudrarea pr\u0103jiturilor \u0219i prepararea diverselor glazuri cu [&#8230;]\n","protected":false},"featured_media":24380,"comment_status":"open","ping_status":"closed","template":"","meta":{"_acf_changed":false,"_seopress_robots_primary_cat":"none","_seopress_titles_title":"","_seopress_titles_desc":"Zah\u0103rul pudr\u0103 cu arom\u0103 de vanilie este ideal pentru pudrarea pr\u0103jiturilor \u015fi prepararea diverselor glazuri cu zah\u0103r \u015fi creme pr\u0103jituri.","_seopress_robots_index":""},"product_brand":[1832],"product_cat":[1555,1451,1362],"giftcard-category":[],"class_list":{"0":"post-24378","1":"product","2":"type-product","3":"status-publish","4":"has-post-thumbnail","6":"product_brand-dr-oetker","7":"product_cat-bacanie","8":"product_cat-condimente-produse-instant","9":"product_cat-ulei-orez-faina-zahar","11":"first","12":"outofstock","13":"taxable","14":"shipping-taxable","15":"purchasable","16":"product-type-simple"},"acf":[],"_links":{"self":[{"href":"https:\/\/totalblue.ro\/en\/wp-json\/wp\/v2\/product\/24378","targetHints":{"allow":["GET"]}}],"collection":[{"href":"https:\/\/totalblue.ro\/en\/wp-json\/wp\/v2\/product"}],"about":[{"href":"https:\/\/totalblue.ro\/en\/wp-json\/wp\/v2\/types\/product"}],"replies":[{"embeddable":true,"href":"https:\/\/totalblue.ro\/en\/wp-json\/wp\/v2\/comments?post=24378"}],"wp:featuredmedia":[{"embeddable":true,"href":"https:\/\/totalblue.ro\/en\/wp-json\/wp\/v2\/media\/24380"}],"wp:attachment":[{"href":"https:\/\/totalblue.ro\/en\/wp-json\/wp\/v2\/media?parent=24378"}],"wp:term":[{"taxonomy":"product_brand","embeddable":true,"href":"https:\/\/totalblue.ro\/en\/wp-json\/wp\/v2\/product_brand?post=24378"},{"taxonomy":"product_cat","embeddable":true,"href":"https:\/\/totalblue.ro\/en\/wp-json\/wp\/v2\/product_cat?post=24378"},{"taxonomy":"giftcard-category","embeddable":true,"href":"https:\/\/totalblue.ro\/en\/wp-json\/wp\/v2\/giftcard-category?post=24378"}],"curies":[{"name":"wp","href":"https:\/\/api.w.org\/{rel}","templated":true}]}}