{"id":24381,"date":"2020-08-24T10:51:09","date_gmt":"2020-08-24T07:51:09","guid":{"rendered":"https:\/\/totalblue.ro\/?post_type=product&#038;p=24381"},"modified":"2025-08-05T15:10:36","modified_gmt":"2025-08-05T12:10:36","slug":"dr-oetker-gelfix-21-25-grame","status":"publish","type":"product","link":"https:\/\/totalblue.ro\/en\/produs\/dr-oetker-gelfix-21-25-grame\/","title":{"rendered":"Dr. Oetker Gelfix 2:1 25 grame"},"content":{"rendered":"<p>Dr. Oetker Gelfix 2:1 &#8211; Mix pentru o pregatire rapida a gemurilor, dulceturilor si jeleurilor.<br \/>\nCu Gelfix se ob\u0163in \u00eentotdeauna cele mai bune dulce\u0163uri, gemuri \u015fi jeleuri.<\/p>\n<p>Gelfix Extra 2:1 se ad\u0103ug\u0103 la 500 g zah\u0103r \u015fi 1 kg fructe. Con\u0163ine pectin\u0103 din citrice, men\u0163ine gustul fructelor proaspete.<\/p>\n<p><strong>Ingredient:<\/strong> Dextroza, agent gelatinizant (pectina amidata standardizata cu zaharuri (E440ii)), acidifiant (acid citric (E330)), conservant (acid scorbic (E200)).<br \/>\n<strong>Storage conditions:<\/strong> A se pastra la loc uscat si racoros!<\/p>\n<p>*** Produsul poate fi disponibil in limita stocului depozit furnizor.<\/p>","protected":false},"excerpt":{"rendered":"<p>Dr. Oetker Gelfix 2:1 &#8211; Mix pentru o pregatire rapida a gemurilor, dulceturilor si jeleurilor.<br \/>\nCu Gelfix se ob\u0163in \u00eentotdeauna cele mai bune dulce\u0163uri, gemuri \u015fi jeleuri.<\/p>","protected":false},"featured_media":24382,"comment_status":"open","ping_status":"closed","template":"","meta":{"_acf_changed":false,"_seopress_robots_primary_cat":"1451","_seopress_titles_title":"Dr. Oetker Gelfix 2:1 25 grame","_seopress_titles_desc":"Cauti Dr. Oetker Gelfix 2:1 25 grame ? Dr. Oetker Gelfix 2:1 - Mix pentru o pregatire rapida a gemurilor si dulceturilor.","_seopress_robots_index":""},"product_brand":[1832],"product_cat":[1555,1451],"giftcard-category":[],"class_list":{"0":"post-24381","1":"product","2":"type-product","3":"status-publish","4":"has-post-thumbnail","6":"product_brand-dr-oetker","7":"product_cat-bacanie","8":"product_cat-condimente-produse-instant","10":"first","11":"outofstock","12":"taxable","13":"shipping-taxable","14":"purchasable","15":"product-type-simple"},"acf":[],"_links":{"self":[{"href":"https:\/\/totalblue.ro\/en\/wp-json\/wp\/v2\/product\/24381","targetHints":{"allow":["GET"]}}],"collection":[{"href":"https:\/\/totalblue.ro\/en\/wp-json\/wp\/v2\/product"}],"about":[{"href":"https:\/\/totalblue.ro\/en\/wp-json\/wp\/v2\/types\/product"}],"replies":[{"embeddable":true,"href":"https:\/\/totalblue.ro\/en\/wp-json\/wp\/v2\/comments?post=24381"}],"wp:featuredmedia":[{"embeddable":true,"href":"https:\/\/totalblue.ro\/en\/wp-json\/wp\/v2\/media\/24382"}],"wp:attachment":[{"href":"https:\/\/totalblue.ro\/en\/wp-json\/wp\/v2\/media?parent=24381"}],"wp:term":[{"taxonomy":"product_brand","embeddable":true,"href":"https:\/\/totalblue.ro\/en\/wp-json\/wp\/v2\/product_brand?post=24381"},{"taxonomy":"product_cat","embeddable":true,"href":"https:\/\/totalblue.ro\/en\/wp-json\/wp\/v2\/product_cat?post=24381"},{"taxonomy":"giftcard-category","embeddable":true,"href":"https:\/\/totalblue.ro\/en\/wp-json\/wp\/v2\/giftcard-category?post=24381"}],"curies":[{"name":"wp","href":"https:\/\/api.w.org\/{rel}","templated":true}]}}