{"id":25468,"date":"2020-09-16T15:59:45","date_gmt":"2020-09-16T12:59:45","guid":{"rendered":"https:\/\/totalblue.ro\/?post_type=product&#038;p=25468"},"modified":"2023-02-08T11:00:05","modified_gmt":"2023-02-08T09:00:05","slug":"palmolive-gel-de-dus-so-relaxed-250-ml","status":"publish","type":"product","link":"https:\/\/totalblue.ro\/en\/produs\/palmolive-gel-de-dus-so-relaxed-250-ml\/","title":{"rendered":"Palmolive Gel de dus So Relaxed 250 ml"},"content":{"rendered":"<div>\n<div>\n<div class=\"richText component section richText-center-below-desktop richText-no-margin odd col-xs-12\">\n<div class=\"component-content\">\n<div class=\"richText-content\">\n<p>Relaxeaza-te cu acest gel de dus aromat ce con\u021bine ulei esen\u021bial de lavand\u0103, Ylang Ylang \u0219i nucu\u0219oar\u0103. Las\u0103-te \u00eenv\u0103luit\u0103 de parfumul s\u0103u sublim.<\/p>\n<div class=\"richText component section default-style even col-xs-9 col-md-11\">\n<div class=\"component-content\">\n<div class=\"richText-content\">\n<ul>\n<li><span class=\"selectionStyle-green\">Lavand\u0103.<\/span> Se presupune c\u0103 lavanda a fost descoperit\u0103 acum 2000 de ani, fiind deja cultivat\u0103 \u0219i adus\u0103 pe insulele coastei de sud a Fran\u021bei de c\u0103tre negustorii fascina\u021bi de aroma sa \u00eemb\u0103t\u0103toare \u0219i aspectul s\u0103u pl\u0103cut, \u0219i ulterior a fost naturalizat\u0103 \u00een ceea ce cunoa\u0219tem \u00een prezent ca fiind zona Mediteranean\u0103.<\/li>\n<\/ul>\n<\/div>\n<\/div>\n<\/div>\n<div class=\"image component section default-style odd col-xs-3 col-md-1\">\n<div class=\"component-content middle\">\n<div class=\"component-content\">\n<div class=\"richText-content\">\n<ul>\n<li><span class=\"selectionStyle-green\">Ylang-Ylang.<\/span> Ylang-ylang este originar din insulele Moluce \u0219i Filipine. Numele \u00eenseamn\u0103 \u00een limba tagalog a Filipinelor &#8211; \u201efloarea florilor\u201d. \u00ce\u0219i merit\u0103 pe deplin numele datorit\u0103 parfumului intens al florilor, care dau un ulei esen\u021bial cu propriet\u0103\u021bi de vindecare apreciate. Se folose\u0219te \u00een mod tradi\u021bional amestecat cu ulei de nuc\u0103 de cocos pentru a avea un p\u0103r s\u0103n\u0103tos.<\/li>\n<\/ul>\n<\/div>\n<\/div>\n<\/div>\n<\/div>\n<div class=\"image component section default-style odd col-xs-3 col-md-1\">\n<div class=\"component-content middle\">\n<div class=\"richText-content\">\n<ul>\n<li><span class=\"selectionStyle-green\">Nuc\u0219oar\u0103.<\/span> Nuc\u0219oara, uneori denumit\u0103 s\u0103m\u00e2n\u021ba paradisului, este originar\u0103 din India \u0219i Asia de Sud. Semin\u021bele au un miros u\u0219or picant \u0219i foarte puternic aromatizat, amintind de camfor. E un condiment popular \u00een bucatele din Asia de Sud \u0219i patiseria scandinav\u0103.*<\/li>\n<\/ul>\n<\/div>\n<\/div>\n<\/div>\n<\/div>\n<\/div>\n<\/div>\n<p><strong>How to use<\/strong>: Se aplic\u0103 pe pielea umed\u0103, se maseaz\u0103 u\u0219or \u0219i se cl\u0103te\u0219te cu ap\u0103 din abunden\u021b\u0103. Testat dermatologic.<br \/>\nBrand: Palmolive<br \/>\n<strong><br \/>\nPrecautii:<br \/>\n<\/strong>\u00a0A se pastra in incaperi uscate, ferite de surse directe de caldura sau inghet. A se utiliza, de preferinta, inainte de data inscriptionata pe ambalaj.<\/p>\n<p><strong>Ingredient:<\/strong> Aqua, sodium C12-13 pareth sulfate (*A)\/ sodium laureth sulfate (*B), cocamidopropyl betaine, parfum, sodium chloride, cocamide MEA, sodium salicylate, sodium benzoate, citric acid, polyquaternium-7, tetrasodium EDTA, benzophenone-4, poloxamer 124, cananga odorata flower oil, pogostemon cablin oil, lavandula angustifolia oil, iris germanica root extract, alpha-isomethyl ionone, benzyl salicylate, coumarin, hexyl cinnamal, limonene, linalool, Cl 60730, Cl 17200.<\/p>\n<\/div>\n<\/div>","protected":false},"excerpt":{"rendered":"<p>Relaxeaza-te cu acest gel de dus aromat ce con\u021bine ulei esen\u021bial de lavand\u0103, Ylang Ylang \u0219i nucu\u0219oar\u0103. Las\u0103-te \u00eenv\u0103luit\u0103 de parfumul s\u0103u sublim.<\/p>","protected":false},"featured_media":25469,"comment_status":"open","ping_status":"closed","template":"","meta":{"_acf_changed":false,"_seopress_robots_primary_cat":"none","_seopress_titles_title":"","_seopress_titles_desc":"Livrare rapida Palmolive gel de dus aromatic cu ulei esential de levantica,Ylang-Ylang si cardamom.. Pret avantajos. Gel relaxant.","_seopress_robots_index":""},"product_brand":[1892],"product_cat":[1558,1717],"giftcard-category":[],"class_list":{"0":"post-25468","1":"product","2":"type-product","3":"status-publish","4":"has-post-thumbnail","6":"product_brand-palmolive","7":"product_cat-cosmetice-sanatate","8":"product_cat-deodorante-gel-dus","10":"first","11":"outofstock","12":"taxable","13":"shipping-taxable","14":"purchasable","15":"product-type-simple"},"acf":[],"_links":{"self":[{"href":"https:\/\/totalblue.ro\/en\/wp-json\/wp\/v2\/product\/25468","targetHints":{"allow":["GET"]}}],"collection":[{"href":"https:\/\/totalblue.ro\/en\/wp-json\/wp\/v2\/product"}],"about":[{"href":"https:\/\/totalblue.ro\/en\/wp-json\/wp\/v2\/types\/product"}],"replies":[{"embeddable":true,"href":"https:\/\/totalblue.ro\/en\/wp-json\/wp\/v2\/comments?post=25468"}],"wp:featuredmedia":[{"embeddable":true,"href":"https:\/\/totalblue.ro\/en\/wp-json\/wp\/v2\/media\/25469"}],"wp:attachment":[{"href":"https:\/\/totalblue.ro\/en\/wp-json\/wp\/v2\/media?parent=25468"}],"wp:term":[{"taxonomy":"product_brand","embeddable":true,"href":"https:\/\/totalblue.ro\/en\/wp-json\/wp\/v2\/product_brand?post=25468"},{"taxonomy":"product_cat","embeddable":true,"href":"https:\/\/totalblue.ro\/en\/wp-json\/wp\/v2\/product_cat?post=25468"},{"taxonomy":"giftcard-category","embeddable":true,"href":"https:\/\/totalblue.ro\/en\/wp-json\/wp\/v2\/giftcard-category?post=25468"}],"curies":[{"name":"wp","href":"https:\/\/api.w.org\/{rel}","templated":true}]}}