{"id":25475,"date":"2020-09-16T16:29:15","date_gmt":"2020-09-16T13:29:15","guid":{"rendered":"https:\/\/totalblue.ro\/?post_type=product&#038;p=25475"},"modified":"2023-01-30T10:25:06","modified_gmt":"2023-01-30T08:25:06","slug":"fa-gel-de-dus-pink-passion-trandafiri-250-ml","status":"publish","type":"product","link":"https:\/\/totalblue.ro\/en\/produs\/fa-gel-de-dus-pink-passion-trandafiri-250-ml\/","title":{"rendered":"Fa Gel de dus Pink Passion Trandafiri 250 ml"},"content":{"rendered":"<div>\n<div>\n<div class=\"richText component section richText-center-below-desktop richText-no-margin odd col-xs-12\">\n<div class=\"component-content\">\n<div class=\"richText-content\">Descopera o senzatie unica la dus si lasa-te inconjurata de parfumul fascinant de trandafiri. Formula de ingrijire bogata si cremoasa confera o senzatie delicata pentru piele.<br \/>\npH neutru compatibil cu pielea.<\/div>\n<\/div>\n<\/div>\n<p><strong>How to use<\/strong>: Se aplic\u0103 pe pielea umed\u0103, se maseaz\u0103 u\u0219or \u0219i se cl\u0103te\u0219te cu ap\u0103 din abunden\u021b\u0103. Testat dermatologic.<br \/>\nBrand: Fa<br \/>\n<strong><br \/>\nPrecautii:<br \/>\n<\/strong>\u00a0A se pastra in incaperi uscate, ferite de surse directe de caldura sau inghet. A se utiliza, de preferinta, inainte de data inscriptionata pe ambalaj.<\/p>\n<\/div>\n<\/div>","protected":false},"excerpt":{"rendered":"<p>Descopera o senzatie unica la dus si lasa-te inconjurata de parfumul fascinant de trandafiri. Formula de ingrijire bogata si cremoasa confera o senzatie delicata pentru piele.<\/p>","protected":false},"featured_media":25476,"comment_status":"open","ping_status":"closed","template":"","meta":{"_acf_changed":false,"_seopress_robots_primary_cat":"none","_seopress_titles_title":"","_seopress_titles_desc":"Livrare rapida Fa gel de dus Pink Passion Trandafiri. Gel de dus pret avantajos. Formula cremoasa ce previne uscarea pielii.","_seopress_robots_index":""},"product_brand":[1839],"product_cat":[1558,1717],"giftcard-category":[],"class_list":{"0":"post-25475","1":"product","2":"type-product","3":"status-publish","4":"has-post-thumbnail","6":"product_brand-fa","7":"product_cat-cosmetice-sanatate","8":"product_cat-deodorante-gel-dus","10":"first","11":"outofstock","12":"taxable","13":"shipping-taxable","14":"purchasable","15":"product-type-simple"},"acf":[],"_links":{"self":[{"href":"https:\/\/totalblue.ro\/en\/wp-json\/wp\/v2\/product\/25475","targetHints":{"allow":["GET"]}}],"collection":[{"href":"https:\/\/totalblue.ro\/en\/wp-json\/wp\/v2\/product"}],"about":[{"href":"https:\/\/totalblue.ro\/en\/wp-json\/wp\/v2\/types\/product"}],"replies":[{"embeddable":true,"href":"https:\/\/totalblue.ro\/en\/wp-json\/wp\/v2\/comments?post=25475"}],"wp:featuredmedia":[{"embeddable":true,"href":"https:\/\/totalblue.ro\/en\/wp-json\/wp\/v2\/media\/25476"}],"wp:attachment":[{"href":"https:\/\/totalblue.ro\/en\/wp-json\/wp\/v2\/media?parent=25475"}],"wp:term":[{"taxonomy":"product_brand","embeddable":true,"href":"https:\/\/totalblue.ro\/en\/wp-json\/wp\/v2\/product_brand?post=25475"},{"taxonomy":"product_cat","embeddable":true,"href":"https:\/\/totalblue.ro\/en\/wp-json\/wp\/v2\/product_cat?post=25475"},{"taxonomy":"giftcard-category","embeddable":true,"href":"https:\/\/totalblue.ro\/en\/wp-json\/wp\/v2\/giftcard-category?post=25475"}],"curies":[{"name":"wp","href":"https:\/\/api.w.org\/{rel}","templated":true}]}}