{"id":25510,"date":"2020-09-17T15:54:46","date_gmt":"2020-09-17T12:54:46","guid":{"rendered":"https:\/\/totalblue.ro\/?post_type=product&#038;p=25510"},"modified":"2025-02-27T14:56:35","modified_gmt":"2025-02-27T12:56:35","slug":"roshen-esmeralda-biscuiti-cu-bucatele-de-ciocolata-150-g","status":"publish","type":"product","link":"https:\/\/totalblue.ro\/en\/produs\/roshen-esmeralda-biscuiti-cu-bucatele-de-ciocolata-150-g\/","title":{"rendered":"Lovita Roshen Biscuiti cacao cu bucatele de ciocolata 150 g"},"content":{"rendered":"<p>Roshen Esmeralda Biscuiti cu bucatele de ciocolata 150 g<br \/>\nBrand: Roshen<br \/>\nCantitate: 150 grame.<br \/>\nAmbalat in atmosfera protectoare.<br \/>\n<strong>Ingredient:<\/strong><br \/>\nBuc\u0103\u021bi de glazur\u0103 de ciocolat\u0103 28% (zah\u0103r, gr\u0103simi vegetale (ulei de s\u00e2mburi de palmier hidrogenat), pudra de cacao cu con\u021binut redus de gr\u0103simi 13,5%, emulsifiant &#8211; lecitin\u0103 de soia, arom\u0103), f\u0103in\u0103 de gr\u00e2u c\/s, margarin\u0103 (ulei de palmier hidrogenat, emulsifiant lecitin\u0103 de soia), zah\u0103r, amidon de porumb, agen\u021bi de af\u00e2nare (praf de copt (agen\u021bi de af\u00e2nare (dihidrat pirofosfat de sodiu, carbonat de sodiu), f\u0103in\u0103 de orez), bicarbonat de amoniu, dihidrat pirofosfat de sodiu), lapte praf integral, arom\u0103, sare, regulator de aciditate &#8211; acid lactic, extract de coaja de stejar.<br \/>\nAlergeni: Poate contine Ou\u0103, Fructe cu coaj\u0103 lemnoas\u0103, Arahide<br \/>\n<strong>Details of use:<\/strong><br \/>\nA se pastra la loc uscat si racoros, ferit de actiunea directa a soarelui.<\/p>\n<p><strong>Nutrition<\/strong><\/p>\n<div class=\"wrapper-table-responsive m-t-3\">\n<table class=\"table table-striped table-bordered table-responsive TableResponsive responsive\">\n<thead>\n<tr>\n<th>Fats<\/th>\n<th>26.1 g \/100 g<\/th>\n<\/tr>\n<\/thead>\n<tbody>\n<tr>\n<td>Energy value<\/td>\n<td>503 kcal\/100 g<\/td>\n<\/tr>\n<tr>\n<td>Carbohydrate<\/td>\n<td>60.2 g\/100 g<\/td>\n<\/tr>\n<tr>\n<td>Sodium<\/td>\n<td>0.86 g\/100 g<\/td>\n<\/tr>\n<tr>\n<td>Protein<\/td>\n<td>4.9 g\/100 g<\/td>\n<\/tr>\n<tr>\n<td>Zaharuri<\/td>\n<td>36.3 g\/100 g<\/td>\n<\/tr>\n<\/tbody>\n<\/table>\n<\/div>","protected":false},"excerpt":{"rendered":"<p>Roshen Esmeralda Biscuiti cu bucatele de ciocolata 150 g<\/p>","protected":false},"featured_media":45805,"comment_status":"open","ping_status":"closed","template":"","meta":{"_acf_changed":false,"_seopress_robots_primary_cat":"none","_seopress_titles_title":"","_seopress_titles_desc":"Cauti biscuiti Roshen Esmeralda Biscuiti cu bucatele de ciocolata 150 g? Livrare rapida, pret avantajos. Livrare gratuita!","_seopress_robots_index":""},"product_brand":[1907],"product_cat":[1555],"giftcard-category":[],"class_list":{"0":"post-25510","1":"product","2":"type-product","3":"status-publish","4":"has-post-thumbnail","6":"product_brand-roshen","7":"product_cat-bacanie","9":"first","10":"outofstock","11":"taxable","12":"shipping-taxable","13":"purchasable","14":"product-type-simple"},"acf":[],"_links":{"self":[{"href":"https:\/\/totalblue.ro\/en\/wp-json\/wp\/v2\/product\/25510","targetHints":{"allow":["GET"]}}],"collection":[{"href":"https:\/\/totalblue.ro\/en\/wp-json\/wp\/v2\/product"}],"about":[{"href":"https:\/\/totalblue.ro\/en\/wp-json\/wp\/v2\/types\/product"}],"replies":[{"embeddable":true,"href":"https:\/\/totalblue.ro\/en\/wp-json\/wp\/v2\/comments?post=25510"}],"wp:featuredmedia":[{"embeddable":true,"href":"https:\/\/totalblue.ro\/en\/wp-json\/wp\/v2\/media\/45805"}],"wp:attachment":[{"href":"https:\/\/totalblue.ro\/en\/wp-json\/wp\/v2\/media?parent=25510"}],"wp:term":[{"taxonomy":"product_brand","embeddable":true,"href":"https:\/\/totalblue.ro\/en\/wp-json\/wp\/v2\/product_brand?post=25510"},{"taxonomy":"product_cat","embeddable":true,"href":"https:\/\/totalblue.ro\/en\/wp-json\/wp\/v2\/product_cat?post=25510"},{"taxonomy":"giftcard-category","embeddable":true,"href":"https:\/\/totalblue.ro\/en\/wp-json\/wp\/v2\/giftcard-category?post=25510"}],"curies":[{"name":"wp","href":"https:\/\/api.w.org\/{rel}","templated":true}]}}