{"id":25709,"date":"2020-10-13T16:35:52","date_gmt":"2020-10-13T13:35:52","guid":{"rendered":"https:\/\/totalblue.ro\/?post_type=product&#038;p=25709"},"modified":"2025-08-05T12:48:00","modified_gmt":"2025-08-05T09:48:00","slug":"belin-ceai-de-menta-20-pliculete","status":"publish","type":"product","link":"https:\/\/totalblue.ro\/en\/produs\/belin-ceai-de-menta-20-pliculete\/","title":{"rendered":"BELiN - Mint tea, 20 sachets"},"content":{"rendered":"<p>BELiN - Mint tea, 20 sachets<br \/>\n<strong>Ingredient:<\/strong><span lang=\"PL\"> frunze de menta ( Herba Menthae ).<br \/>\n<\/span>Gramaj: 36 g<\/p>\n<table border=\"1\" cellspacing=\"0\" cellpadding=\"0\">\n<tbody>\n<tr>\n<td>Uz intern<\/td>\n<td>Uz extern<\/td>\n<\/tr>\n<tr>\n<td>&#8211; sus\u021bine digestia, stimul\u00e2nd secre\u021biile gastrice \u0219i contribuind, \u00een acest fel, la reglarea tranzitului \u0219i la func\u021bionarea normal\u0103 a tractului intestinal<br \/>\n&#8211; contribuie la crearea unei st\u0103ri generale de bine elimin\u00e2nd disconfortul gastro-intestinal (st\u0103ri de grea\u021b\u0103 si vom\u0103, balonare \u0219i flatulen\u021b\u0103) \u0219i asigur\u00e2nd condi\u021bii optime instal\u0103rii unei st\u0103ri de calm \u0219i relaxare, favorabile desf\u0103\u0219ur\u0103rii normale a activit\u0103\u021bilor intelectuale si regl\u0103rii duratei \u0219i calit\u0103\u021bii somnului.<\/td>\n<td>. &#8211; determin\u0103 dilatarea vaselor sanguine \u0219i relaxarea musculaturii vasculare, contribuie astfel la reducerea proceselor inflamatorii de la nivelul cavit\u0103\u021bii bucale si a sinusurilor<br \/>\n&#8211; elimin\u0103 transpira\u021bia, \u00eenl\u0103tur\u0103 mirosul neplacut al acesteia si revigoreaza zonele tratate<\/td>\n<\/tr>\n<\/tbody>\n<\/table>","protected":false},"excerpt":{"rendered":"<p>BELiN - Mint tea, 20 sachets<\/p>","protected":false},"featured_media":25710,"comment_status":"open","ping_status":"closed","template":"","meta":{"_acf_changed":false,"_seopress_robots_primary_cat":"none","_seopress_titles_title":"","_seopress_titles_desc":"BELiN - Ceai de menta, 20 pliculete .Amestec de fructe si plante pentru infuzie.Produsul nu contine coloranti sintetici.","_seopress_robots_index":""},"product_brand":[1801],"product_cat":[1555,1506],"giftcard-category":[],"class_list":{"0":"post-25709","1":"product","2":"type-product","3":"status-publish","4":"has-post-thumbnail","6":"product_brand-belin","7":"product_cat-bacanie","8":"product_cat-cafea-ceai-mic-dejun","10":"first","11":"outofstock","12":"taxable","13":"shipping-taxable","14":"purchasable","15":"product-type-simple"},"acf":[],"_links":{"self":[{"href":"https:\/\/totalblue.ro\/en\/wp-json\/wp\/v2\/product\/25709","targetHints":{"allow":["GET"]}}],"collection":[{"href":"https:\/\/totalblue.ro\/en\/wp-json\/wp\/v2\/product"}],"about":[{"href":"https:\/\/totalblue.ro\/en\/wp-json\/wp\/v2\/types\/product"}],"replies":[{"embeddable":true,"href":"https:\/\/totalblue.ro\/en\/wp-json\/wp\/v2\/comments?post=25709"}],"wp:featuredmedia":[{"embeddable":true,"href":"https:\/\/totalblue.ro\/en\/wp-json\/wp\/v2\/media\/25710"}],"wp:attachment":[{"href":"https:\/\/totalblue.ro\/en\/wp-json\/wp\/v2\/media?parent=25709"}],"wp:term":[{"taxonomy":"product_brand","embeddable":true,"href":"https:\/\/totalblue.ro\/en\/wp-json\/wp\/v2\/product_brand?post=25709"},{"taxonomy":"product_cat","embeddable":true,"href":"https:\/\/totalblue.ro\/en\/wp-json\/wp\/v2\/product_cat?post=25709"},{"taxonomy":"giftcard-category","embeddable":true,"href":"https:\/\/totalblue.ro\/en\/wp-json\/wp\/v2\/giftcard-category?post=25709"}],"curies":[{"name":"wp","href":"https:\/\/api.w.org\/{rel}","templated":true}]}}