{"id":25791,"date":"2020-10-15T16:37:52","date_gmt":"2020-10-15T13:37:52","guid":{"rendered":"https:\/\/totalblue.ro\/?post_type=product&#038;p=25791"},"modified":"2025-08-07T14:10:40","modified_gmt":"2025-08-07T11:10:40","slug":"whole-chicken-pate-scandia-sibiu-120g","status":"publish","type":"product","link":"https:\/\/totalblue.ro\/en\/produs\/pate-de-pui-integral-scandia-sibiu-120g\/","title":{"rendered":"Scandia Sibiu Sibiu wholemeal chicken p\u00e2t\u00e9 120g"},"content":{"rendered":"<p>Scandia Sibiu Sibiu wholemeal chicken p\u00e2t\u00e9 120g<br \/>\n<strong>Ingredient: <\/strong>Chicken liver (20%), chicken meat, vegetable oil, sunflower non-hydrogenated, vegetable protein from SOY, water, iodised salt, sugar, corn starch, corn starch powder, SMANTANA powder, POTATO powder, onion, spices, garlic.<br \/>\n<strong>Allergens:<\/strong> Soya vegetable protein, gluten, lactose.<br \/>\n<strong>Nutrition:<br \/>\n<\/strong><\/p>\n<table class=\"table table-striped table-bordered table-responsive TableResponsive responsive\" style=\"height: 204px\" width=\"447\">\n<thead>\n<tr>\n<th>Fats<\/th>\n<th>16.9 g\/100 g<\/th>\n<\/tr>\n<\/thead>\n<tbody>\n<tr>\n<td>Energy value<\/td>\n<td>208 kcal\/100 g<\/td>\n<\/tr>\n<tr>\n<td>Carbohydrate<\/td>\n<td>4.2 g\/100 g<\/td>\n<\/tr>\n<tr>\n<td>Fibre<\/td>\n<td>1 g\/100 g<\/td>\n<\/tr>\n<tr>\n<td>Sodium<\/td>\n<td>1.4 g\/100 g<\/td>\n<\/tr>\n<tr>\n<td>Protein<\/td>\n<td>9.3 g\/100 g<\/td>\n<\/tr>\n<tr>\n<td>Saturated fats<\/td>\n<td>2.7 g\/100 g<\/td>\n<\/tr>\n<\/tbody>\n<\/table>\n<p><strong>\u00a0<\/strong><\/p>","protected":false},"excerpt":{"rendered":"<p>Scandia Sibiu Sibiu wholemeal chicken p\u00e2t\u00e9 120g<\/p>","protected":false},"featured_media":25792,"comment_status":"open","ping_status":"closed","template":"","meta":{"_acf_changed":false,"_seopress_robots_primary_cat":"none","_seopress_titles_title":"","_seopress_titles_desc":"Pate de pui integral Scandia Sibiu 120g livrare rapida din stoc Bucuresti! Preturi mici, transport gratuit","_seopress_robots_index":""},"product_brand":[1914],"product_cat":[1555,1683],"giftcard-category":[],"class_list":{"0":"post-25791","1":"product","2":"type-product","3":"status-publish","4":"has-post-thumbnail","6":"product_brand-scandia-sibiu","7":"product_cat-bacanie","8":"product_cat-conserve-mancare-gatita","10":"first","11":"outofstock","12":"taxable","13":"shipping-taxable","14":"purchasable","15":"product-type-simple"},"acf":[],"_links":{"self":[{"href":"https:\/\/totalblue.ro\/en\/wp-json\/wp\/v2\/product\/25791","targetHints":{"allow":["GET"]}}],"collection":[{"href":"https:\/\/totalblue.ro\/en\/wp-json\/wp\/v2\/product"}],"about":[{"href":"https:\/\/totalblue.ro\/en\/wp-json\/wp\/v2\/types\/product"}],"replies":[{"embeddable":true,"href":"https:\/\/totalblue.ro\/en\/wp-json\/wp\/v2\/comments?post=25791"}],"wp:featuredmedia":[{"embeddable":true,"href":"https:\/\/totalblue.ro\/en\/wp-json\/wp\/v2\/media\/25792"}],"wp:attachment":[{"href":"https:\/\/totalblue.ro\/en\/wp-json\/wp\/v2\/media?parent=25791"}],"wp:term":[{"taxonomy":"product_brand","embeddable":true,"href":"https:\/\/totalblue.ro\/en\/wp-json\/wp\/v2\/product_brand?post=25791"},{"taxonomy":"product_cat","embeddable":true,"href":"https:\/\/totalblue.ro\/en\/wp-json\/wp\/v2\/product_cat?post=25791"},{"taxonomy":"giftcard-category","embeddable":true,"href":"https:\/\/totalblue.ro\/en\/wp-json\/wp\/v2\/giftcard-category?post=25791"}],"curies":[{"name":"wp","href":"https:\/\/api.w.org\/{rel}","templated":true}]}}