{"id":25866,"date":"2020-10-23T11:53:57","date_gmt":"2020-10-23T08:53:57","guid":{"rendered":"https:\/\/totalblue.ro\/?post_type=product&#038;p=25866"},"modified":"2025-08-05T11:58:43","modified_gmt":"2025-08-05T08:58:43","slug":"alex-star-ciuperci-intregi-280-g","status":"publish","type":"product","link":"https:\/\/totalblue.ro\/en\/produs\/alex-star-ciuperci-intregi-280-g\/","title":{"rendered":"Alex Star Ciuperci intregi 280 g"},"content":{"rendered":"<p>Alex Star Ciuperci intregi 280 g<\/p>\n<div class=\"gdlr-core-pbf-column-content clearfix gdlr-core-js gdlr-core-sync-height-content\">\n<div class=\"gdlr-core-pbf-element\">\n<div class=\"gdlr-core-text-box-item gdlr-core-item-pdlr gdlr-core-item-pdb gdlr-core-left-align textdetaliiprodus\">\n<div class=\"gdlr-core-text-box-item-content\">\n<table border=\"1\" width=\"0\" cellspacing=\"0\" cellpadding=\"2\">\n<tbody>\n<tr>\n<td valign=\"top\" width=\"224\">Cantitate net\u0103:<\/td>\n<td valign=\"top\" width=\"161\">280 g<\/td>\n<\/tr>\n<tr>\n<td valign=\"top\" width=\"224\">Capacitate recipient:<\/td>\n<td valign=\"top\" width=\"161\">314 ml<\/td>\n<\/tr>\n<tr>\n<td valign=\"top\" width=\"224\">Cantitate net\u0103 f\u0103r\u0103 lichid:<\/td>\n<td valign=\"top\" width=\"161\">150 g<\/td>\n<\/tr>\n<\/tbody>\n<\/table>\n<\/div>\n<\/div>\n<\/div>\n<div class=\"gdlr-core-pbf-element\">\n<div class=\"gdlr-core-text-box-item gdlr-core-item-pdlr gdlr-core-item-pdb gdlr-core-left-align textdetaliiprodus\">\n<div class=\"gdlr-core-text-box-item-content\">\n<p>INGREDIENTE:<br \/>\nciuperci\u00a0\u00eentregi (Agaricus Bisporus), ap\u0103, sare, corector de aciditate: acid citric, antioxidant: acid ascorbic<\/p>\n<table border=\"1\" width=\"0\" cellspacing=\"0\" cellpadding=\"2\">\n<tbody>\n<tr>\n<td valign=\"top\" width=\"224\"><strong>VALORI NUTRI\u021aIONALE <\/strong><\/td>\n<td colspan=\"2\" valign=\"top\" width=\"161\"><strong>100 g <\/strong><\/td>\n<\/tr>\n<tr>\n<td valign=\"top\" width=\"224\">Valoare energetic\u0103<\/td>\n<td valign=\"top\" width=\"161\">20 kcal\/82 kJ<\/td>\n<\/tr>\n<tr>\n<td valign=\"top\" width=\"224\">Gr\u0103simi<\/td>\n<td valign=\"top\" width=\"161\">0,50 g<\/td>\n<\/tr>\n<tr>\n<td valign=\"top\" width=\"224\">din care acizi gra\u0219i satura\u021bi<\/td>\n<td valign=\"top\" width=\"161\">&lt;0,10 g<\/td>\n<\/tr>\n<tr>\n<td valign=\"top\" width=\"224\">Carbohydrate<\/td>\n<td valign=\"top\" width=\"161\">0,50 g<\/td>\n<\/tr>\n<tr>\n<td valign=\"top\" width=\"224\">din care zaharuri<\/td>\n<td valign=\"top\" width=\"161\">&lt;0.10 g<\/td>\n<\/tr>\n<tr>\n<td valign=\"top\" width=\"224\">Fibre<\/td>\n<td valign=\"top\" width=\"161\">2,00 g<\/td>\n<\/tr>\n<tr>\n<td valign=\"top\" width=\"224\">Protein<\/td>\n<td valign=\"top\" width=\"161\">2,30 g<\/td>\n<\/tr>\n<tr>\n<td valign=\"top\" width=\"224\">Sare<\/td>\n<td valign=\"top\" width=\"161\">1,00 g<\/td>\n<\/tr>\n<\/tbody>\n<\/table>\n<\/div>\n<\/div>\n<\/div>\n<\/div>","protected":false},"excerpt":{"rendered":"<p>Alex Star Ciuperci intregi 280 g<\/p>","protected":false},"featured_media":25867,"comment_status":"open","ping_status":"closed","template":"","meta":{"_acf_changed":false,"_seopress_robots_primary_cat":"none","_seopress_titles_title":"","_seopress_titles_desc":"Cauti Alex Star Ciuperci taiate 280 g cu livrare rapida din stoc Bucuresti? Preturi mici, transport gratuit","_seopress_robots_index":""},"product_brand":[1784],"product_cat":[1555,1683],"giftcard-category":[],"class_list":{"0":"post-25866","1":"product","2":"type-product","3":"status-publish","4":"has-post-thumbnail","6":"product_brand-alex-star","7":"product_cat-bacanie","8":"product_cat-conserve-mancare-gatita","10":"first","11":"outofstock","12":"taxable","13":"shipping-taxable","14":"purchasable","15":"product-type-simple"},"acf":[],"_links":{"self":[{"href":"https:\/\/totalblue.ro\/en\/wp-json\/wp\/v2\/product\/25866","targetHints":{"allow":["GET"]}}],"collection":[{"href":"https:\/\/totalblue.ro\/en\/wp-json\/wp\/v2\/product"}],"about":[{"href":"https:\/\/totalblue.ro\/en\/wp-json\/wp\/v2\/types\/product"}],"replies":[{"embeddable":true,"href":"https:\/\/totalblue.ro\/en\/wp-json\/wp\/v2\/comments?post=25866"}],"wp:featuredmedia":[{"embeddable":true,"href":"https:\/\/totalblue.ro\/en\/wp-json\/wp\/v2\/media\/25867"}],"wp:attachment":[{"href":"https:\/\/totalblue.ro\/en\/wp-json\/wp\/v2\/media?parent=25866"}],"wp:term":[{"taxonomy":"product_brand","embeddable":true,"href":"https:\/\/totalblue.ro\/en\/wp-json\/wp\/v2\/product_brand?post=25866"},{"taxonomy":"product_cat","embeddable":true,"href":"https:\/\/totalblue.ro\/en\/wp-json\/wp\/v2\/product_cat?post=25866"},{"taxonomy":"giftcard-category","embeddable":true,"href":"https:\/\/totalblue.ro\/en\/wp-json\/wp\/v2\/giftcard-category?post=25866"}],"curies":[{"name":"wp","href":"https:\/\/api.w.org\/{rel}","templated":true}]}}