{"id":26271,"date":"2020-11-23T16:33:53","date_gmt":"2020-11-23T14:33:53","guid":{"rendered":"https:\/\/totalblue.ro\/?post_type=product&#038;p=26271"},"modified":"2024-04-17T10:21:37","modified_gmt":"2024-04-17T07:21:37","slug":"delikat-bors-magic-cu-legume-65-grame","status":"publish","type":"product","link":"https:\/\/totalblue.ro\/en\/produs\/delikat-bors-magic-cu-legume-65-grame\/","title":{"rendered":"DELiK&#8217;AT Bors Magic cu Legume 65 grame"},"content":{"rendered":"<p>Incearca o ciorba de legume taraneasca sau un bors de legume moldovenesc, imbogatit cu morcovi, radacina de leustean, patrunjel, pastarnac, seminte de telina si praz. Cu Delikat Bors Magic cu legume, fara conservanti sau coloranti, transformi o ciorba normala intr-o bucurie a gustului de acasa, acru autentic.<br \/>\nIngredient<br \/>\nsare, acidifiant (acid citric, acid lactic), zah\u0103r, amidon de porumb, t\u0103r\u00e2\u0163e de GR\u00c2U (4,9%), regulator de aciditate (lactat de calciu), legume (4,6%) (\u00een propor\u0163ii variabile: morcov, p\u0103st\u00e2rnac, r\u0103d\u0103cin\u0103 de leu\u015ftean, praz), semin\u0163e de \u0162ELIN\u0102, gr\u0103sime vegetal\u0103 de palmier, p\u0103trunjel, f\u0103in\u0103 de porumb (0,1%), colorant (riboflavin\u0103). Poate con\u0163ine: LAPTE, OU, MU\u015eTAR, SOIA.<br \/>\nAllergens<br \/>\nGRAU, TELIN\u0102, LAPTE, OU, MU\u0218TAR, SOIA.<\/p>","protected":false},"excerpt":{"rendered":"<p>Incearca o ciorba de legume taraneasca sau un bors de legume moldovenesc, imbogatit cu morcovi, radacina de leustean, patrunjel, pastarnac, seminte de telina si praz. Cu Delikat Bors Magic cu legume, fara conservanti sau coloranti, transformi o ciorba normala intr-o bucurie a gustului de acasa, acru autentic.<\/p>","protected":false},"featured_media":26272,"comment_status":"open","ping_status":"closed","template":"","meta":{"_acf_changed":false,"_seopress_robots_primary_cat":"1451","_seopress_titles_title":"","_seopress_titles_desc":"Cauti DELiK'AT Bors Magic Original? Livrare rapida DELiK'AT Bors Magic Original 9 grame, transport gratuit , livrare rapida.","_seopress_robots_index":""},"product_brand":[1824],"product_cat":[1555,1451],"giftcard-category":[],"class_list":{"0":"post-26271","1":"product","2":"type-product","3":"status-publish","4":"has-post-thumbnail","6":"product_brand-delikat","7":"product_cat-bacanie","8":"product_cat-condimente-produse-instant","10":"first","11":"outofstock","12":"taxable","13":"shipping-taxable","14":"purchasable","15":"product-type-simple"},"acf":[],"_links":{"self":[{"href":"https:\/\/totalblue.ro\/en\/wp-json\/wp\/v2\/product\/26271","targetHints":{"allow":["GET"]}}],"collection":[{"href":"https:\/\/totalblue.ro\/en\/wp-json\/wp\/v2\/product"}],"about":[{"href":"https:\/\/totalblue.ro\/en\/wp-json\/wp\/v2\/types\/product"}],"replies":[{"embeddable":true,"href":"https:\/\/totalblue.ro\/en\/wp-json\/wp\/v2\/comments?post=26271"}],"wp:featuredmedia":[{"embeddable":true,"href":"https:\/\/totalblue.ro\/en\/wp-json\/wp\/v2\/media\/26272"}],"wp:attachment":[{"href":"https:\/\/totalblue.ro\/en\/wp-json\/wp\/v2\/media?parent=26271"}],"wp:term":[{"taxonomy":"product_brand","embeddable":true,"href":"https:\/\/totalblue.ro\/en\/wp-json\/wp\/v2\/product_brand?post=26271"},{"taxonomy":"product_cat","embeddable":true,"href":"https:\/\/totalblue.ro\/en\/wp-json\/wp\/v2\/product_cat?post=26271"},{"taxonomy":"giftcard-category","embeddable":true,"href":"https:\/\/totalblue.ro\/en\/wp-json\/wp\/v2\/giftcard-category?post=26271"}],"curies":[{"name":"wp","href":"https:\/\/api.w.org\/{rel}","templated":true}]}}