{"id":26314,"date":"2020-11-25T10:20:41","date_gmt":"2020-11-25T08:20:41","guid":{"rendered":"https:\/\/totalblue.ro\/?post_type=product&#038;p=26314"},"modified":"2025-08-06T09:43:15","modified_gmt":"2025-08-06T06:43:15","slug":"hellmanns-sos-kebab-creamy-style-256g","status":"publish","type":"product","link":"https:\/\/totalblue.ro\/en\/produs\/hellmanns-sos-kebab-creamy-style-256g\/","title":{"rendered":"Hellmann&#8217;s Sos kebab creamy style 256g"},"content":{"rendered":"<p>Inspirat din bucataria orientala, un sos pe baza de iaurt, potrivit cu obiceiurile de consum din Romania, unde consumatorul este familiar cu preparatele orientale si cu un mix echilibrat de condimente specific acestei buc\u0103tarii.<br \/>\nIngrediente: ap\u0103, ulei vegetal de rapi\u0163\u0103, iaurt din LAPTE degresat, o\u0163et cu verde\u0163uri (o\u0163et, extract de verde\u0163uri), o\u0163et, amidon modificat de porumb, usturoi, g\u0103lbenu\u015f de OU, sare, condimente (chimion, cardamom, ardei iute cayenne), p\u0103trunjel, arome, antioxidant (calciu disodiu etilendiamin\u0103).<br \/>\nAlergeni: lapte, ou<\/p>","protected":false},"excerpt":{"rendered":"<p>Inspirat din bucataria orientala, un sos pe baza de iaurt, potrivit cu obiceiurile de consum din Romania, unde consumatorul este familiar cu preparatele orientale si cu un mix echilibrat de condimente specific acestei buc\u0103tarii.<\/p>","protected":false},"featured_media":26315,"comment_status":"open","ping_status":"closed","template":"","meta":{"_acf_changed":false,"_seopress_robots_primary_cat":"none","_seopress_titles_title":"","_seopress_titles_desc":"Inspirat din bucataria orientala, un sos pe baza de iaurt, potrivit cu obiceiurile de consum din Romania.","_seopress_robots_index":""},"product_brand":[1852],"product_cat":[1555],"giftcard-category":[],"class_list":{"0":"post-26314","1":"product","2":"type-product","3":"status-publish","4":"has-post-thumbnail","6":"product_brand-hellmanns","7":"product_cat-bacanie","9":"first","10":"outofstock","11":"taxable","12":"shipping-taxable","13":"purchasable","14":"product-type-simple"},"acf":[],"_links":{"self":[{"href":"https:\/\/totalblue.ro\/en\/wp-json\/wp\/v2\/product\/26314","targetHints":{"allow":["GET"]}}],"collection":[{"href":"https:\/\/totalblue.ro\/en\/wp-json\/wp\/v2\/product"}],"about":[{"href":"https:\/\/totalblue.ro\/en\/wp-json\/wp\/v2\/types\/product"}],"replies":[{"embeddable":true,"href":"https:\/\/totalblue.ro\/en\/wp-json\/wp\/v2\/comments?post=26314"}],"wp:featuredmedia":[{"embeddable":true,"href":"https:\/\/totalblue.ro\/en\/wp-json\/wp\/v2\/media\/26315"}],"wp:attachment":[{"href":"https:\/\/totalblue.ro\/en\/wp-json\/wp\/v2\/media?parent=26314"}],"wp:term":[{"taxonomy":"product_brand","embeddable":true,"href":"https:\/\/totalblue.ro\/en\/wp-json\/wp\/v2\/product_brand?post=26314"},{"taxonomy":"product_cat","embeddable":true,"href":"https:\/\/totalblue.ro\/en\/wp-json\/wp\/v2\/product_cat?post=26314"},{"taxonomy":"giftcard-category","embeddable":true,"href":"https:\/\/totalblue.ro\/en\/wp-json\/wp\/v2\/giftcard-category?post=26314"}],"curies":[{"name":"wp","href":"https:\/\/api.w.org\/{rel}","templated":true}]}}