{"id":26556,"date":"2020-12-23T13:01:59","date_gmt":"2020-12-23T11:01:59","guid":{"rendered":"https:\/\/totalblue.ro\/?post_type=product&#038;p=26556"},"modified":"2026-05-09T20:06:44","modified_gmt":"2026-05-09T17:06:44","slug":"supa-copioasa-de-mazare-cu-carnati-unox-olanda","status":"publish","type":"product","link":"https:\/\/totalblue.ro\/en\/produs\/supa-copioasa-de-mazare-cu-carnati-unox-olanda\/","title":{"rendered":"Pea soup with hot dogs Unox Netherlands 800 ml"},"content":{"rendered":"<p>Cantitate ideala pentru 2-3 portii de supa.<\/p>\n<p>Unox Netherlands hearty pea soup with hotdogs - ready to prepare<br \/>\nUnox pea soup is a traditional Dutch pea soup with lots of tasty vegetables and smoked meat.<br \/>\nDutch brand Unox has been producing the best Dutch soups since 1957.  As Unox is continuously working on improving its products, in addition to the classic soups, we find a wide range of delicious ready-made soups.<br \/>\n<strong>Preparation:<\/strong> Do not microwave the packaging! Do not cook the soup! Put the soup in a bowl and heat in the microwave for 3 minutes at approx. 600 watts or heat directly in a saucepan or pot stirring gently. After heating is ready to savour!<br \/>\n<strong>Ingredient:<\/strong> Legume 67,4% (mazare 56,1%, morcov, praz, ceapa, FRUNZI), ap\u0103, c\u00e2rna\u021bi afuma\u021bi 10,6% (carne de porc 81%, carne separatoare de porc 9%, ap\u0103, gr\u0103sime de porc, sare, stabilizator (E451, E452 ), dextroz\u0103, zah\u0103r, colagen de porc, fum de lemn, aromatizant, conservant E250), cartof, ulei de rapi\u021b\u0103, sare, amidon de porumb modificat, extract de drojdie (con\u021bine ORZ), fructoz\u0103, arom\u0103 de fum, maltodextrin\u0103, frunze de dafin, o\u021bet balsamic (o\u021bet de vin, must de struguri), extract de vin alb , radacina de patrunjel. Poate con\u021bine ou, lapte, soia, mu\u0219tar.<br \/>\nStore in a dry and cool place. After opening, keep covered in the refrigerator and consume within 48h.<br \/>\n<strong>Allergens:<\/strong> contains barley, celery. May contain egg, milk, soya, mustard.<br \/>\nO cutie de supa contine aproximativ 2-3 portii. O portie aproximativ 179g.<br \/>\nManufactured in the Netherlands by Unilever Nederland Unox, Postbus 160 3000 AD AD Rotterdam<br \/>\nImporter and distributor Total Blue Impex SRL<br \/>\n<strong>Nutrition:<\/strong><br \/>\nEnergy 362 kJ (87 kcal)<br \/>\nFat 3.8 g of which saturated 0.8 g<br \/>\nCarbohydrate 7 g of which sugars 1.4 g<br \/>\nDietary fibre 2.6 g<br \/>\nProtein 4.7 g<br \/>\nSare 0,73 g<\/p>\n<p>Manufactured in the Netherlands by Unilever Nederland Unox, Postbus 160 3000 AD AD Rotterdam<br \/>\nImporter and distributor Total Blue Impex SRL<\/p>\n<p>&nbsp;<\/p>","protected":false},"excerpt":{"rendered":"<p>Unox Stevige Erwten Soep 800ml<br \/>\nSupa copioasa de mazare cu carnati Unox Olanda 800ml &#8211; gata preparata<br \/>\nUnox pea soup is a traditional Dutch pea soup with lots of tasty vegetables and smoked meat.<\/p>","protected":false},"featured_media":26557,"comment_status":"open","ping_status":"closed","template":"","meta":{"_acf_changed":false,"_seopress_robots_primary_cat":"none","_seopress_titles_title":"Supa de mazare cu crenvursti Unox Olanda 800 ml","_seopress_titles_desc":"Cauti produse olandeze? Cumpara acum specialitati olandeze cu livrare rapida, Supa de mazare cu crenvursti Unox Olanda, supa de mazare.","_seopress_robots_index":""},"product_brand":[1925],"product_cat":[1555,1683,3272,1767],"giftcard-category":[],"class_list":{"0":"post-26556","1":"product","2":"type-product","3":"status-publish","4":"has-post-thumbnail","6":"product_brand-unox","7":"product_cat-bacanie","8":"product_cat-conserve-mancare-gatita","9":"product_cat-conserve","10":"product_cat-produse-olanda","12":"first","13":"instock","14":"taxable","15":"shipping-taxable","16":"purchasable","17":"product-type-simple"},"acf":[],"_links":{"self":[{"href":"https:\/\/totalblue.ro\/en\/wp-json\/wp\/v2\/product\/26556","targetHints":{"allow":["GET"]}}],"collection":[{"href":"https:\/\/totalblue.ro\/en\/wp-json\/wp\/v2\/product"}],"about":[{"href":"https:\/\/totalblue.ro\/en\/wp-json\/wp\/v2\/types\/product"}],"replies":[{"embeddable":true,"href":"https:\/\/totalblue.ro\/en\/wp-json\/wp\/v2\/comments?post=26556"}],"wp:featuredmedia":[{"embeddable":true,"href":"https:\/\/totalblue.ro\/en\/wp-json\/wp\/v2\/media\/26557"}],"wp:attachment":[{"href":"https:\/\/totalblue.ro\/en\/wp-json\/wp\/v2\/media?parent=26556"}],"wp:term":[{"taxonomy":"product_brand","embeddable":true,"href":"https:\/\/totalblue.ro\/en\/wp-json\/wp\/v2\/product_brand?post=26556"},{"taxonomy":"product_cat","embeddable":true,"href":"https:\/\/totalblue.ro\/en\/wp-json\/wp\/v2\/product_cat?post=26556"},{"taxonomy":"giftcard-category","embeddable":true,"href":"https:\/\/totalblue.ro\/en\/wp-json\/wp\/v2\/giftcard-category?post=26556"}],"curies":[{"name":"wp","href":"https:\/\/api.w.org\/{rel}","templated":true}]}}