{"id":26677,"date":"2020-12-29T13:22:06","date_gmt":"2020-12-29T11:22:06","guid":{"rendered":"https:\/\/totalblue.ro\/?post_type=product&#038;p=26677"},"modified":"2025-08-07T13:52:21","modified_gmt":"2025-08-07T10:52:21","slug":"raureni-fasole-verde-taiata-720ml","status":"publish","type":"product","link":"https:\/\/totalblue.ro\/en\/produs\/raureni-fasole-verde-taiata-720ml\/","title":{"rendered":"Raureni &#8211; Fasole verde taiata 720ml"},"content":{"rendered":"<p>Raureni &#8211; Fasole verde taiata 720ml<br \/>\nIngrediente: Fasole verde, apa, sare neiodata.<br \/>\nStore in a cool dry place.<\/p>","protected":false},"excerpt":{"rendered":"<p>Raureni &#8211; Fasole verde taiata 720ml<\/p>","protected":false},"featured_media":26678,"comment_status":"open","ping_status":"closed","template":"","meta":{"_acf_changed":false,"_seopress_robots_primary_cat":"none","_seopress_titles_title":"","_seopress_titles_desc":". F\u0103r\u0103 conservan\u0163i, bogat\u0103 \u00een fibre. livrare rapida din stoc Bucuresti! Preturi mici, transport gratuit","_seopress_robots_index":""},"product_brand":[1904],"product_cat":[1555,1683],"giftcard-category":[],"class_list":{"0":"post-26677","1":"product","2":"type-product","3":"status-publish","4":"has-post-thumbnail","6":"product_brand-raureni","7":"product_cat-bacanie","8":"product_cat-conserve-mancare-gatita","10":"first","11":"outofstock","12":"taxable","13":"shipping-taxable","14":"purchasable","15":"product-type-simple"},"acf":[],"_links":{"self":[{"href":"https:\/\/totalblue.ro\/en\/wp-json\/wp\/v2\/product\/26677","targetHints":{"allow":["GET"]}}],"collection":[{"href":"https:\/\/totalblue.ro\/en\/wp-json\/wp\/v2\/product"}],"about":[{"href":"https:\/\/totalblue.ro\/en\/wp-json\/wp\/v2\/types\/product"}],"replies":[{"embeddable":true,"href":"https:\/\/totalblue.ro\/en\/wp-json\/wp\/v2\/comments?post=26677"}],"wp:featuredmedia":[{"embeddable":true,"href":"https:\/\/totalblue.ro\/en\/wp-json\/wp\/v2\/media\/26678"}],"wp:attachment":[{"href":"https:\/\/totalblue.ro\/en\/wp-json\/wp\/v2\/media?parent=26677"}],"wp:term":[{"taxonomy":"product_brand","embeddable":true,"href":"https:\/\/totalblue.ro\/en\/wp-json\/wp\/v2\/product_brand?post=26677"},{"taxonomy":"product_cat","embeddable":true,"href":"https:\/\/totalblue.ro\/en\/wp-json\/wp\/v2\/product_cat?post=26677"},{"taxonomy":"giftcard-category","embeddable":true,"href":"https:\/\/totalblue.ro\/en\/wp-json\/wp\/v2\/giftcard-category?post=26677"}],"curies":[{"name":"wp","href":"https:\/\/api.w.org\/{rel}","templated":true}]}}