{"id":27040,"date":"2021-02-01T09:48:44","date_gmt":"2021-02-01T07:48:44","guid":{"rendered":"https:\/\/totalblue.ro\/?post_type=product&#038;p=27040"},"modified":"2026-02-28T17:21:23","modified_gmt":"2026-02-28T15:21:23","slug":"supa-de-mustar-unox-olanda-570-ml","status":"publish","type":"product","link":"https:\/\/totalblue.ro\/en\/produs\/supa-de-mustar-unox-olanda-570-ml\/","title":{"rendered":"Unox Mustard Soup Holland 570 ml"},"content":{"rendered":"<p>Cantitate ideala pentru 2 portii de supa.<\/p>\n<p>Supa delicoase de mustar Unox Olanda 570 ml<br \/>\nSupa de mustar Unox este una dintre cele mai delicioase supe olandeze.<br \/>\nDutch brand Unox has been producing the best Dutch soups since 1957.  As Unox is continuously working on improving its products, in addition to the classic soups, we find a wide range of delicious ready-made soups.<br \/>\n<strong>Preparation:<\/strong>Do not microwave the packaging! Do not cook the soup! Put the soup in a bowl and heat in the microwave for 3 minutes at approx. 600 watts or heat directly in a saucepan or pot stirring gently. After heating is ready to savour!<br \/>\n<strong>Ingredient:<\/strong> ap\u0103, mu\u0219tar 5,6% (ap\u0103, semin\u021be de mu\u0219tar, o\u021bet, sare, arom\u0103),\u00a0 sl\u0103nin\u0103 3,7% (carne de porc, ap\u0103, sare, conservant (E252, E250), stabilizator E301), amidon de porumb modificat, rapi\u021b\u0103 ulei, ierburi (arpagic, p\u0103trunjel, frunze de dafin),\u00a0 f\u0103in\u0103 de gr\u00e2u, extract de drojdie (con\u021bine ORZ), sare mineral\u0103 (potasiu), sare, stabilizator (E451, E452), arom\u0103, nuc\u0219oar\u0103, extract de vin alb, o\u021bet balsamic (o\u021bet de vin), must de struguri).<br \/>\n<strong>Storage conditions:<\/strong><br \/>\nStore in a cool dry place.<br \/>\nDupa deschidere, a se pastra acoperita in frigider si a se consuma in max 48h.<br \/>\n<strong>Allergens:<\/strong><br \/>\nContine: Lapte, mu\u0219tar, orz, gr\u00e2u<br \/>\nPoate contine: Ou\u0103, soia, \u021belin\u0103<br \/>\nManufactured in the Netherlands by Unilever Nederland Unox, Postbus 160 3000 AD AD Rotterdam<br \/>\nImporter and distributor Total Blue Impex SRL<br \/>\n<strong>Nutrition:<\/strong><br \/>\nEnergie 244 kJ (61 kcal)<br \/>\nGr\u0103sime 4,3 g din care satura\u021bi 1,4 g<br \/>\nCarbohidra\u021bi 3,3 g din care zaharuri 0,8 g<br \/>\nDietary fibre &lt; 0.5 g<br \/>\nProtein 1,6 g<br \/>\nSare 0,67 g<\/p>","protected":false},"excerpt":{"rendered":"<p>Unox Speciaal Romige Mosterd Soep 570ml<br \/>\nSupa delicoase de mustar Unox Olanda 570 ml<\/p>","protected":false},"featured_media":217657,"comment_status":"open","ping_status":"closed","template":"","meta":{"_acf_changed":false,"_seopress_robots_primary_cat":"none","_seopress_titles_title":"","_seopress_titles_desc":"Supa delicoasa de mustar Unox Olanda 570 ml.Supa de mustar Unox este una dintre cele mai delicioase supe olandeze.","_seopress_robots_index":""},"product_brand":[1925],"product_cat":[1555,1683,3272,1767],"giftcard-category":[],"class_list":{"0":"post-27040","1":"product","2":"type-product","3":"status-publish","4":"has-post-thumbnail","6":"product_brand-unox","7":"product_cat-bacanie","8":"product_cat-conserve-mancare-gatita","9":"product_cat-conserve","10":"product_cat-produse-olanda","12":"first","13":"outofstock","14":"taxable","15":"shipping-taxable","16":"purchasable","17":"product-type-simple"},"acf":[],"_links":{"self":[{"href":"https:\/\/totalblue.ro\/en\/wp-json\/wp\/v2\/product\/27040","targetHints":{"allow":["GET"]}}],"collection":[{"href":"https:\/\/totalblue.ro\/en\/wp-json\/wp\/v2\/product"}],"about":[{"href":"https:\/\/totalblue.ro\/en\/wp-json\/wp\/v2\/types\/product"}],"replies":[{"embeddable":true,"href":"https:\/\/totalblue.ro\/en\/wp-json\/wp\/v2\/comments?post=27040"}],"wp:featuredmedia":[{"embeddable":true,"href":"https:\/\/totalblue.ro\/en\/wp-json\/wp\/v2\/media\/217657"}],"wp:attachment":[{"href":"https:\/\/totalblue.ro\/en\/wp-json\/wp\/v2\/media?parent=27040"}],"wp:term":[{"taxonomy":"product_brand","embeddable":true,"href":"https:\/\/totalblue.ro\/en\/wp-json\/wp\/v2\/product_brand?post=27040"},{"taxonomy":"product_cat","embeddable":true,"href":"https:\/\/totalblue.ro\/en\/wp-json\/wp\/v2\/product_cat?post=27040"},{"taxonomy":"giftcard-category","embeddable":true,"href":"https:\/\/totalblue.ro\/en\/wp-json\/wp\/v2\/giftcard-category?post=27040"}],"curies":[{"name":"wp","href":"https:\/\/api.w.org\/{rel}","templated":true}]}}