{"id":27049,"date":"2021-02-01T10:50:54","date_gmt":"2021-02-01T08:50:54","guid":{"rendered":"https:\/\/totalblue.ro\/?post_type=product&#038;p=27049"},"modified":"2025-12-04T16:44:54","modified_gmt":"2025-12-04T14:44:54","slug":"supa-crema-de-ciuperci-de-padure-unox-olanda-570-ml","status":"publish","type":"product","link":"https:\/\/totalblue.ro\/en\/produs\/supa-crema-de-ciuperci-de-padure-unox-olanda-570-ml\/","title":{"rendered":"Unox Holland Cream of mushroom soup 570 ml"},"content":{"rendered":"<p>Cantitate ideala pentru 2 portii de supa.<\/p>\n<p>Supa crema de ciuperci de padure Unox Olanda 570 ml<br \/>\nSupa crema de ciuperci de padure Unox este o supa delicioasa, bogata in arome si preparata cu cele mai bune ingrediente!<br \/>\nDutch brand Unox has been producing the best Dutch soups since 1957.  As Unox is continuously working on improving its products, in addition to the classic soups, we find a wide range of delicious ready-made soups.<br \/>\n<strong>Preparation:<\/strong>Do not microwave the packaging! Do not cook the soup! Put the soup in a bowl and heat in the microwave for 3 minutes at approx. 600 watts or heat directly in a saucepan or pot stirring gently. After heating is ready to savour!<br \/>\n<strong>Ingredient:<\/strong> ap\u0103, ciuperci 7,3% (ciuperci de p\u0103dure 4,9% (bolete 2,4%, nameko, chanterelle 0,5%), ciuperci 2,4%), amidon de porumb modificat, ulei de rapi\u021b\u0103, ceap\u0103 1,4%, f\u0103in\u0103 de gr\u00e2u, pulbere de lapte unt, sare, chervil 0,5%, extract de drojdie, arom\u0103, stabilizator (E451, E452), usturoi.<br \/>\nFara coloranti artificiali, amelioratori de aroma sau conservanti.<br \/>\n<strong>Storage conditions:<\/strong><br \/>\nStore in a cool dry place.<br \/>\nDupa deschidere, a se pastra acoperita in frigider si a se consuma in max 48h.<br \/>\n<strong>Allergens:<\/strong><br \/>\nContine: lapte, telina, grau<br \/>\nManufactured in the Netherlands by Unilever Nederland Unox, Postbus 160 3000 AD AD Rotterdam<br \/>\nImporter and distributor Total Blue Impex SRL<\/p>\n<p><strong>Nutrition:<\/strong><br \/>\nEnergie 140 kJ \/ 33 kcal<br \/>\nGr\u0103sime 1.5 g din care satura\u021bi 0,2 g<br \/>\nCarbohidra\u021bi 3.5 g din care zaharuri 0.6 g<br \/>\nFibre alimentare &lt; 0,5 g<br \/>\nProtein 1.1 g<br \/>\nSare 0,67 g<\/p>","protected":false},"excerpt":{"rendered":"<p>Unox Speciaal Romige Paddenstoelen Soep 570ml<br \/>\nSupa crema de ciuperci de padure Unox este o supa delicioasa, bogata in arome si preparata cu cele mai bune ingrediente!<\/p>","protected":false},"featured_media":217726,"comment_status":"open","ping_status":"closed","template":"","meta":{"_acf_changed":false,"_seopress_robots_primary_cat":"none","_seopress_titles_title":"","_seopress_titles_desc":"Comanda acum delicioasa supa-crema de ciuperci de padure Unox Olanda 570 ml. Unox Speciaal Romige Paddenstoelen Soep 570ml","_seopress_robots_index":""},"product_brand":[1925],"product_cat":[1555,1683,3272,1767],"giftcard-category":[],"class_list":{"0":"post-27049","1":"product","2":"type-product","3":"status-publish","4":"has-post-thumbnail","6":"product_brand-unox","7":"product_cat-bacanie","8":"product_cat-conserve-mancare-gatita","9":"product_cat-conserve","10":"product_cat-produse-olanda","12":"first","13":"outofstock","14":"taxable","15":"shipping-taxable","16":"purchasable","17":"product-type-simple"},"acf":[],"_links":{"self":[{"href":"https:\/\/totalblue.ro\/en\/wp-json\/wp\/v2\/product\/27049","targetHints":{"allow":["GET"]}}],"collection":[{"href":"https:\/\/totalblue.ro\/en\/wp-json\/wp\/v2\/product"}],"about":[{"href":"https:\/\/totalblue.ro\/en\/wp-json\/wp\/v2\/types\/product"}],"replies":[{"embeddable":true,"href":"https:\/\/totalblue.ro\/en\/wp-json\/wp\/v2\/comments?post=27049"}],"wp:featuredmedia":[{"embeddable":true,"href":"https:\/\/totalblue.ro\/en\/wp-json\/wp\/v2\/media\/217726"}],"wp:attachment":[{"href":"https:\/\/totalblue.ro\/en\/wp-json\/wp\/v2\/media?parent=27049"}],"wp:term":[{"taxonomy":"product_brand","embeddable":true,"href":"https:\/\/totalblue.ro\/en\/wp-json\/wp\/v2\/product_brand?post=27049"},{"taxonomy":"product_cat","embeddable":true,"href":"https:\/\/totalblue.ro\/en\/wp-json\/wp\/v2\/product_cat?post=27049"},{"taxonomy":"giftcard-category","embeddable":true,"href":"https:\/\/totalblue.ro\/en\/wp-json\/wp\/v2\/giftcard-category?post=27049"}],"curies":[{"name":"wp","href":"https:\/\/api.w.org\/{rel}","templated":true}]}}