{"id":27056,"date":"2021-02-01T11:33:41","date_gmt":"2021-02-01T09:33:41","guid":{"rendered":"https:\/\/totalblue.ro\/?post_type=product&#038;p=27056"},"modified":"2025-10-24T15:09:54","modified_gmt":"2025-10-24T12:09:54","slug":"supa-crema-de-ciuperci-champignon-unox-olanda-570-ml","status":"publish","type":"product","link":"https:\/\/totalblue.ro\/en\/produs\/supa-crema-de-ciuperci-champignon-unox-olanda-570-ml\/","title":{"rendered":"Mushroom cream soup with mushrooms Champignon Unox Holland 570 ml"},"content":{"rendered":"<p>Cantitate ideala pentru 2 portii de supa.<\/p>\n<p>Mushroom cream soup with mushrooms Champignon Unox Holland 570 ml<br \/>\nSupa-crema de ciuperci cu ceapa si arpagic este una dintre supele delicioase ale Unox. Punga contine mai mult de doua castroane de supa.<br \/>\nDutch brand Unox has been producing the best Dutch soups since 1957.  As Unox is continuously working on improving its products, in addition to the classic soups, we find a wide range of delicious ready-made soups.<br \/>\n<strong>Preparation:\u00a0<\/strong>Do not microwave the packaging! Do not cook the soup! Put the soup in a bowl and heat in the microwave for 3 minutes at approx. 600 watts or heat directly in a saucepan or pot stirring gently. After heating is ready to savour!<br \/>\n<strong>Ingredient:<\/strong> ap\u0103, ciuperci 12,4%, ceap\u0103 2,2%, ulei de rapi\u021b\u0103, f\u0103in\u0103 de gr\u00e2u, amidon de porumb modificat, pulbere de lapte unt, arpagic 0,5%, extract de drojdie (con\u021bine ORZ), sare iodat\u0103, stabilizator (E451, E452), suc concentrat , maltodextrin\u0103, arom\u0103, sare, pulbere de ceap\u0103, usturoi, extract de vin alb, o\u021bet balsamic (o\u021bet de vin, must de struguri).<br \/>\n<strong>Storage conditions:<\/strong><br \/>\nStore in a cool dry place.<br \/>\nDupa deschidere, a se pastra acoperita in frigider si a se consuma in max 48h.<br \/>\n<strong>Allergens:<\/strong><br \/>\nPoate con\u021bine ou, soia, \u021belin\u0103 \u0219i mu\u0219tar.<br \/>\nManufactured in the Netherlands by Unilever Nederland Unox, Postbus 160 3000 AD AD Rotterdam<br \/>\nImporter and distributor Total Blue Impex SRL<\/p>\n<p><strong>Nutrition:<\/strong><br \/>\nEnergie 175 KJ \/ 42 kcal<br \/>\nGrasime 2,3 g acizi gra\u0219i satura\u021bi 0,2 g<br \/>\nCarbohidra\u021bi 3,8 g din care zaharuri 1 g<br \/>\nFibre alimentare &lt; 0,5 g<br \/>\nProteine \u200b\u200b1,4 g<br \/>\nSare 0,67 g<\/p>","protected":false},"excerpt":{"rendered":"<p>Unox Speciaal Romige Champignon Soep 570ml<br \/>\nSupa-crema de ciuperci cu ceapa si arpagic este una dintre supele delicioase ale Unox.<\/p>","protected":false},"featured_media":107168,"comment_status":"open","ping_status":"closed","template":"","meta":{"_acf_changed":false,"_seopress_robots_primary_cat":"none","_seopress_titles_title":"","_seopress_titles_desc":"Comanda acum delicioasa supa-crema de ciuperci Champignon Unox Olanda 570 ml. Unox Speciaal Romige Champignon Soep 570ml","_seopress_robots_index":""},"product_brand":[1925],"product_cat":[1555,1683,3272,1767],"giftcard-category":[],"class_list":{"0":"post-27056","1":"product","2":"type-product","3":"status-publish","4":"has-post-thumbnail","6":"product_brand-unox","7":"product_cat-bacanie","8":"product_cat-conserve-mancare-gatita","9":"product_cat-conserve","10":"product_cat-produse-olanda","12":"first","13":"outofstock","14":"taxable","15":"shipping-taxable","16":"purchasable","17":"product-type-simple"},"acf":[],"_links":{"self":[{"href":"https:\/\/totalblue.ro\/en\/wp-json\/wp\/v2\/product\/27056","targetHints":{"allow":["GET"]}}],"collection":[{"href":"https:\/\/totalblue.ro\/en\/wp-json\/wp\/v2\/product"}],"about":[{"href":"https:\/\/totalblue.ro\/en\/wp-json\/wp\/v2\/types\/product"}],"replies":[{"embeddable":true,"href":"https:\/\/totalblue.ro\/en\/wp-json\/wp\/v2\/comments?post=27056"}],"wp:featuredmedia":[{"embeddable":true,"href":"https:\/\/totalblue.ro\/en\/wp-json\/wp\/v2\/media\/107168"}],"wp:attachment":[{"href":"https:\/\/totalblue.ro\/en\/wp-json\/wp\/v2\/media?parent=27056"}],"wp:term":[{"taxonomy":"product_brand","embeddable":true,"href":"https:\/\/totalblue.ro\/en\/wp-json\/wp\/v2\/product_brand?post=27056"},{"taxonomy":"product_cat","embeddable":true,"href":"https:\/\/totalblue.ro\/en\/wp-json\/wp\/v2\/product_cat?post=27056"},{"taxonomy":"giftcard-category","embeddable":true,"href":"https:\/\/totalblue.ro\/en\/wp-json\/wp\/v2\/giftcard-category?post=27056"}],"curies":[{"name":"wp","href":"https:\/\/api.w.org\/{rel}","templated":true}]}}