{"id":27060,"date":"2021-02-01T11:54:20","date_gmt":"2021-02-01T09:54:20","guid":{"rendered":"https:\/\/totalblue.ro\/?post_type=product&#038;p=27060"},"modified":"2025-08-01T15:43:44","modified_gmt":"2025-08-01T12:43:44","slug":"supa-indiana-de-curry-unox-olanda-570-ml","status":"publish","type":"product","link":"https:\/\/totalblue.ro\/en\/produs\/supa-indiana-de-curry-unox-olanda-570-ml\/","title":{"rendered":"Supa indiana de curry Unox Olanda 570 ml"},"content":{"rendered":"<p>Cantitate ideala pentru 2 portii de supa.<\/p>\n<p>Supa indiana de curry Unox Olanda 570 ml<br \/>\nDescopera acum supa delicioasa de la Unox cu curry, taitei, legume si bucati de pui fraged!<br \/>\nDutch brand Unox has been producing the best Dutch soups since 1957.  As Unox is continuously working on improving its products, in addition to the classic soups, we find a wide range of delicious ready-made soups.<br \/>\n<strong>Preparation: <\/strong>Do not microwave the packaging! Do not cook the soup! Put the soup in a bowl and heat in the microwave for 3 minutes at approx. 600 watts or heat directly in a saucepan or pot stirring gently. After heating is ready to savour!<br \/>\n<strong>Ingredient:<\/strong> ap\u0103, legume 20% (morcovi 1 5,7%, ceap\u0103 1 3,4%, ro\u0219ii 1, arpagic 1 2%, ardei ro\u0219u 1 1,7%, germeni de fasole 1 1,7%) , carne de pui 4,3%, paste 3,8% (fidea (ap\u0103, GR\u00c2U dur, PROTEIN\u0102 DE OU)), lapte de nuc\u0103 de cocos, ulei de rapi\u021b\u0103, amidon de porumb modificat, f\u0103in\u0103 de GR\u00c2U, arom\u0103 natural\u0103 (con\u021bine GR\u00c2U, MUSTAR, TELINA) , sare mineral\u0103 (potasiu), condimente (curry 0,2% (turmeric, cayenne, ghimbir, chimen, piper negru, semin\u021be de coriandru, frunze de dafin), usturoi, chimen, ghimbir, nuc\u0219oar\u0103, turmeric, piper negru), extract de drojdie, sare iodat\u0103, stabilizator (E451, E452), sare, extract de vin alb, o\u021bet balsamic (must de struguri, o\u021bet de vin)<br \/>\n<strong>Storage conditions:<\/strong><br \/>\nStore in a cool dry place.<br \/>\nDupa deschidere, a se pastra acoperita in frigider si a se consuma in max 48h.<br \/>\n<strong>Allergens:<br \/>\n<\/strong>Contine: \u021aelin\u0103, ou\u0103, lapte, mu\u0219tar, gr\u00e2u, cereale care con\u021bin gluten<br \/>\nPoate contine: soia<br \/>\nManufactured in the Netherlands by Unilever Nederland Unox, Postbus 160 3000 AD AD Rotterdam<br \/>\nImporter and distributor Total Blue Impex SRL<\/p>\n<p><strong>Nutrition:<\/strong><br \/>\nEnergie 240 kJ (57 kcal) \/ 100ml<br \/>\nGr\u0103sime 2,9 g<br \/>\ndin care satura\u021bi 1 g<br \/>\nCarbohydrate 4.8 g<br \/>\ndin care zaharuri 1,6 g<br \/>\nFibre alimentare 0,6 g<br \/>\nProtein 2,5 g<br \/>\nSare 0,63 g<\/p>","protected":false},"excerpt":{"rendered":"<p>Unox Extra Rijkgevulde Indiase Currysoep 570ml<br \/>\nDescopera acum supa delicioasa de la Unox cu curry, taitei, legume si bucati de pui fraged!<\/p>","protected":false},"featured_media":27061,"comment_status":"open","ping_status":"closed","template":"","meta":{"_acf_changed":false,"_seopress_robots_primary_cat":"none","_seopress_titles_title":"","_seopress_titles_desc":"Descopera acum supa delicioasa de la Unox cu curry, taitei, legume si bucati de pui fraged!Unox Extra Rijkgevulde Indiase Currysoep 570ml","_seopress_robots_index":""},"product_brand":[1925],"product_cat":[1555,1683,3272,1767],"giftcard-category":[],"class_list":{"0":"post-27060","1":"product","2":"type-product","3":"status-publish","4":"has-post-thumbnail","6":"product_brand-unox","7":"product_cat-bacanie","8":"product_cat-conserve-mancare-gatita","9":"product_cat-conserve","10":"product_cat-produse-olanda","12":"first","13":"outofstock","14":"taxable","15":"shipping-taxable","16":"purchasable","17":"product-type-simple"},"acf":[],"_links":{"self":[{"href":"https:\/\/totalblue.ro\/en\/wp-json\/wp\/v2\/product\/27060","targetHints":{"allow":["GET"]}}],"collection":[{"href":"https:\/\/totalblue.ro\/en\/wp-json\/wp\/v2\/product"}],"about":[{"href":"https:\/\/totalblue.ro\/en\/wp-json\/wp\/v2\/types\/product"}],"replies":[{"embeddable":true,"href":"https:\/\/totalblue.ro\/en\/wp-json\/wp\/v2\/comments?post=27060"}],"wp:featuredmedia":[{"embeddable":true,"href":"https:\/\/totalblue.ro\/en\/wp-json\/wp\/v2\/media\/27061"}],"wp:attachment":[{"href":"https:\/\/totalblue.ro\/en\/wp-json\/wp\/v2\/media?parent=27060"}],"wp:term":[{"taxonomy":"product_brand","embeddable":true,"href":"https:\/\/totalblue.ro\/en\/wp-json\/wp\/v2\/product_brand?post=27060"},{"taxonomy":"product_cat","embeddable":true,"href":"https:\/\/totalblue.ro\/en\/wp-json\/wp\/v2\/product_cat?post=27060"},{"taxonomy":"giftcard-category","embeddable":true,"href":"https:\/\/totalblue.ro\/en\/wp-json\/wp\/v2\/giftcard-category?post=27060"}],"curies":[{"name":"wp","href":"https:\/\/api.w.org\/{rel}","templated":true}]}}