{"id":27310,"date":"2021-02-17T14:16:38","date_gmt":"2021-02-17T12:16:38","guid":{"rendered":"https:\/\/totalblue.ro\/?post_type=product&#038;p=27310"},"modified":"2026-04-01T10:13:55","modified_gmt":"2026-04-01T07:13:55","slug":"tocana-de-fasole-verde-cu-carne-de-vita-dreistern-400g","status":"publish","type":"product","link":"https:\/\/totalblue.ro\/en\/produs\/tocana-de-fasole-verde-cu-carne-de-vita-dreistern-400g\/","title":{"rendered":"Tocana de fasole verde cu carne de vita Dreistern 400g"},"content":{"rendered":"<p>Tocan\u0103 de fasole verde consistent\u0103, cu carne de vit\u0103 400 grame<br \/>\nPreparata in mod traditional dupa reteta bunicii<\/p>\n<p><strong>Recommendations<\/strong>: se poate incalzi intr-o cratita sau la cuptorul cu microunde.<br \/>\n<strong>Ingredient: <\/strong>Ap\u0103 potabil\u0103, 26% fasole verde, 13% cartofi, 4% carne de vit\u0103 (carne de vit\u0103, sare de mas\u0103 iodat\u0103,sare de mas\u0103, iodat de potasiu,, zah\u0103r, maltodextrin\u0103, amidon, conservant: nitrit de sodiu), 4% cuburi de \u0219unc\u0103 crud\u0103 (carne de porc, sare de mas\u0103, zah\u0103r, dextroz\u0103, arom\u0103 natural\u0103, conservanti: nitrit de sodiu, fum de lemn de fag), morcovi, amidon modificat, sare de mas\u0103 iodat\u0103 , ceap\u0103, zah\u0103r, maltodextrin\u0103, ulei de porumb, extract de vit\u0103, acidifiant: acid citric, amidon, extracte de condimente (con\u021bine telina), pudr\u0103 de usturoi, condimente<br \/>\n<strong>Allergens: <\/strong>poate contine urme de gluten, ou, soia, mu\u0219tar, telina.<br \/>\n<strong>Storage conditions:<\/strong><br \/>\nA se pastra la loc uscat si racoros, ferit de actiunea directa a soarelui.<\/p>\n<table class=\"table table-condensed bifi_table\">\n<thead>\n<tr>\n<th scope=\"col\">Valori nutritionale<\/th>\n<th scope=\"col\">per 100g<\/th>\n<th scope=\"col\"><\/th>\n<th scope=\"col\"><\/th>\n<\/tr>\n<\/thead>\n<tbody>\n<tr>\n<td>Energie<\/td>\n<td>206 kJ \/ 49 kcal<\/td>\n<td><\/td>\n<td><\/td>\n<\/tr>\n<tr>\n<td>Grasime<\/td>\n<td>1.7 g<\/td>\n<td><\/td>\n<td><\/td>\n<\/tr>\n<tr>\n<td>din care saturati<\/td>\n<td>0.7 g<\/td>\n<td><\/td>\n<td><\/td>\n<\/tr>\n<tr>\n<td>Carbohidrati<\/td>\n<td>5.1 g<\/td>\n<td><\/td>\n<td><\/td>\n<\/tr>\n<tr>\n<td>din care zaharuri<\/td>\n<td>0,9 g<\/td>\n<td><\/td>\n<td><\/td>\n<\/tr>\n<tr>\n<td>Protein<\/td>\n<td>3.1 g<\/td>\n<td><\/td>\n<td><\/td>\n<\/tr>\n<tr>\n<td>Sare<\/td>\n<td>1.3 g<\/td>\n<td><\/td>\n<\/tr>\n<\/tbody>\n<\/table>\n<p>&nbsp;<\/p>\n<p>&nbsp;<\/p>","protected":false},"excerpt":{"rendered":"<p>Tocan\u0103 de fasole verde consistent\u0103, cu carne de vit\u0103 400 grame<\/p>","protected":false},"featured_media":297373,"comment_status":"open","ping_status":"closed","template":"","meta":{"_acf_changed":false,"_seopress_robots_primary_cat":"1950","_seopress_titles_title":"","_seopress_titles_desc":"Descopera acum Tigaie thailandeza cu pui si lapte de cocos 800 g! Thai-Pfanne mit H\u00e4hnchen & Kokosmilch","_seopress_robots_index":""},"product_brand":[1959],"product_cat":[1555,1683,3372,3272,1950,1767],"giftcard-category":[],"class_list":{"0":"post-27310","1":"product","2":"type-product","3":"status-publish","4":"has-post-thumbnail","6":"product_brand-dreistern","7":"product_cat-bacanie","8":"product_cat-conserve-mancare-gatita","9":"product_cat-conserve-produse-germania","10":"product_cat-conserve","11":"product_cat-produse-germania","12":"product_cat-produse-olanda","14":"first","15":"instock","16":"taxable","17":"shipping-taxable","18":"purchasable","19":"product-type-simple"},"acf":[],"_links":{"self":[{"href":"https:\/\/totalblue.ro\/en\/wp-json\/wp\/v2\/product\/27310","targetHints":{"allow":["GET"]}}],"collection":[{"href":"https:\/\/totalblue.ro\/en\/wp-json\/wp\/v2\/product"}],"about":[{"href":"https:\/\/totalblue.ro\/en\/wp-json\/wp\/v2\/types\/product"}],"replies":[{"embeddable":true,"href":"https:\/\/totalblue.ro\/en\/wp-json\/wp\/v2\/comments?post=27310"}],"wp:featuredmedia":[{"embeddable":true,"href":"https:\/\/totalblue.ro\/en\/wp-json\/wp\/v2\/media\/297373"}],"wp:attachment":[{"href":"https:\/\/totalblue.ro\/en\/wp-json\/wp\/v2\/media?parent=27310"}],"wp:term":[{"taxonomy":"product_brand","embeddable":true,"href":"https:\/\/totalblue.ro\/en\/wp-json\/wp\/v2\/product_brand?post=27310"},{"taxonomy":"product_cat","embeddable":true,"href":"https:\/\/totalblue.ro\/en\/wp-json\/wp\/v2\/product_cat?post=27310"},{"taxonomy":"giftcard-category","embeddable":true,"href":"https:\/\/totalblue.ro\/en\/wp-json\/wp\/v2\/giftcard-category?post=27310"}],"curies":[{"name":"wp","href":"https:\/\/api.w.org\/{rel}","templated":true}]}}