{"id":27437,"date":"2021-02-25T14:33:45","date_gmt":"2021-02-25T12:33:45","guid":{"rendered":"https:\/\/totalblue.ro\/?post_type=product&#038;p=27437"},"modified":"2025-08-01T15:43:35","modified_gmt":"2025-08-01T12:43:35","slug":"supa-frantuzeasca-de-ceapa-cu-piper-si-dafin-unox-olanda-570-ml","status":"publish","type":"product","link":"https:\/\/totalblue.ro\/en\/produs\/supa-frantuzeasca-de-ceapa-cu-piper-si-dafin-unox-olanda-570-ml\/","title":{"rendered":"Supa frantuzeasca de ceapa, cu piper si dafin Unox Olanda 570 ml"},"content":{"rendered":"<p>Ideal amount for 2 servings of soup.<br \/>\nUnox Soep in zak Franse uiensoep<br \/>\nSupa frantuzeasca de ceapa, cu piper si dafin Unox 570 ml &#8211; gata preparata<br \/>\nDutch brand Unox has been producing the best Dutch soups since 1957.  As Unox is continuously working on improving its products, in addition to the classic soups, we find a wide range of delicious ready-made soups.<br \/>\n<strong>Preparation:<\/strong>Do not put the packaging in the microwave! Do not cook the soup!Put the soup in a bowl and microwave for 2.5 minutes at approx. 750 watts or heat directly in a saucepan or pot stirring gently. After heating is ready to savour!<br \/>\n<strong>Ingredient:<\/strong> ap\u0103, ceap\u0103 24%, amidon de cartofi, gr\u0103sime din unt (con\u021bine lapte), ulei de rapi\u021b\u0103, sare iodat\u0103, extract de drojdie, arom\u0103, concentrat de suc de legume (frunze telina, morcov, praz, ceap\u0103), usturoi, piper, frunze de dafin, sare mineral\u0103 (potasiu)<br \/>\nFara coloranti artificiali, amelioratori de aroma.<br \/>\nNo added sugars.<br \/>\nF\u0103r\u0103 conservan\u021bi (conform legisla\u021biei europene).<br \/>\n<strong>Storage:<\/strong> After opening the bag, this soup can be kept in the fridge for up to 2 days. Close the bag.<br \/>\n<strong>Allergens:<\/strong> Con\u021bine:Lapte, \u021belin\u0103<br \/>\nManufactured in the Netherlands by Unilever Nederland Unox, Postbus 160 3000 AD AD Rotterdam<br \/>\nImporter and distributor Total Blue Impex SRL<br \/>\n<strong>Nutrition \/ 100ml:<\/strong><br \/>\nEnergie 118 kJ (28 kcal)<br \/>\nGr\u0103simi 1,8 g din care satura\u021bi 0,8 g<br \/>\nCarbohidra\u021bi 2,4 g din care zaharuri 0,7 g<br \/>\nDietary fibre &lt; 0.5 g<br \/>\nProtein &lt; 0.5 g<br \/>\nSalt 0.66 g<br \/>\n<strong>Vegetarian product<\/strong><\/p>\n<p><a href=\"https:\/\/totalblue.ro\/wp-content\/uploads\/2021\/02\/vegetarian.jpeg\"><img loading=\"lazy\" decoding=\"async\" class=\"alignnone wp-image-27413\" src=\"https:\/\/totalblue.ro\/wp-content\/uploads\/2021\/02\/vegetarian.jpeg\" alt=\"\" width=\"147\" height=\"147\" srcset=\"https:\/\/totalblue.ro\/wp-content\/uploads\/2021\/02\/vegetarian.jpeg 225w, https:\/\/totalblue.ro\/wp-content\/uploads\/2021\/02\/vegetarian-100x100.jpeg 100w\" sizes=\"auto, (max-width: 147px) 100vw, 147px\" \/><\/a><\/p>","protected":false},"excerpt":{"rendered":"<p>Unox Soep in zak Franse uiensoep<br \/>\nSupa frantuzeasca de ceapa, cu piper si dafin Unox 570 ml &#8211; gata preparata<\/p>","protected":false},"featured_media":217695,"comment_status":"open","ping_status":"closed","template":"","meta":{"_acf_changed":false,"_seopress_robots_primary_cat":"none","_seopress_titles_title":"","_seopress_titles_desc":"Unox Soep in zak Franse uiensoepSupa frantuzeasca de ceapa, cu piper si dafin Unox 570 ml - gata preparata, livrare rapida","_seopress_robots_index":""},"product_brand":[1925],"product_cat":[1555,1683,3272,1767],"giftcard-category":[],"class_list":{"0":"post-27437","1":"product","2":"type-product","3":"status-publish","4":"has-post-thumbnail","6":"product_brand-unox","7":"product_cat-bacanie","8":"product_cat-conserve-mancare-gatita","9":"product_cat-conserve","10":"product_cat-produse-olanda","12":"first","13":"outofstock","14":"taxable","15":"shipping-taxable","16":"purchasable","17":"product-type-simple"},"acf":[],"_links":{"self":[{"href":"https:\/\/totalblue.ro\/en\/wp-json\/wp\/v2\/product\/27437","targetHints":{"allow":["GET"]}}],"collection":[{"href":"https:\/\/totalblue.ro\/en\/wp-json\/wp\/v2\/product"}],"about":[{"href":"https:\/\/totalblue.ro\/en\/wp-json\/wp\/v2\/types\/product"}],"replies":[{"embeddable":true,"href":"https:\/\/totalblue.ro\/en\/wp-json\/wp\/v2\/comments?post=27437"}],"wp:featuredmedia":[{"embeddable":true,"href":"https:\/\/totalblue.ro\/en\/wp-json\/wp\/v2\/media\/217695"}],"wp:attachment":[{"href":"https:\/\/totalblue.ro\/en\/wp-json\/wp\/v2\/media?parent=27437"}],"wp:term":[{"taxonomy":"product_brand","embeddable":true,"href":"https:\/\/totalblue.ro\/en\/wp-json\/wp\/v2\/product_brand?post=27437"},{"taxonomy":"product_cat","embeddable":true,"href":"https:\/\/totalblue.ro\/en\/wp-json\/wp\/v2\/product_cat?post=27437"},{"taxonomy":"giftcard-category","embeddable":true,"href":"https:\/\/totalblue.ro\/en\/wp-json\/wp\/v2\/giftcard-category?post=27437"}],"curies":[{"name":"wp","href":"https:\/\/api.w.org\/{rel}","templated":true}]}}