{"id":27440,"date":"2021-02-25T14:59:22","date_gmt":"2021-02-25T12:59:22","guid":{"rendered":"https:\/\/totalblue.ro\/?post_type=product&#038;p=27440"},"modified":"2025-10-25T09:04:02","modified_gmt":"2025-10-25T06:04:02","slug":"supa-crema-de-rosii-cu-mascarpone-si-busuioc-unox-olanda-570-ml","status":"publish","type":"product","link":"https:\/\/totalblue.ro\/en\/produs\/supa-crema-de-rosii-cu-mascarpone-si-busuioc-unox-olanda-570-ml\/","title":{"rendered":"Unox Netherlands tomato cream soup with mascarpone and basil 570 ml"},"content":{"rendered":"<p>Ideal amount for 2 servings of soup.<br \/>\nUnox Soep in zak romige tomatencr\u00e8me soep<br \/>\nSupa-crema de rosii cu mascarpone si busuioc Unox Olanda 570 ml &#8211; gata preparata<br \/>\nDutch brand Unox has been producing the best Dutch soups since 1957.  As Unox is continuously working on improving its products, in addition to the classic soups, we find a wide range of delicious ready-made soups.<br \/>\n<strong>Preparation:<\/strong>Do not put the packaging in the microwave! Do not cook the soup!Put the soup in a bowl and microwave for 2.5 minutes at approx. 750 watts or heat directly in a saucepan or pot stirring gently. After heating is ready to savour!<br \/>\n<strong>Ingredient:<\/strong> Ro\u0219ii 74,5% (ro\u0219ie, ro\u0219ie uscat\u0103 la soare 0,3%), ap\u0103, ulei vegetal (rapi\u021b\u0103, floarea-soarelui), amidon de porumb modificat, zah\u0103r, lapte praf, mascarpone 0,8% (con\u021bine lapte), f\u0103in\u0103 de grau, extract de drojdie con\u021bine orz), sare iodat\u0103, arom\u0103, acid alimentar E330, pulbere de ceap\u0103, stabilizator (E451, E452), sare, fructoz\u0103, maltodextrin\u0103, usturoi, busuioc, frunze de dafin, extract de vin alb, o\u021bet balsamic (o\u021bet de vin, must de struguri), r\u0103d\u0103cin\u0103 de p\u0103trunjel<br \/>\nFara coloranti artificiali, amelioratori de aroma.<br \/>\nF\u0103r\u0103 conservan\u021bi (conform legisla\u021biei europene).<br \/>\n<strong>Storage:<\/strong> After opening the bag, this soup can be kept in the fridge for up to 2 days. Close the bag.<br \/>\n<strong>Allergens:<\/strong> Con\u021bine:Lapte, orz, gr\u00e2u<br \/>\nPoate con\u021bine: Ou\u0103, soia, \u021belin\u0103, mu\u0219tar<br \/>\nManufactured in the Netherlands by Unilever Nederland Unox, Postbus 160 3000 AD AD Rotterdam<br \/>\nImporter and distributor Total Blue Impex SRL<br \/>\n<strong>Nutrition \/ 100ml:<\/strong><br \/>\nEnergie 232 kJ (55 kcal)<br \/>\nGr\u0103simi 2,9 g din care satura\u021bi 0,5 g<br \/>\nCarbohidra\u021bi 5.7 g din care zaharuri 3,2 g<br \/>\nFibre dietetice 0,9 g<br \/>\nProtein 1,2 g<br \/>\nSare 0,65 g<\/p>","protected":false},"excerpt":{"rendered":"<p>Unox Soep in zak romige tomatencr\u00e8me soep<br \/>\nSupa-crema de rosii cu mascarpone si busuioc Unox Olanda 570 ml &#8211; gata preparata<\/p>","protected":false},"featured_media":217820,"comment_status":"open","ping_status":"closed","template":"","meta":{"_acf_changed":false,"_seopress_robots_primary_cat":"none","_seopress_titles_title":"","_seopress_titles_desc":"Unox Soep in zak romige tomatencr\u00e8me soepSupa-crema de rosii cu mascarpone si busuioc Unox Olanda 570 ml - gata preparata","_seopress_robots_index":""},"product_brand":[1925],"product_cat":[1555,1683,3272,1767],"giftcard-category":[],"class_list":{"0":"post-27440","1":"product","2":"type-product","3":"status-publish","4":"has-post-thumbnail","6":"product_brand-unox","7":"product_cat-bacanie","8":"product_cat-conserve-mancare-gatita","9":"product_cat-conserve","10":"product_cat-produse-olanda","12":"first","13":"instock","14":"taxable","15":"shipping-taxable","16":"purchasable","17":"product-type-simple"},"acf":[],"_links":{"self":[{"href":"https:\/\/totalblue.ro\/en\/wp-json\/wp\/v2\/product\/27440","targetHints":{"allow":["GET"]}}],"collection":[{"href":"https:\/\/totalblue.ro\/en\/wp-json\/wp\/v2\/product"}],"about":[{"href":"https:\/\/totalblue.ro\/en\/wp-json\/wp\/v2\/types\/product"}],"replies":[{"embeddable":true,"href":"https:\/\/totalblue.ro\/en\/wp-json\/wp\/v2\/comments?post=27440"}],"wp:featuredmedia":[{"embeddable":true,"href":"https:\/\/totalblue.ro\/en\/wp-json\/wp\/v2\/media\/217820"}],"wp:attachment":[{"href":"https:\/\/totalblue.ro\/en\/wp-json\/wp\/v2\/media?parent=27440"}],"wp:term":[{"taxonomy":"product_brand","embeddable":true,"href":"https:\/\/totalblue.ro\/en\/wp-json\/wp\/v2\/product_brand?post=27440"},{"taxonomy":"product_cat","embeddable":true,"href":"https:\/\/totalblue.ro\/en\/wp-json\/wp\/v2\/product_cat?post=27440"},{"taxonomy":"giftcard-category","embeddable":true,"href":"https:\/\/totalblue.ro\/en\/wp-json\/wp\/v2\/giftcard-category?post=27440"}],"curies":[{"name":"wp","href":"https:\/\/api.w.org\/{rel}","templated":true}]}}