{"id":27445,"date":"2021-02-25T15:59:08","date_gmt":"2021-02-25T13:59:08","guid":{"rendered":"https:\/\/totalblue.ro\/?post_type=product&#038;p=27445"},"modified":"2026-01-30T09:17:00","modified_gmt":"2026-01-30T07:17:00","slug":"supa-usor-picanta-de-rosii-cu-busuioc-si-ulei-de-masline-unox-olanda-570-ml","status":"publish","type":"product","link":"https:\/\/totalblue.ro\/en\/produs\/supa-usor-picanta-de-rosii-cu-busuioc-si-ulei-de-masline-unox-olanda-570-ml\/","title":{"rendered":"Unox Netherlands tomato soup with basil and olive oil 570 ml"},"content":{"rendered":"<p>Ideal amount for 2 servings of soup.<br \/>\nUnox Soep in zak kruidige tomatensoep<br \/>\nSupa usor picanta de rosii cu busuioc si ulei de masline Unox 570 ml &#8211; gata preparata<br \/>\nDutch brand Unox has been producing the best Dutch soups since 1957.  As Unox is continuously working on improving its products, in addition to the classic soups, we find a wide range of delicious ready-made soups.<br \/>\n<strong>Preparation:<\/strong>Do not put the packaging in the microwave! Do not cook the soup!Put the soup in a bowl and microwave for 2.5 minutes at approx. 750 watts or heat directly in a saucepan or pot stirring gently. After heating is ready to savour!<br \/>\n<strong>Ingredient:<\/strong> tomate 88% (ro\u0219ie, past\u0103 de ro\u0219ii, ro\u0219ie uscat\u0103 0,6%), ceap\u0103 3,2%, ierburi (busuioc 2,3%, dafin, oregano, cimbru), amidon de cartofi, zah\u0103r, ulei de rapi\u021b\u0103, ulei de m\u0103sline extra ob\u021binut din prima presare 0,5%, extract de drojdie, sare iodat\u0103, sare, arom\u0103, concentrat de suc de l\u0103m\u00e2ie, piure de usturoi,<br \/>\nNo added sugars.<br \/>\nThis product contains natural sugars.<br \/>\n<strong>Storage:<\/strong> After opening the bag, this soup can be kept in the fridge for up to 2 days. Close the bag.<br \/>\n<strong>Allergens:<\/strong> Poate con\u021bine: Cereale care con\u021bin gluten<br \/>\nManufactured in the Netherlands by Unilever Nederland Unox, Postbus 160 3000 AD AD Rotterdam<br \/>\nImporter and distributor Total Blue Impex SRL<br \/>\n<strong>Nutrition \/ 100ml:<\/strong><br \/>\nEnergie 215 kJ (51 kcal)<br \/>\nGr\u0103sime 2,6 g din care saturati 0,2 g<br \/>\nCarbohidra\u021bi 5.9 g din care zaharuri 3.6 g<br \/>\nFibre alimentare 1 g<br \/>\nProtein 1.1 g<br \/>\nSare 0,49 g<br \/>\n<a href=\"https:\/\/totalblue.ro\/wp-content\/uploads\/2021\/02\/vegetarian.jpeg\"><img loading=\"lazy\" decoding=\"async\" class=\"alignnone wp-image-27413\" src=\"https:\/\/totalblue.ro\/wp-content\/uploads\/2021\/02\/vegetarian.jpeg\" alt=\"\" width=\"142\" height=\"142\" srcset=\"https:\/\/totalblue.ro\/wp-content\/uploads\/2021\/02\/vegetarian.jpeg 225w, https:\/\/totalblue.ro\/wp-content\/uploads\/2021\/02\/vegetarian-100x100.jpeg 100w\" sizes=\"auto, (max-width: 142px) 100vw, 142px\" \/><\/a><\/p>","protected":false},"excerpt":{"rendered":"<p>Unox Soep in zak kruidige tomatensoep<br \/>\nSupa usor picanta de rosii cu busuioc si ulei de masline Unox 570 ml &#8211; gata preparata<\/p>","protected":false},"featured_media":217673,"comment_status":"open","ping_status":"closed","template":"","meta":{"_acf_changed":false,"_seopress_robots_primary_cat":"none","_seopress_titles_title":"","_seopress_titles_desc":"Unox Soep in zak kruidige tomatensoep Supa usor picanta de rosii cu busuioc si ulei de masline Unox 570 ml - gata preparata","_seopress_robots_index":""},"product_brand":[1925],"product_cat":[1555,1683,3272,1767],"giftcard-category":[],"class_list":{"0":"post-27445","1":"product","2":"type-product","3":"status-publish","4":"has-post-thumbnail","6":"product_brand-unox","7":"product_cat-bacanie","8":"product_cat-conserve-mancare-gatita","9":"product_cat-conserve","10":"product_cat-produse-olanda","12":"first","13":"outofstock","14":"taxable","15":"shipping-taxable","16":"purchasable","17":"product-type-simple"},"acf":[],"_links":{"self":[{"href":"https:\/\/totalblue.ro\/en\/wp-json\/wp\/v2\/product\/27445","targetHints":{"allow":["GET"]}}],"collection":[{"href":"https:\/\/totalblue.ro\/en\/wp-json\/wp\/v2\/product"}],"about":[{"href":"https:\/\/totalblue.ro\/en\/wp-json\/wp\/v2\/types\/product"}],"replies":[{"embeddable":true,"href":"https:\/\/totalblue.ro\/en\/wp-json\/wp\/v2\/comments?post=27445"}],"wp:featuredmedia":[{"embeddable":true,"href":"https:\/\/totalblue.ro\/en\/wp-json\/wp\/v2\/media\/217673"}],"wp:attachment":[{"href":"https:\/\/totalblue.ro\/en\/wp-json\/wp\/v2\/media?parent=27445"}],"wp:term":[{"taxonomy":"product_brand","embeddable":true,"href":"https:\/\/totalblue.ro\/en\/wp-json\/wp\/v2\/product_brand?post=27445"},{"taxonomy":"product_cat","embeddable":true,"href":"https:\/\/totalblue.ro\/en\/wp-json\/wp\/v2\/product_cat?post=27445"},{"taxonomy":"giftcard-category","embeddable":true,"href":"https:\/\/totalblue.ro\/en\/wp-json\/wp\/v2\/giftcard-category?post=27445"}],"curies":[{"name":"wp","href":"https:\/\/api.w.org\/{rel}","templated":true}]}}