{"id":27452,"date":"2021-02-25T16:20:51","date_gmt":"2021-02-25T14:20:51","guid":{"rendered":"https:\/\/totalblue.ro\/?post_type=product&#038;p=27452"},"modified":"2025-10-29T16:48:27","modified_gmt":"2025-10-29T14:48:27","slug":"supa-de-legume-cu-chiftelute-si-telina-verde-unox-olanda-570-ml","status":"publish","type":"product","link":"https:\/\/totalblue.ro\/en\/produs\/supa-de-legume-cu-chiftelute-si-telina-verde-unox-olanda-570-ml\/","title":{"rendered":"Vegetable soup with meatballs and green celery Unox Netherlands 570 ml"},"content":{"rendered":"<p>Ideal amount for 2 servings of soup.<br \/>\nUnox Soep in zak Hollandse groentesoep.<br \/>\nSupa de legume cu chiftelute si telina verde Unox Olanda 570 ml &#8211; gata preparata<br \/>\nDutch brand Unox has been producing the best Dutch soups since 1957.  As Unox is continuously working on improving its products, in addition to the classic soups, we find a wide range of delicious ready-made soups.<br \/>\n<strong>Preparation:<\/strong>Do not put the packaging in the microwave! Do not cook the soup!Put the soup in a bowl and microwave for 2.5 minutes at approx. 750 watts or heat directly in a saucepan or pot stirring gently. After heating is ready to savour!<br \/>\n<strong>Ingredient:<\/strong> ap\u0103, legume 12,2% (morcov 4,4%, praz 2,4%, frunze de telina 2,2%, telina 1,6%, ro\u0219ii, p\u0103trunjel), chiftelute 3% (carne de porc 65%, carne de vit\u0103 20%, ap\u0103, amidon de cartofi, sare, stabilizator (E451, E452), condimente (piper, coriandru), extract de nuc\u0219oar\u0103), amidon de cartofi, vermicele 1,2% (grau tare, proteine de ou uscate), extract de drojdie (con\u021bine orz), p\u0103trunjel, sare iodat\u0103, arom\u0103 ), sare, piure de usturoi, concentrate de suc de legume (telina, morcov, praz, ceap\u0103), dafin, piper negru, extract de vin alb, o\u021bet balsamic (o\u021bet de vin, must de struguri), cultivat \u00een mod durabil.<br \/>\nFara coloranti artificiali, amelioratori de aroma.<br \/>\nF\u0103r\u0103 conservan\u021bi (conform legisla\u021biei europene).<br \/>\n<strong>Storage:<\/strong> After opening the bag, this soup can be kept in the fridge for up to 2 days. Close the bag.<br \/>\n<strong>Allergens:<\/strong> Con\u021bine:Ou\u0103, lapte, \u021belin\u0103, orz, gr\u00e2u<br \/>\nPoate con\u021bine: Soia, mu\u0219tar<br \/>\nManufactured in the Netherlands by Unilever Nederland Unox, Postbus 160 3000 AD AD Rotterdam<br \/>\nImporter and distributor Total Blue Impex SRL<br \/>\nNutritional values per 100 ml:<br \/>\nEnergie 91 kJ \/ 22 kcal<br \/>\nGrasime &lt; 0.5 g din care grasimi 0.2 g<br \/>\nCarbohidrati 2.9 g din care zaharuri &lt; 0.5 g<br \/>\nFibre &lt; 0.5 g<br \/>\nProteine \u200b\u200b1.2 g<br \/>\nSalt 0.67 g<br \/>\n<a href=\"https:\/\/totalblue.ro\/wp-content\/uploads\/2021\/02\/beter-leven.jpeg\"><img loading=\"lazy\" decoding=\"async\" class=\"alignnone wp-image-27415\" src=\"https:\/\/totalblue.ro\/wp-content\/uploads\/2021\/02\/beter-leven-711x400.jpeg\" alt=\"\" width=\"228\" height=\"128\" srcset=\"https:\/\/totalblue.ro\/wp-content\/uploads\/2021\/02\/beter-leven-711x400.jpeg 711w, https:\/\/totalblue.ro\/wp-content\/uploads\/2021\/02\/beter-leven-510x287.jpeg 510w, https:\/\/totalblue.ro\/wp-content\/uploads\/2021\/02\/beter-leven-768x432.jpeg 768w, https:\/\/totalblue.ro\/wp-content\/uploads\/2021\/02\/beter-leven-600x337.jpeg 600w, https:\/\/totalblue.ro\/wp-content\/uploads\/2021\/02\/beter-leven-100x56.jpeg 100w, https:\/\/totalblue.ro\/wp-content\/uploads\/2021\/02\/beter-leven.jpeg 978w\" sizes=\"auto, (max-width: 228px) 100vw, 228px\" \/><\/a><\/p>","protected":false},"excerpt":{"rendered":"<p>Unox Soep in zak Hollandse groentesoep.<br \/>\nSupa de legume cu chiftelute si telina verde Unox Olanda 570 ml &#8211; gata preparata<\/p>","protected":false},"featured_media":217701,"comment_status":"open","ping_status":"closed","template":"","meta":{"_acf_changed":false,"_seopress_robots_primary_cat":"none","_seopress_titles_title":"","_seopress_titles_desc":"Unox Soep in zak Hollandse groentesoep.Supa de legume cu chiftelute si telina verde Unox Olanda 570 ml - gata preparata","_seopress_robots_index":""},"product_brand":[1925],"product_cat":[1555,1683,3272,1767],"giftcard-category":[],"class_list":{"0":"post-27452","1":"product","2":"type-product","3":"status-publish","4":"has-post-thumbnail","6":"product_brand-unox","7":"product_cat-bacanie","8":"product_cat-conserve-mancare-gatita","9":"product_cat-conserve","10":"product_cat-produse-olanda","12":"first","13":"instock","14":"taxable","15":"shipping-taxable","16":"purchasable","17":"product-type-simple"},"acf":[],"_links":{"self":[{"href":"https:\/\/totalblue.ro\/en\/wp-json\/wp\/v2\/product\/27452","targetHints":{"allow":["GET"]}}],"collection":[{"href":"https:\/\/totalblue.ro\/en\/wp-json\/wp\/v2\/product"}],"about":[{"href":"https:\/\/totalblue.ro\/en\/wp-json\/wp\/v2\/types\/product"}],"replies":[{"embeddable":true,"href":"https:\/\/totalblue.ro\/en\/wp-json\/wp\/v2\/comments?post=27452"}],"wp:featuredmedia":[{"embeddable":true,"href":"https:\/\/totalblue.ro\/en\/wp-json\/wp\/v2\/media\/217701"}],"wp:attachment":[{"href":"https:\/\/totalblue.ro\/en\/wp-json\/wp\/v2\/media?parent=27452"}],"wp:term":[{"taxonomy":"product_brand","embeddable":true,"href":"https:\/\/totalblue.ro\/en\/wp-json\/wp\/v2\/product_brand?post=27452"},{"taxonomy":"product_cat","embeddable":true,"href":"https:\/\/totalblue.ro\/en\/wp-json\/wp\/v2\/product_cat?post=27452"},{"taxonomy":"giftcard-category","embeddable":true,"href":"https:\/\/totalblue.ro\/en\/wp-json\/wp\/v2\/giftcard-category?post=27452"}],"curies":[{"name":"wp","href":"https:\/\/api.w.org\/{rel}","templated":true}]}}