{"id":27498,"date":"2021-02-26T12:05:56","date_gmt":"2021-02-26T10:05:56","guid":{"rendered":"https:\/\/totalblue.ro\/?post_type=product&#038;p=27498"},"modified":"2025-10-01T11:06:51","modified_gmt":"2025-10-01T08:06:51","slug":"supa-de-mustar-cu-bucatele-de-bacon-gwoon-olanda-570-ml","status":"publish","type":"product","link":"https:\/\/totalblue.ro\/en\/produs\/supa-de-mustar-cu-bucatele-de-bacon-gwoon-olanda-570-ml\/","title":{"rendered":"Mustard soup with bacon bits G'woon Holland 570 ml"},"content":{"rendered":"<p>Ideal amount for 2 servings of soup.<br \/>\nG&#8217;woon Mosterdsoep 570ml stazak.<br \/>\nSupa de mustar cu bucatele de bacon G&#8217;woon Olanda 570 ml &#8211; gata preparata<br \/>\n<strong>Preparation:<\/strong> Do not put the packaging in the microwave! Do not cook the soup!Put the soup in a bowl and microwave for 2.5 minutes at approx. 750 watts or heat directly in a saucepan or pot stirring gently. After heating is ready to savour!<br \/>\n<strong>Ingredient:<\/strong> Ap\u0103, 4,7% Mustar (ap\u0103, semin\u021be de mu\u0219tar, sare, o\u021bet de alcool, turmeric), sm\u00e2nt\u00e2n\u0103 (lapte), 3,6% cuburi de sl\u0103nin\u0103 afumat\u0103 &#8211; bacon (porc, sare, sirop de glucoz\u0103, conservant: nitrit de sodiu, fum natural), amidon de porumb modificat, ulei de rapi\u021b\u0103, arome naturale, f\u0103in\u0103 de gr\u00e2u, arpagic, 0,2% seminte de mustar, ulei de cocos, condiment, sare, p\u0103trunjel.<br \/>\n<strong>Storage:<\/strong> Dup\u0103 deschidere, aceast\u0103 sup\u0103 poate fi p\u0103strat\u0103 maxim 2 zile la frigider (max. 7 \u00b0 C). Tineti punga inchisa.<br \/>\n<strong>Allergens:<\/strong> Con\u021bine: mustar,lapte,gluten<br \/>\nFabricat in Olanda de G&#8217;woon , Antwoordnummer 3500, 4140 VH BEESD,<br \/>\nImporter and distributor Total Blue Impex SRL<br \/>\nNutritional values per 100 ml:<br \/>\nEnergie 316 kJ (76 kcal)<br \/>\nGr\u0103simi 6 g din care satura\u021bi 2 g<br \/>\nCarbohidra\u021bi 3.5 g din care zaharuri 0.2 g<br \/>\nFibra dietetic\u0103 0.1 g<br \/>\nProtein 2 g<br \/>\nSare 0,70 g<\/p>\n<p><a href=\"https:\/\/totalblue.ro\/wp-content\/uploads\/2021\/02\/beter-leven.jpeg\"><img loading=\"lazy\" decoding=\"async\" class=\"alignnone wp-image-27415\" src=\"https:\/\/totalblue.ro\/wp-content\/uploads\/2021\/02\/beter-leven-711x400.jpeg\" alt=\"\" width=\"228\" height=\"128\" srcset=\"https:\/\/totalblue.ro\/wp-content\/uploads\/2021\/02\/beter-leven-711x400.jpeg 711w, https:\/\/totalblue.ro\/wp-content\/uploads\/2021\/02\/beter-leven-510x287.jpeg 510w, https:\/\/totalblue.ro\/wp-content\/uploads\/2021\/02\/beter-leven-768x432.jpeg 768w, https:\/\/totalblue.ro\/wp-content\/uploads\/2021\/02\/beter-leven-600x337.jpeg 600w, https:\/\/totalblue.ro\/wp-content\/uploads\/2021\/02\/beter-leven-100x56.jpeg 100w, https:\/\/totalblue.ro\/wp-content\/uploads\/2021\/02\/beter-leven.jpeg 978w\" sizes=\"auto, (max-width: 228px) 100vw, 228px\" \/><\/a><\/p>","protected":false},"excerpt":{"rendered":"<p>G&#8217;woon Mosterdsoep 570ml stazak.<br \/>\nSupa de mustar cu bucatele de bacon G&#8217;woon Olanda 570 ml &#8211; gata preparata<\/p>","protected":false},"featured_media":27499,"comment_status":"open","ping_status":"closed","template":"","meta":{"_acf_changed":false,"_seopress_robots_primary_cat":"none","_seopress_titles_title":"","_seopress_titles_desc":"G'woon Mosterdsoep 570ml stazak. Supa de mustar cu bucatele de bacon G'woon Olanda 570 ml - gata preparata","_seopress_robots_index":""},"product_brand":[1971],"product_cat":[1555,1683,3272,1767],"giftcard-category":[],"class_list":{"0":"post-27498","1":"product","2":"type-product","3":"status-publish","4":"has-post-thumbnail","6":"product_brand-gwoon","7":"product_cat-bacanie","8":"product_cat-conserve-mancare-gatita","9":"product_cat-conserve","10":"product_cat-produse-olanda","12":"first","13":"instock","14":"taxable","15":"shipping-taxable","16":"purchasable","17":"product-type-simple"},"acf":[],"_links":{"self":[{"href":"https:\/\/totalblue.ro\/en\/wp-json\/wp\/v2\/product\/27498","targetHints":{"allow":["GET"]}}],"collection":[{"href":"https:\/\/totalblue.ro\/en\/wp-json\/wp\/v2\/product"}],"about":[{"href":"https:\/\/totalblue.ro\/en\/wp-json\/wp\/v2\/types\/product"}],"replies":[{"embeddable":true,"href":"https:\/\/totalblue.ro\/en\/wp-json\/wp\/v2\/comments?post=27498"}],"wp:featuredmedia":[{"embeddable":true,"href":"https:\/\/totalblue.ro\/en\/wp-json\/wp\/v2\/media\/27499"}],"wp:attachment":[{"href":"https:\/\/totalblue.ro\/en\/wp-json\/wp\/v2\/media?parent=27498"}],"wp:term":[{"taxonomy":"product_brand","embeddable":true,"href":"https:\/\/totalblue.ro\/en\/wp-json\/wp\/v2\/product_brand?post=27498"},{"taxonomy":"product_cat","embeddable":true,"href":"https:\/\/totalblue.ro\/en\/wp-json\/wp\/v2\/product_cat?post=27498"},{"taxonomy":"giftcard-category","embeddable":true,"href":"https:\/\/totalblue.ro\/en\/wp-json\/wp\/v2\/giftcard-category?post=27498"}],"curies":[{"name":"wp","href":"https:\/\/api.w.org\/{rel}","templated":true}]}}