{"id":27524,"date":"2021-02-26T14:37:31","date_gmt":"2021-02-26T12:37:31","guid":{"rendered":"https:\/\/totalblue.ro\/?post_type=product&#038;p=27524"},"modified":"2025-08-04T13:05:09","modified_gmt":"2025-08-04T10:05:09","slug":"supa-crema-de-pui-cu-legume-si-mascarpone-gwoon-olanda-570-ml","status":"publish","type":"product","link":"https:\/\/totalblue.ro\/en\/produs\/supa-crema-de-pui-cu-legume-si-mascarpone-gwoon-olanda-570-ml\/","title":{"rendered":"Supa crema de pui cu legume si mascarpone G&#8217;woon Olanda 570 ml"},"content":{"rendered":"<p>Ideal amount for 2 servings of soup.<br \/>\nG&#8217;woon Romige Kippen soep in zak 570 ml<br \/>\nSupa crema de pui cu legume si mascarpone G&#8217;woon Olanda 570 ml &#8211; gata preparata<br \/>\n<strong>Preparation:<\/strong> Do not put the packaging in the microwave! Do not cook the soup!Put the soup in a bowl and microwave for 2.5 minutes at approx. 750 watts or heat directly in a saucepan or pot stirring gently. After heating is ready to savour!<br \/>\n<strong>Ingredient:<\/strong> ap\u0103, morcov, 4,1% cuburi de pui (carne de pui *, ap\u0103, dextroz\u0103, sare, regulator de aciditate: E640, stabilizator: E451, antioxidant: E331), praz, telina, mascarpone , smantana lichida, sare, extract de vanilie (zah\u0103r, vanilie natural\u0103), permeat fermentat (LAPTE)), ulei de rapi\u021b\u0103, f\u0103in\u0103 de gr\u00e2u, amidon de porumb, ceap\u0103, amidon de porumb modificat, arome naturale , 0,5% stoc de pui (maltodextrin\u0103, sare, gr\u0103sime de pui, carne de pui, arome, amidon de cartofi, lactoz\u0103 (lapte), ceap\u0103, curcuma, antioxidant: acid citric E330), ulei de nuc\u0103 de cocos, sare, extract de plante, p\u0103trunjel, arpagic, condimente, pudr\u0103 de usturoi<br \/>\n<strong>Storage:<\/strong> Dup\u0103 deschidere, aceast\u0103 sup\u0103 poate fi p\u0103strat\u0103 maxim 2 zile la frigider (max. 7 \u00b0 C). Tineti punga inchisa.<br \/>\n<strong>Allergens:<\/strong> Con\u021bine: telina,lapte<br \/>\nFabricat in Olanda de G&#8217;woon , Antwoordnummer 3500, 4140 VH BEESD,<br \/>\nImporter and distributor Total Blue Impex SRL<br \/>\n<strong>Nutrition \/ 100ml:<br \/>\n<\/strong>Proteine \u200b\u200b3.75 g<br \/>\nEnergie 551 kJ<br \/>\nEnergie 53 kcal<br \/>\nCarbohidra\u021bi 4.8 g<br \/>\nZaharuri 1.75 g<br \/>\nSalt 0,7 g<br \/>\n<a href=\"https:\/\/totalblue.ro\/wp-content\/uploads\/2021\/02\/beter-leven.jpeg\"><img loading=\"lazy\" decoding=\"async\" class=\"alignnone wp-image-27415\" src=\"https:\/\/totalblue.ro\/wp-content\/uploads\/2021\/02\/beter-leven-711x400.jpeg\" alt=\"\" width=\"233\" height=\"131\" srcset=\"https:\/\/totalblue.ro\/wp-content\/uploads\/2021\/02\/beter-leven-711x400.jpeg 711w, https:\/\/totalblue.ro\/wp-content\/uploads\/2021\/02\/beter-leven-510x287.jpeg 510w, https:\/\/totalblue.ro\/wp-content\/uploads\/2021\/02\/beter-leven-768x432.jpeg 768w, https:\/\/totalblue.ro\/wp-content\/uploads\/2021\/02\/beter-leven-600x337.jpeg 600w, https:\/\/totalblue.ro\/wp-content\/uploads\/2021\/02\/beter-leven-100x56.jpeg 100w, https:\/\/totalblue.ro\/wp-content\/uploads\/2021\/02\/beter-leven.jpeg 978w\" sizes=\"auto, (max-width: 233px) 100vw, 233px\" \/><\/a><\/p>\n<p>&nbsp;<\/p>","protected":false},"excerpt":{"rendered":"<p>G&#8217;woon Romige Kippen soep in zak 570 ml<br \/>\nSupa crema de pui cu legume si mascarpone G&#8217;woon Olanda 570 ml &#8211; gata preparata<\/p>","protected":false},"featured_media":27525,"comment_status":"open","ping_status":"closed","template":"","meta":{"_acf_changed":false,"_seopress_robots_primary_cat":"none","_seopress_titles_title":"","_seopress_titles_desc":"G&#039;woon Romige Kippen soep in zak 570 ml.Supa crema de pui cu legume si mascarpone G&#039;woon Olanda 570 ml - gata preparata","_seopress_robots_index":""},"product_brand":[1971],"product_cat":[1555,1683,3272,1767],"giftcard-category":[],"class_list":{"0":"post-27524","1":"product","2":"type-product","3":"status-publish","4":"has-post-thumbnail","6":"product_brand-gwoon","7":"product_cat-bacanie","8":"product_cat-conserve-mancare-gatita","9":"product_cat-conserve","10":"product_cat-produse-olanda","12":"first","13":"outofstock","14":"taxable","15":"shipping-taxable","16":"purchasable","17":"product-type-simple"},"acf":[],"_links":{"self":[{"href":"https:\/\/totalblue.ro\/en\/wp-json\/wp\/v2\/product\/27524","targetHints":{"allow":["GET"]}}],"collection":[{"href":"https:\/\/totalblue.ro\/en\/wp-json\/wp\/v2\/product"}],"about":[{"href":"https:\/\/totalblue.ro\/en\/wp-json\/wp\/v2\/types\/product"}],"replies":[{"embeddable":true,"href":"https:\/\/totalblue.ro\/en\/wp-json\/wp\/v2\/comments?post=27524"}],"wp:featuredmedia":[{"embeddable":true,"href":"https:\/\/totalblue.ro\/en\/wp-json\/wp\/v2\/media\/27525"}],"wp:attachment":[{"href":"https:\/\/totalblue.ro\/en\/wp-json\/wp\/v2\/media?parent=27524"}],"wp:term":[{"taxonomy":"product_brand","embeddable":true,"href":"https:\/\/totalblue.ro\/en\/wp-json\/wp\/v2\/product_brand?post=27524"},{"taxonomy":"product_cat","embeddable":true,"href":"https:\/\/totalblue.ro\/en\/wp-json\/wp\/v2\/product_cat?post=27524"},{"taxonomy":"giftcard-category","embeddable":true,"href":"https:\/\/totalblue.ro\/en\/wp-json\/wp\/v2\/giftcard-category?post=27524"}],"curies":[{"name":"wp","href":"https:\/\/api.w.org\/{rel}","templated":true}]}}