{"id":27542,"date":"2021-03-01T14:55:35","date_gmt":"2021-03-01T12:55:35","guid":{"rendered":"https:\/\/totalblue.ro\/?post_type=product&#038;p=27542"},"modified":"2025-08-04T13:05:08","modified_gmt":"2025-08-04T10:05:08","slug":"supa-crema-de-ciuperci-de-padure-gwoon-olanda-570-ml","status":"publish","type":"product","link":"https:\/\/totalblue.ro\/en\/produs\/supa-crema-de-ciuperci-de-padure-gwoon-olanda-570-ml\/","title":{"rendered":"Supa crema de ciuperci de padure G\u2019woon Olanda 570 ml"},"content":{"rendered":"<p>Ideal amount for 2 servings of soup.<br \/>\ng&#8217;woon Bospaddenstoelen Soep 570 ml<br \/>\nSupa crema de ciuperci de padure G\u2019woon Olanda 570 ml &#8211; gata preparata<br \/>\n<strong>Preparation:<\/strong> Do not put the packaging in the microwave! Do not cook the soup!Put the soup in a bowl and microwave for 2.5 minutes at approx. 750 watts or heat directly in a saucepan or pot stirring gently. After heating is ready to savour!<br \/>\n<strong>Ingredient:<\/strong> Apa, 16% ciuperci (ciuperci, 3,2% ciuperci de padure (2,5% ciuperci, 0,7% chanterelle), amidon de porumb modificat, ulei de rapita, ceapa, lapte praf degresat, 0,65% concentrat de ciuperci, sare, faina de grau, extract de drojdie, 0,3 % hasmatuchi, o\u021bet de vin alb (o\u021bet de vin, must de struguri, arom\u0103 natural\u0103), ingrosator: guma de xantan, aroma naturala, cimbru, usturoi, piper alb<br \/>\n<strong>Storage:<\/strong> Dup\u0103 deschidere, aceast\u0103 sup\u0103 poate fi p\u0103strat\u0103 maxim 2 zile la frigider (max. 7 \u00b0 C). Tineti punga inchisa.<br \/>\n<strong>Allergens:<\/strong> Contine lapte, con\u021bine grau<br \/>\nFabricat in Olanda de G&#8217;woon , Antwoordnummer 3500, 4140 VH BEESD,<br \/>\nImporter and distributor Total Blue Impex SRL<br \/>\n<strong>Nutrition \/ 100ml:<br \/>\n<\/strong>Energie 199 kJ \/ 49 kcal<br \/>\nGr\u0103sime 2,8 g din care saturati 1.7 g<br \/>\nacizi gra\u0219i mononesatura\u021bi 0.9 g<br \/>\nacizi gra\u0219i polinesatura\u021bi 0.2 g<br \/>\nCarbohidra\u021bi 4,3 g din care zaharuri 0,7 g<br \/>\nFibra 0.4 g<br \/>\nProtein 1.1 g<br \/>\nSare 0,62 g<br \/>\n<strong>Vegetarian product<\/strong><\/p>\n<div dir=\"auto\">Nou ! Click &amp; Collect\u00a0Total Blue\u00a0!<\/div>\n<div dir=\"auto\">Order your favourite products and pick up your order when you have time!<\/div>\n<div dir=\"auto\">Cu serviciul Click &amp; Collect\u00a0Total Blue\u00a0iti po\u021bi rezerva online produsele, iar in intervalul orar 08:00-21:00 le poti ridica din locatia situata in Bucuresti, Sector 6, Bulevardul Uverturii 69 A<\/div>\n<div dir=\"auto\">After placing and registering your order, you will be notified (by phone, email or SMS) when you can come and pick up your order.<\/div>\n<div dir=\"auto\">Nu se percep taxe suplimentare pentru Click &amp; Collect\u00a0Total Blue<\/div>\n<div dir=\"auto\">You pay for the items purchased either online at the time of order or cash \/ card directly in-store at collection.<\/div>\n<div dir=\"auto\">Incearca acum noul serviciu Click &amp; Collect\u00a0Total Blue\u00a0!<\/div>","protected":false},"excerpt":{"rendered":"<p>g&#8217;woon Bospaddenstoelen Soep 570 ml<br \/>\nSupa crema de ciuperci de padure G\u2019woon Olanda 570 ml &#8211; gata preparata<\/p>","protected":false},"featured_media":125045,"comment_status":"open","ping_status":"closed","template":"","meta":{"_acf_changed":false,"_seopress_robots_primary_cat":"none","_seopress_titles_title":"","_seopress_titles_desc":"Cumpara online supa cremaciuperci, supe creme ciuperci, ciuperci de padure , mancare. Magazin online supe si mancare cu livrare rapida.","_seopress_robots_index":""},"product_brand":[1971],"product_cat":[1555,1683,3272,21826,1767,22064],"giftcard-category":[],"class_list":{"0":"post-27542","1":"product","2":"type-product","3":"status-publish","4":"has-post-thumbnail","6":"product_brand-gwoon","7":"product_cat-bacanie","8":"product_cat-conserve-mancare-gatita","9":"product_cat-conserve","10":"product_cat-produse-bio-dietetice","11":"product_cat-produse-olanda","12":"product_cat-vegetarian","14":"first","15":"outofstock","16":"taxable","17":"shipping-taxable","18":"purchasable","19":"product-type-simple"},"acf":[],"_links":{"self":[{"href":"https:\/\/totalblue.ro\/en\/wp-json\/wp\/v2\/product\/27542","targetHints":{"allow":["GET"]}}],"collection":[{"href":"https:\/\/totalblue.ro\/en\/wp-json\/wp\/v2\/product"}],"about":[{"href":"https:\/\/totalblue.ro\/en\/wp-json\/wp\/v2\/types\/product"}],"replies":[{"embeddable":true,"href":"https:\/\/totalblue.ro\/en\/wp-json\/wp\/v2\/comments?post=27542"}],"wp:featuredmedia":[{"embeddable":true,"href":"https:\/\/totalblue.ro\/en\/wp-json\/wp\/v2\/media\/125045"}],"wp:attachment":[{"href":"https:\/\/totalblue.ro\/en\/wp-json\/wp\/v2\/media?parent=27542"}],"wp:term":[{"taxonomy":"product_brand","embeddable":true,"href":"https:\/\/totalblue.ro\/en\/wp-json\/wp\/v2\/product_brand?post=27542"},{"taxonomy":"product_cat","embeddable":true,"href":"https:\/\/totalblue.ro\/en\/wp-json\/wp\/v2\/product_cat?post=27542"},{"taxonomy":"giftcard-category","embeddable":true,"href":"https:\/\/totalblue.ro\/en\/wp-json\/wp\/v2\/giftcard-category?post=27542"}],"curies":[{"name":"wp","href":"https:\/\/api.w.org\/{rel}","templated":true}]}}