{"id":27591,"date":"2021-03-02T10:29:47","date_gmt":"2021-03-02T08:29:47","guid":{"rendered":"https:\/\/totalblue.ro\/?post_type=product&#038;p=27591"},"modified":"2025-08-06T15:57:00","modified_gmt":"2025-08-06T12:57:00","slug":"supa-deasa-cu-paste-si-chiftelute-maggi-325-g","status":"publish","type":"product","link":"https:\/\/totalblue.ro\/en\/produs\/supa-deasa-cu-paste-si-chiftelute-maggi-325-g\/","title":{"rendered":"Supa deasa cu paste si chiftelute Maggi 325 ml"},"content":{"rendered":"<p>MAGGI Ein Teller Nudeltopf mit Fleischkl\u00f6\u00dfchen 325g<br \/>\nSupa deasa cu paste si chiftelute Maggi 325 g<\/p>\n<p><strong>Recommendations<\/strong>: Turnati continutul intr-o cratita \/ tigaie. Amestecati ocazional. Incalziti la foc mediu. De asemenea puteti incalzi si la cuptorul cu microunde la 600 W timp de aproximativ 2 minute. Rapid si usor!<br \/>\n<strong>Ingredient: <\/strong>ap\u0103, t\u0103i\u021bei 20,9% (taietei grau, faina alba cu ou), 6,4% g\u0103lu\u0219te de porc (porc, pesmet (faina de grau, sare, drojdie), sare, condimente (cu mustar), plante aromatice, antioxidan\u021bi (ascorbat de sodiu, citrat de potasiu)], 3,7% morcovi, praz, 1,5% maz\u0103re, ulei de floarea soarelui, sl\u0103nin\u0103 afumat\u0103 &#8211; bacon (sl\u0103nin\u0103, sare, fum), telina, sare iodat\u0103, condimente (piper, curcuma, nuc\u0219oar\u0103), ierburi aromate (frunze de telina, p\u0103trunjel), zah\u0103r, arome, extract de drojdie.<br \/>\n<strong>Allergens: <\/strong>gluten, telina, mustar, grau, ou<br \/>\n<strong>Storage conditions: <\/strong>A se pastra la loc uscat si racoros, ferit de actiunea directa a soarelui. Dupa deschidere a se pastra la frigider.<\/p>\n<table class=\"table table-condensed bifi_table\">\n<thead>\n<tr>\n<th scope=\"col\">Valori nutritionale<\/th>\n<th scope=\"col\">per 100g<\/th>\n<th scope=\"col\">per portie \/ 325g<\/th>\n<th scope=\"col\"><\/th>\n<\/tr>\n<\/thead>\n<tbody>\n<tr>\n<td>Energie<\/td>\n<td>235 kJ<br \/>\n56 kcal<\/td>\n<td>764 kJ<br \/>\n183 kcal<\/td>\n<td><\/td>\n<\/tr>\n<tr>\n<td>Grasime<\/td>\n<td>2,9 g<\/td>\n<td>9,5 g<\/td>\n<td><\/td>\n<\/tr>\n<tr>\n<td>din care saturati<\/td>\n<td>0,7 g<\/td>\n<td>2,3 g<\/td>\n<td><\/td>\n<\/tr>\n<tr>\n<td>Carbohidrati<\/td>\n<td>5,3 g<\/td>\n<td>17,2 g<\/td>\n<td><\/td>\n<\/tr>\n<tr>\n<td>din care zaharuri<\/td>\n<td>0,5 g<\/td>\n<td>1,6 g<\/td>\n<td><\/td>\n<\/tr>\n<tr>\n<td>Protein<\/td>\n<td>1,9 g<\/td>\n<td>6,2 g<\/td>\n<td><\/td>\n<\/tr>\n<tr>\n<td>Sare<\/td>\n<td>0,88 g<\/td>\n<td>2,8 g<\/td>\n<\/tr>\n<\/tbody>\n<\/table>\n<p>Fabricat in Germania de Maggi GmbH , 78221 Singen, Hohentwiel.<br \/>\nImporter and distributor Total Blue Impex SRL<br \/>\n<strong>*<\/strong> Re\u021betele produselor se pot schimba. Informa\u021biile furnizate aici se refer\u0103 la gama german\u0103 valabil\u0103 \u00een prezent \u0219i sunt actualizate periodic. \u00cen cazul modific\u0103rilor re\u021betei, produsele cu re\u021beta veche \u0219i cea nou\u0103 pot fi g\u0103site \u00een magazine. Prin urmare, cump\u0103r\u0103torul trebuie s\u0103 citeasc\u0103 \u00eentotdeauna cu aten\u021bie toate informa\u021biile de pe ambalaj. Acest lucru se aplic\u0103 \u00een special listei de ingrediente pentru a lua \u00een considerare intoleran\u021bele.<\/p>\n<p>&nbsp;<\/p>","protected":false},"excerpt":{"rendered":"<p>MAGGI Ein Teller Nudeltopf mit Fleischkl\u00f6\u00dfchen 325g<br \/>\nSupa deasa cu paste si chiftelute Maggi 325 g<\/p>","protected":false},"featured_media":34513,"comment_status":"open","ping_status":"closed","template":"","meta":{"_acf_changed":false,"_seopress_robots_primary_cat":"1950","_seopress_titles_title":"","_seopress_titles_desc":"MAGGI Ein Teller Nudeltopf mit Fleischkl\u00f6\u00dfchen 325g.Supa deasa cu paste si chiftelute Maggi 325 g Livrare rapida pana la usa ta","_seopress_robots_index":""},"product_brand":[1869],"product_cat":[1555,1683,3272,3372,1950,1767,3364],"giftcard-category":[],"class_list":{"0":"post-27591","1":"product","2":"type-product","3":"status-publish","4":"has-post-thumbnail","6":"product_brand-maggi","7":"product_cat-bacanie","8":"product_cat-conserve-mancare-gatita","9":"product_cat-conserve","10":"product_cat-conserve-produse-germania","11":"product_cat-produse-germania","12":"product_cat-produse-olanda","13":"product_cat-supe-produse-germania","15":"first","16":"outofstock","17":"taxable","18":"shipping-taxable","19":"purchasable","20":"product-type-simple"},"acf":[],"_links":{"self":[{"href":"https:\/\/totalblue.ro\/en\/wp-json\/wp\/v2\/product\/27591","targetHints":{"allow":["GET"]}}],"collection":[{"href":"https:\/\/totalblue.ro\/en\/wp-json\/wp\/v2\/product"}],"about":[{"href":"https:\/\/totalblue.ro\/en\/wp-json\/wp\/v2\/types\/product"}],"replies":[{"embeddable":true,"href":"https:\/\/totalblue.ro\/en\/wp-json\/wp\/v2\/comments?post=27591"}],"wp:featuredmedia":[{"embeddable":true,"href":"https:\/\/totalblue.ro\/en\/wp-json\/wp\/v2\/media\/34513"}],"wp:attachment":[{"href":"https:\/\/totalblue.ro\/en\/wp-json\/wp\/v2\/media?parent=27591"}],"wp:term":[{"taxonomy":"product_brand","embeddable":true,"href":"https:\/\/totalblue.ro\/en\/wp-json\/wp\/v2\/product_brand?post=27591"},{"taxonomy":"product_cat","embeddable":true,"href":"https:\/\/totalblue.ro\/en\/wp-json\/wp\/v2\/product_cat?post=27591"},{"taxonomy":"giftcard-category","embeddable":true,"href":"https:\/\/totalblue.ro\/en\/wp-json\/wp\/v2\/giftcard-category?post=27591"}],"curies":[{"name":"wp","href":"https:\/\/api.w.org\/{rel}","templated":true}]}}