{"id":27691,"date":"2021-03-08T16:25:38","date_gmt":"2021-03-08T14:25:38","guid":{"rendered":"https:\/\/totalblue.ro\/?post_type=product&#038;p=27691"},"modified":"2026-02-24T18:07:11","modified_gmt":"2026-02-24T16:07:11","slug":"supa-indonesia-cu-taietei-legume-ciuperci-si-bucati-mici-de-pui-390-ml","status":"publish","type":"product","link":"https:\/\/totalblue.ro\/en\/produs\/supa-indonesia-cu-taietei-legume-ciuperci-si-bucati-mici-de-pui-390-ml\/","title":{"rendered":"Indonesia soup with noodles, vegetables, mushrooms and chicken 390 ml"},"content":{"rendered":"<p>Indonesia Bihunsuppe das Original, Glasnudelsuppe mit Huhn, 390ml.<br \/>\nSupa Indonesia cu taietei, legume, ciuperci si bucati mici de pui 390 ml<\/p>\n<p><strong>Recommendations<\/strong>: Pour the contents into a saucepan. Stir occasionally. Heat over medium heat. You can also microwave at 600 W for about 3.5 minutes. Quick and easy!<br \/>\n<strong>Ingredient:<\/strong> ap\u0103, t\u0103i\u021bei 17% (amidon de fasole mung, ap\u0103), pui 5% *, sos de soia (melas\u0103, soia, porumb), ciuperci 3%, boia 3%, amidon modificat, gr\u0103sime de pui, poten\u021biator de arom\u0103: monosodic glutamat, sare de \u021belin\u0103 (telina, sare de mas\u0103), bulion (extract de drojdie, ulei de floarea soarelui, arom\u0103), ceap\u0103, sare de mas\u0103, arom\u0103, pudr\u0103 de usturoi, \u00eengro\u0219\u0103tor: gum\u0103 de guar \u0219i gum\u0103 de xantan, extract de ardei iute.<br \/>\nBucatarie: Asia de Sud-Est<br \/>\n<strong>Allergens: <\/strong>Soia \u0219i produse ob\u021binute din acestea, oua \u0219i produse ob\u021binute din acestea, \u021belina \u0219i produse ob\u021binute din acestea<br \/>\n<strong>Storage conditions: <\/strong>Store in a dry and cool place, away from direct sunlight. After opening, keep covered in the refrigerator and consume within 48h.<br \/>\nNutritional values \/ 100 g:<br \/>\nEnergie 157 kJ \/ 37 kcal<br \/>\nGrasime 1 g din care acizi grasi saturati 0,3 g<br \/>\nCarbohidra\u021bi 5.5 g din care zahar 1 g<br \/>\nProtein 1,3 g<br \/>\nSalt 1.1 g<\/p>\n<p>Fabricat si vandut in Germania de Dreistern Konserven GmbH &amp; Co. KG , Philipp-Oehmigke-Str. 4, 16816 Neuruppin.<br \/>\nImporter and distributor Total Blue Impex SRL<\/p>\n<p>&nbsp;<\/p>","protected":false},"excerpt":{"rendered":"<p>Indonesia Bihunsuppe das Original, Glasnudelsuppe mit Huhn, 390ml.<br \/>\nSupa Indonesia cu taietei, legume, ciuperci si bucati mici de pui 390 ml<\/p>","protected":false},"featured_media":27692,"comment_status":"open","ping_status":"closed","template":"","meta":{"_acf_changed":false,"_seopress_robots_primary_cat":"1950","_seopress_titles_title":"","_seopress_titles_desc":"Cumpara online supa taietei, supe legume, supe cu ciuperci, supe pui. Magazin online cu mancare si livrare rapida.","_seopress_robots_index":""},"product_brand":[1986],"product_cat":[1555,1683,3372,3272,1950,1767,3364],"giftcard-category":[],"class_list":{"0":"post-27691","1":"product","2":"type-product","3":"status-publish","4":"has-post-thumbnail","6":"product_brand-indonesia","7":"product_cat-bacanie","8":"product_cat-conserve-mancare-gatita","9":"product_cat-conserve-produse-germania","10":"product_cat-conserve","11":"product_cat-produse-germania","12":"product_cat-produse-olanda","13":"product_cat-supe-produse-germania","15":"first","16":"outofstock","17":"taxable","18":"shipping-taxable","19":"purchasable","20":"product-type-simple"},"acf":[],"_links":{"self":[{"href":"https:\/\/totalblue.ro\/en\/wp-json\/wp\/v2\/product\/27691","targetHints":{"allow":["GET"]}}],"collection":[{"href":"https:\/\/totalblue.ro\/en\/wp-json\/wp\/v2\/product"}],"about":[{"href":"https:\/\/totalblue.ro\/en\/wp-json\/wp\/v2\/types\/product"}],"replies":[{"embeddable":true,"href":"https:\/\/totalblue.ro\/en\/wp-json\/wp\/v2\/comments?post=27691"}],"wp:featuredmedia":[{"embeddable":true,"href":"https:\/\/totalblue.ro\/en\/wp-json\/wp\/v2\/media\/27692"}],"wp:attachment":[{"href":"https:\/\/totalblue.ro\/en\/wp-json\/wp\/v2\/media?parent=27691"}],"wp:term":[{"taxonomy":"product_brand","embeddable":true,"href":"https:\/\/totalblue.ro\/en\/wp-json\/wp\/v2\/product_brand?post=27691"},{"taxonomy":"product_cat","embeddable":true,"href":"https:\/\/totalblue.ro\/en\/wp-json\/wp\/v2\/product_cat?post=27691"},{"taxonomy":"giftcard-category","embeddable":true,"href":"https:\/\/totalblue.ro\/en\/wp-json\/wp\/v2\/giftcard-category?post=27691"}],"curies":[{"name":"wp","href":"https:\/\/api.w.org\/{rel}","templated":true}]}}