{"id":28099,"date":"2021-03-29T16:19:21","date_gmt":"2021-03-29T13:19:21","guid":{"rendered":"https:\/\/totalblue.ro\/?post_type=product&#038;p=28099"},"modified":"2025-08-06T15:56:55","modified_gmt":"2025-08-06T12:56:55","slug":"spaghetti-bolognese-in-sos-tomat-si-bucatele-de-carne-de-vita-maggi-810-g","status":"publish","type":"product","link":"https:\/\/totalblue.ro\/en\/produs\/spaghetti-bolognese-in-sos-tomat-si-bucatele-de-carne-de-vita-maggi-810-g\/","title":{"rendered":"Spaghetti Bolognese in sos tomat si bucatele de carne de vita Maggi 810 g"},"content":{"rendered":"<p>Spaghetti Bolognese in sos tomat si bucatele de carne de vita Maggi 810 g<\/p>\n<p><strong>Recommendations<\/strong>: Turnati continutul intr-o cratita \/ tigaie. Incalziti la foc mediu. De asemenea puteti incalzi si la cuptorul cu microunde, 4 minute la 600 W.<br \/>\n<strong>Ingredient: <\/strong>apa 27,6%, pasta de rosii 19,8% spaghete (grau durum, proteine de ou), 4,6% carne de vita, grasime de vita, condimente, 0,5% morcovi, ierburi, ulei de masline extravirgin, sare iodata, zahar, ulei de floarea soarelui, amidon modificat, extract de drojdie, grasime de palmier, arome, condimente (din grau), acid lactic acidifiant, guma de ingrosare guar. Poate con\u021bine telina, lapte, mustar \u0219i soia.<br \/>\n<strong>Allergens:<\/strong> lactate \u0219i lactoza, telina, oua<br \/>\n<strong>Storage conditions:<\/strong><br \/>\nA se pastra la loc uscat si racoros, ferit de actiunea directa a soarelui. Dupa deschidere a se pastra la frigider maxim 48 de ore.<br \/>\n<strong>Nutritional values \/ 100g:<\/strong><br \/>\nEnergie 74 kcal<br \/>\nGrasime 2.2 grame<br \/>\ndin care grasimi saturati 0.7 grame<br \/>\nCarbohidrati 10.1 grame<br \/>\ndin care zaharuri 2.6 grame<br \/>\nProteine \u200b\u200b3 grame<br \/>\nSare 1.1 grame<\/p>\n<p>Certificare: Gr\u00fcner Punkt &#8211; ARA (eticheta ambalajului)<br \/>\nDimensiune 11.68 x 9.91 x 9.91 cm<br \/>\nFabricat in Germania de Maggi GmbH , 78221 Singen, Hohentwiel.<br \/>\nImporter and distributor Total Blue Impex SRL<br \/>\n*Re\u021betele produselor se pot schimba. Informa\u021biile furnizate aici se refera la gama germana valabila \u00een prezent \u0219i sunt actualizate periodic. In cazul modific\u0103rilor retetei, produsele cu reteta veche \u0219i cea nou\u0103 pot fi g\u0103site \u00een magazine. Prin urmare, cump\u0103r\u0103torul trebuie sa citeasca intotdeauna cu atentie toate informatiile de pe ambalaj. Acest lucru se aplica in special listei de ingrediente pentru a lua \u00een considerare intolerantele.<\/p>","protected":false},"excerpt":{"rendered":"<p>Spaghetti Bolognese in sos tomat si bucatele de carne de vita Maggi 810 g<\/p>","protected":false},"featured_media":28100,"comment_status":"open","ping_status":"closed","template":"","meta":{"_acf_changed":false,"_seopress_robots_primary_cat":"1950","_seopress_titles_title":"","_seopress_titles_desc":"Comanda acum online Spaghetti Bolognese in sos tomat si bucatele de carne de vita Maggi 810 g, livrare rapida pana la usa ta","_seopress_robots_index":""},"product_brand":[1869],"product_cat":[1555,1683,3272,3372,1950,1767],"giftcard-category":[],"class_list":{"0":"post-28099","1":"product","2":"type-product","3":"status-publish","4":"has-post-thumbnail","6":"product_brand-maggi","7":"product_cat-bacanie","8":"product_cat-conserve-mancare-gatita","9":"product_cat-conserve","10":"product_cat-conserve-produse-germania","11":"product_cat-produse-germania","12":"product_cat-produse-olanda","14":"first","15":"outofstock","16":"taxable","17":"shipping-taxable","18":"purchasable","19":"product-type-simple"},"acf":[],"_links":{"self":[{"href":"https:\/\/totalblue.ro\/en\/wp-json\/wp\/v2\/product\/28099","targetHints":{"allow":["GET"]}}],"collection":[{"href":"https:\/\/totalblue.ro\/en\/wp-json\/wp\/v2\/product"}],"about":[{"href":"https:\/\/totalblue.ro\/en\/wp-json\/wp\/v2\/types\/product"}],"replies":[{"embeddable":true,"href":"https:\/\/totalblue.ro\/en\/wp-json\/wp\/v2\/comments?post=28099"}],"wp:featuredmedia":[{"embeddable":true,"href":"https:\/\/totalblue.ro\/en\/wp-json\/wp\/v2\/media\/28100"}],"wp:attachment":[{"href":"https:\/\/totalblue.ro\/en\/wp-json\/wp\/v2\/media?parent=28099"}],"wp:term":[{"taxonomy":"product_brand","embeddable":true,"href":"https:\/\/totalblue.ro\/en\/wp-json\/wp\/v2\/product_brand?post=28099"},{"taxonomy":"product_cat","embeddable":true,"href":"https:\/\/totalblue.ro\/en\/wp-json\/wp\/v2\/product_cat?post=28099"},{"taxonomy":"giftcard-category","embeddable":true,"href":"https:\/\/totalblue.ro\/en\/wp-json\/wp\/v2\/giftcard-category?post=28099"}],"curies":[{"name":"wp","href":"https:\/\/api.w.org\/{rel}","templated":true}]}}