{"id":28101,"date":"2021-03-29T16:27:05","date_gmt":"2021-03-29T13:27:05","guid":{"rendered":"https:\/\/totalblue.ro\/?post_type=product&#038;p=28101"},"modified":"2025-08-06T15:56:53","modified_gmt":"2025-08-06T12:56:53","slug":"ravioli-de-legume-in-sos-de-rosii-legume-maggi-800-g","status":"publish","type":"product","link":"https:\/\/totalblue.ro\/en\/produs\/ravioli-de-legume-in-sos-de-rosii-legume-maggi-800-g\/","title":{"rendered":"Ravioli de legume in sos de rosii-legume Maggi 800 g"},"content":{"rendered":"<p>Gem\u00fcse-Ravioli in Tomaten-Gem\u00fcsesauce, 33% Gem\u00fcse<br \/>\nRavioli de legume in sos de rosii-legume Maggi 800 g<\/p>\n<p><strong>Recommendations<\/strong>: Turnati continutul intr-o cratita \/ tigaie. Incalziti la foc mediu. De asemenea puteti incalzi si la cuptorul cu microunde, 4 minute la 600 W.<br \/>\n<strong>Ingredient: <\/strong>\u00a074,5% sos de ro\u0219ii-legume (ap\u0103, 30,6% pasta de ro\u0219ii , 4% morcovi , ceapa, 1,7% mazare , 1,2% porumb , 1,2% praz , dovleac, 0, 7% boia , 0,3% ro\u0219ii , zahar, sare iodata, otet de coniac, amidon modificat, ulei de floarea soarelui, mirodenii, otet de vin, guma de ingro\u0219are guar, arome, oregano), 25,5% ravioli ( grau durum, apa, pesmet (fain\u0103 de grau, drojdie, sare iodata ), faina de grau, ulei de floarea soarelui, proteine de grau, amidon de cartofi, faina de mazare, sare iodata, morcovi, ceapa, spanac, boia, condimente, arome). Poate con\u021bine telina, oua, lapte, mustar \u0219i soia.<br \/>\n<strong>Specialitate vegetarian\u0103<\/strong><br \/>\n<strong>Storage conditions:<\/strong><br \/>\nA se pastra la loc uscat si racoros, ferit de actiunea directa a soarelui. Dupa deschidere a se pastra la frigider maxim 48 de ore.<br \/>\nNutritional values \/ 100 g:<br \/>\nEnergie 343 kj \/ 81 kcal<br \/>\nGrasime 1.3 g din care grasimi saturati 0.1 g<br \/>\nCarbohidrati 13.7 g din care zaharuri 3.2 g<br \/>\nFibre 1.3 g<br \/>\nProteine \u200b\u200b2.9 g<br \/>\nSalt 0.90 g<\/p>\n<p>Certificare: Gr\u00fcner Punkt &#8211; ARA (eticheta ambalajului)<br \/>\nFabricat in Germania de Maggi GmbH , 78221 Singen, Hohentwiel.<br \/>\nImporter and distributor Total Blue Impex SRL<br \/>\n*Re\u021betele produselor se pot schimba. Informa\u021biile furnizate aici se refera la gama germana valabila \u00een prezent \u0219i sunt actualizate periodic. In cazul modific\u0103rilor retetei, produsele cu reteta veche \u0219i cea nou\u0103 pot fi g\u0103site \u00een magazine. Prin urmare, cump\u0103r\u0103torul trebuie sa citeasca intotdeauna cu atentie toate informatiile de pe ambalaj. Acest lucru se aplica in special listei de ingrediente pentru a lua \u00een considerare intolerantele.<\/p>","protected":false},"excerpt":{"rendered":"<p>Ravioli de legume in sos de rosii-legume Maggi 800 g<\/p>","protected":false},"featured_media":28102,"comment_status":"open","ping_status":"closed","template":"","meta":{"_acf_changed":false,"_seopress_robots_primary_cat":"1950","_seopress_titles_title":"","_seopress_titles_desc":"Comanda acum online Ravioli de legume in sos de rosii-legume Maggi 800 g cu livrare rapida pana la usa ta","_seopress_robots_index":""},"product_brand":[1869],"product_cat":[1555,1683,3272,3372,1950,1767],"giftcard-category":[],"class_list":{"0":"post-28101","1":"product","2":"type-product","3":"status-publish","4":"has-post-thumbnail","6":"product_brand-maggi","7":"product_cat-bacanie","8":"product_cat-conserve-mancare-gatita","9":"product_cat-conserve","10":"product_cat-conserve-produse-germania","11":"product_cat-produse-germania","12":"product_cat-produse-olanda","14":"first","15":"outofstock","16":"taxable","17":"shipping-taxable","18":"purchasable","19":"product-type-simple"},"acf":[],"_links":{"self":[{"href":"https:\/\/totalblue.ro\/en\/wp-json\/wp\/v2\/product\/28101","targetHints":{"allow":["GET"]}}],"collection":[{"href":"https:\/\/totalblue.ro\/en\/wp-json\/wp\/v2\/product"}],"about":[{"href":"https:\/\/totalblue.ro\/en\/wp-json\/wp\/v2\/types\/product"}],"replies":[{"embeddable":true,"href":"https:\/\/totalblue.ro\/en\/wp-json\/wp\/v2\/comments?post=28101"}],"wp:featuredmedia":[{"embeddable":true,"href":"https:\/\/totalblue.ro\/en\/wp-json\/wp\/v2\/media\/28102"}],"wp:attachment":[{"href":"https:\/\/totalblue.ro\/en\/wp-json\/wp\/v2\/media?parent=28101"}],"wp:term":[{"taxonomy":"product_brand","embeddable":true,"href":"https:\/\/totalblue.ro\/en\/wp-json\/wp\/v2\/product_brand?post=28101"},{"taxonomy":"product_cat","embeddable":true,"href":"https:\/\/totalblue.ro\/en\/wp-json\/wp\/v2\/product_cat?post=28101"},{"taxonomy":"giftcard-category","embeddable":true,"href":"https:\/\/totalblue.ro\/en\/wp-json\/wp\/v2\/giftcard-category?post=28101"}],"curies":[{"name":"wp","href":"https:\/\/api.w.org\/{rel}","templated":true}]}}