{"id":28124,"date":"2021-03-30T11:36:09","date_gmt":"2021-03-30T08:36:09","guid":{"rendered":"https:\/\/totalblue.ro\/?post_type=product&#038;p=28124"},"modified":"2025-11-25T16:41:47","modified_gmt":"2025-11-25T14:41:47","slug":"paste-cu-bucatele-de-vita-erasco-800-g","status":"publish","type":"product","link":"https:\/\/totalblue.ro\/en\/produs\/paste-cu-bucatele-de-vita-erasco-800-g\/","title":{"rendered":"Pasta with beef mince Erasco 800 g"},"content":{"rendered":"<p>Rindfleisch Nudel-Topf Erasco 800 g<br \/>\nPasta with beef mince Erasco 800 g<br \/>\nCantitate recomandata pentru 2 portii.<\/p>\n<p>Ingrediente: apa, 18% taitei paste gatite (grau de durum (gluten), grau cu ou), 8,5% legume (morcovi, praz, telina), 4,7% carne de vita gatit\u0103 (carne de vita, sare, amidon de tapioca), ulei de rapita, sare, extract de drojdie, zahar, inlocuitor de sare (clorur\u0103 de potasiu), arom\u0103, patrunjel, dextroza, extract de boia de colorat, ingrosator: guma de guar. Poate contine urme de lapte, soia \u0219i mustar.<br \/>\nNo preservatives<strong>.<br \/>\nRecommendations:<\/strong> Turnati continutul intr-o cratita \/ tigaie. Incalziti la foc mediu. De asemenea puteti incalzi si la cuptorul cu microunde, 6 minute la 600 W<br \/>\n<strong>Storage conditions: <\/strong>A se pastra intr-un loc uscat la temperatura camerei.<br \/>\nDupa deschidere, a se pastra acoperita in frigider si a se consuma in max 48h.<br \/>\n<strong>Allergens:\u00a0<\/strong>telina, grau, oua, lapte, soia, mustar<\/p>\n<p>Nutritional values \/ 100 g:<br \/>\nEnergie 184 kJ \/ 44 kcal<br \/>\nGrasimi 1.5 g din care acizi grasi saturati 0.2 g<br \/>\nGlucide 5.2 g din care zaharuri 0.9 g<br \/>\nFibre alimentare 0.5 g<br \/>\nProteine \u200b\u200b 22 g<br \/>\nSare\u00a0 0.9 g<\/p>\n<p>Prezentare : conserva<br \/>\nCountry of origin: Germany<br \/>\nFabricat in Germania de GB Foods Deutschland GmbH , Geniner Strase 88-100, 23560 L\u00fcbeck<br \/>\nImporter and distributor Total Blue Impex SRL<\/p>","protected":false},"excerpt":{"rendered":"<p>Rindfleisch Nudel-Topf Erasco 800 g<br \/>\nPasta with beef mince Erasco 800 g<\/p>","protected":false},"featured_media":28125,"comment_status":"open","ping_status":"closed","template":"","meta":{"_acf_changed":false,"_seopress_robots_primary_cat":"1950","_seopress_titles_title":"","_seopress_titles_desc":"Comanda acum online cu livrare rapida Rindfleisch Nudel-Topf Erasco 800 gPaste cu bucatele de vita Erasco 800 g","_seopress_robots_index":""},"product_brand":[1951],"product_cat":[1555,1683,3272,3372,1950,1767],"giftcard-category":[],"class_list":{"0":"post-28124","1":"product","2":"type-product","3":"status-publish","4":"has-post-thumbnail","6":"product_brand-erasco","7":"product_cat-bacanie","8":"product_cat-conserve-mancare-gatita","9":"product_cat-conserve","10":"product_cat-conserve-produse-germania","11":"product_cat-produse-germania","12":"product_cat-produse-olanda","14":"first","15":"outofstock","16":"taxable","17":"shipping-taxable","18":"purchasable","19":"product-type-simple"},"acf":[],"_links":{"self":[{"href":"https:\/\/totalblue.ro\/en\/wp-json\/wp\/v2\/product\/28124","targetHints":{"allow":["GET"]}}],"collection":[{"href":"https:\/\/totalblue.ro\/en\/wp-json\/wp\/v2\/product"}],"about":[{"href":"https:\/\/totalblue.ro\/en\/wp-json\/wp\/v2\/types\/product"}],"replies":[{"embeddable":true,"href":"https:\/\/totalblue.ro\/en\/wp-json\/wp\/v2\/comments?post=28124"}],"wp:featuredmedia":[{"embeddable":true,"href":"https:\/\/totalblue.ro\/en\/wp-json\/wp\/v2\/media\/28125"}],"wp:attachment":[{"href":"https:\/\/totalblue.ro\/en\/wp-json\/wp\/v2\/media?parent=28124"}],"wp:term":[{"taxonomy":"product_brand","embeddable":true,"href":"https:\/\/totalblue.ro\/en\/wp-json\/wp\/v2\/product_brand?post=28124"},{"taxonomy":"product_cat","embeddable":true,"href":"https:\/\/totalblue.ro\/en\/wp-json\/wp\/v2\/product_cat?post=28124"},{"taxonomy":"giftcard-category","embeddable":true,"href":"https:\/\/totalblue.ro\/en\/wp-json\/wp\/v2\/giftcard-category?post=28124"}],"curies":[{"name":"wp","href":"https:\/\/api.w.org\/{rel}","templated":true}]}}