{"id":28405,"date":"2021-04-06T16:04:26","date_gmt":"2021-04-06T13:04:26","guid":{"rendered":"https:\/\/totalblue.ro\/?post_type=product&#038;p=28405"},"modified":"2025-08-06T13:41:39","modified_gmt":"2025-08-06T10:41:39","slug":"bulion-concentrat-de-vita-knorr-6x28-grame","status":"publish","type":"product","link":"https:\/\/totalblue.ro\/en\/produs\/bulion-concentrat-de-vita-knorr-6x28-grame\/","title":{"rendered":"Knorr Baza mancare Bulion concentrat de vita 6\u00d728 grame"},"content":{"rendered":"<p>Bulion concentrat de vita Knorr 6\u00d728 grame<br \/>\nBulion usor picant \u0219i consistent. Pregatiti rapid \u0219i usor mancaruri si supe gustoase !<br \/>\nCantitate: fiecare pachet contine 6 bucati x 28 grame<br \/>\n<strong>Ingredient:<\/strong>60% bulion concentrat de vita (apa potabila, extract de vita), sare de masa, 5,4% grasime de vita, zahar, extract de drojdie, morcovi, arome (cu lapte), ulei de palmier, ingrosator (guma xantan, guma de salcam), praz , sirop de zahar caramel, pastarnac, maltodex.<br \/>\n<strong>Allergens : <\/strong>lapte<br \/>\n<strong>How to use<\/strong>: se deschide 1 pachet si se toarna intr-un vas care contine 500 ml de apa clocotita, se amesteca usor.<br \/>\n<strong>Details of use: <\/strong>A nu se p\u0103stra la temperatura camerei \u0219i ferit de lumin\u0103. A se p\u0103stra la frigider dup\u0103 deschidere \u0219i se va consuma \u00een termen de 3 zile.<br \/>\nFara coloranti, fara arome adaugate, fara conservanti care sa imbunatateasca aroma.<br \/>\n<strong>Nutritional values:<\/strong><br \/>\nEnergie 21 kj \/ 5 kcal<br \/>\nGrasimi &lt;0.5 g din care acizi grasi saturati 0,2 g<br \/>\nCarbohidrati &lt; 0.5 g din care zahar &lt; 0.5 g<br \/>\nProtein &lt;0.5 g<br \/>\nSare 1,2 g<\/p>\n<div class=\"wrapper-table-responsive m-t-3\"><\/div>","protected":false},"excerpt":{"rendered":"<p>Bulion usor picant si consistent. Pregatiti rapid si usor mancaruri si supe gustoase!<\/p>","protected":false},"featured_media":28410,"comment_status":"open","ping_status":"closed","template":"","meta":{"_acf_changed":false,"_seopress_robots_primary_cat":"1451","_seopress_titles_title":"Knorr Baza mancare Bulion concentrat de vita 6\u00d728 grame","_seopress_titles_desc":"Bulion concentrat de vita Knorr 6\u00d728 grame, usor picant si consistent. Knorr Baza mancare Bulion concentrat de vita, baza mancare ciorbe","_seopress_robots_index":""},"product_brand":[1870],"product_cat":[1555,1451,3380,1950,1767],"giftcard-category":[],"class_list":{"0":"post-28405","1":"product","2":"type-product","3":"status-publish","4":"has-post-thumbnail","6":"product_brand-knorr","7":"product_cat-bacanie","8":"product_cat-condimente-produse-instant","9":"product_cat-condimente-sosuri-produse-germania","10":"product_cat-produse-germania","11":"product_cat-produse-olanda","13":"first","14":"outofstock","15":"taxable","16":"shipping-taxable","17":"purchasable","18":"product-type-simple"},"acf":[],"_links":{"self":[{"href":"https:\/\/totalblue.ro\/en\/wp-json\/wp\/v2\/product\/28405","targetHints":{"allow":["GET"]}}],"collection":[{"href":"https:\/\/totalblue.ro\/en\/wp-json\/wp\/v2\/product"}],"about":[{"href":"https:\/\/totalblue.ro\/en\/wp-json\/wp\/v2\/types\/product"}],"replies":[{"embeddable":true,"href":"https:\/\/totalblue.ro\/en\/wp-json\/wp\/v2\/comments?post=28405"}],"wp:featuredmedia":[{"embeddable":true,"href":"https:\/\/totalblue.ro\/en\/wp-json\/wp\/v2\/media\/28410"}],"wp:attachment":[{"href":"https:\/\/totalblue.ro\/en\/wp-json\/wp\/v2\/media?parent=28405"}],"wp:term":[{"taxonomy":"product_brand","embeddable":true,"href":"https:\/\/totalblue.ro\/en\/wp-json\/wp\/v2\/product_brand?post=28405"},{"taxonomy":"product_cat","embeddable":true,"href":"https:\/\/totalblue.ro\/en\/wp-json\/wp\/v2\/product_cat?post=28405"},{"taxonomy":"giftcard-category","embeddable":true,"href":"https:\/\/totalblue.ro\/en\/wp-json\/wp\/v2\/giftcard-category?post=28405"}],"curies":[{"name":"wp","href":"https:\/\/api.w.org\/{rel}","templated":true}]}}