{"id":28437,"date":"2021-04-07T10:27:13","date_gmt":"2021-04-07T07:27:13","guid":{"rendered":"https:\/\/totalblue.ro\/?post_type=product&#038;p=28437"},"modified":"2025-08-01T11:59:03","modified_gmt":"2025-08-01T08:59:03","slug":"knorr-snack-paste-sos-tomat-si-mozzarella-72-g","status":"publish","type":"product","link":"https:\/\/totalblue.ro\/en\/produs\/knorr-snack-paste-sos-tomat-si-mozzarella-72-g\/","title":{"rendered":"Knorr Snack Paste sos tomat si mozzarella 72 g"},"content":{"rendered":"<p>Knorr Pasta Snack Tomaten-Mozzarella-Sauce, 1 Portion, 72 g<br \/>\nKnorr Snack Paste sos tomat si mozzarella 72 g<\/p>\n<p>Mod de preparare \/ Mod de utilizare:<br \/>\n1. Deschide\u021bi capacul.<br \/>\n2. Se toarn\u0103 apa clocotita pana la semn.<br \/>\n3. Se amesteca bine \u0219i se inchide din nou capacul.<br \/>\n4. Lasa pastele sa absoarba apa 5 minute.<br \/>\n5. Se amestec\u0103 din nou bine.<br \/>\n6. Gata ! Un snack rapid si delicios !<br \/>\n<strong>Ingredient: <\/strong>58% paste (grau durum, paste cu ou), 12% praf de ro\u0219ii, amidon de cartofi, branza procesata (3,5% mozzarella), zahar, maltodextrina, ulei de palmier, lapte praf, inlocuitor de ceapa, clorura de potasiu (lapte), faina de grau, ierburi (busuioc, oregano, patrunjel), usturoi , piper.<br \/>\n<strong>Allergens: <\/strong>Lapte, oua, cereale care con\u021bin gluten<br \/>\nA se pastra intr-un loc racoros \u0219i uscat.<br \/>\n<strong>Nutritional values \/ 100g:<\/strong><br \/>\nEnergie 96 kcal \/ 404 kJ<br \/>\nGrasime 0.9 grame<br \/>\ndin care grasimi saturati 0.4 grame<br \/>\nCarbohidrati 18 grame<br \/>\ndin care zaharuri 3.6 grame<br \/>\nProteine 3.7 grame<br \/>\nSare 0.62 grame<br \/>\nTara de origine : Germania<br \/>\n*Re\u021betele produselor se pot schimba. Informa\u021biile furnizate aici se refera la gama germana valabila \u00een prezent \u0219i sunt actualizate periodic. In cazul modific\u0103rilor retetei, produsele cu reteta veche \u0219i cea nou\u0103 pot fi g\u0103site \u00een magazine. Prin urmare, cump\u0103r\u0103torul trebuie sa citeasca intotdeauna cu atentie toate informatiile de pe ambalaj. Acest lucru se aplica in special listei de ingrediente pentru a lua \u00een considerare intolerantele.<br \/>\n<a href=\"https:\/\/totalblue.ro\/wp-content\/uploads\/2021\/02\/vegetarian.jpeg\"><img loading=\"lazy\" decoding=\"async\" class=\"alignnone wp-image-27413\" src=\"https:\/\/totalblue.ro\/wp-content\/uploads\/2021\/02\/vegetarian.jpeg\" alt=\"\" width=\"102\" height=\"102\" srcset=\"https:\/\/totalblue.ro\/wp-content\/uploads\/2021\/02\/vegetarian.jpeg 225w, https:\/\/totalblue.ro\/wp-content\/uploads\/2021\/02\/vegetarian-100x100.jpeg 100w\" sizes=\"auto, (max-width: 102px) 100vw, 102px\" \/><\/a><\/p>","protected":false},"excerpt":{"rendered":"<p>Knorr Pasta Snack Tomaten-Mozzarella-Sauce, 1 Portion, 72 g<br \/>\nKnorr Snack Paste sos tomat si mozzarella 72 g<\/p>","protected":false},"featured_media":28442,"comment_status":"open","ping_status":"closed","template":"","meta":{"_acf_changed":false,"_seopress_robots_primary_cat":"1950","_seopress_titles_title":"","_seopress_titles_desc":"Comanda acum cu livrare rapida pana la usa ta Knorr Pasta Snack Tomaten-Mozzarella-Sauce, 1 Portion, 72 gK! Pret promotional, livrare rapida","_seopress_robots_index":""},"product_brand":[1870],"product_cat":[1555,3372,3272,3428,3328,1950,1767,1954],"giftcard-category":[],"class_list":{"0":"post-28437","1":"product","2":"type-product","3":"status-publish","4":"has-post-thumbnail","6":"product_brand-knorr","7":"product_cat-bacanie","8":"product_cat-conserve-produse-germania","9":"product_cat-conserve","10":"product_cat-paste-orez-ulei-otet-produse-germania","11":"product_cat-paste-orez-ulei-otet","12":"product_cat-produse-germania","13":"product_cat-produse-olanda","14":"product_cat-semipreparate","16":"first","17":"outofstock","18":"taxable","19":"shipping-taxable","20":"purchasable","21":"product-type-simple"},"acf":[],"_links":{"self":[{"href":"https:\/\/totalblue.ro\/en\/wp-json\/wp\/v2\/product\/28437","targetHints":{"allow":["GET"]}}],"collection":[{"href":"https:\/\/totalblue.ro\/en\/wp-json\/wp\/v2\/product"}],"about":[{"href":"https:\/\/totalblue.ro\/en\/wp-json\/wp\/v2\/types\/product"}],"replies":[{"embeddable":true,"href":"https:\/\/totalblue.ro\/en\/wp-json\/wp\/v2\/comments?post=28437"}],"wp:featuredmedia":[{"embeddable":true,"href":"https:\/\/totalblue.ro\/en\/wp-json\/wp\/v2\/media\/28442"}],"wp:attachment":[{"href":"https:\/\/totalblue.ro\/en\/wp-json\/wp\/v2\/media?parent=28437"}],"wp:term":[{"taxonomy":"product_brand","embeddable":true,"href":"https:\/\/totalblue.ro\/en\/wp-json\/wp\/v2\/product_brand?post=28437"},{"taxonomy":"product_cat","embeddable":true,"href":"https:\/\/totalblue.ro\/en\/wp-json\/wp\/v2\/product_cat?post=28437"},{"taxonomy":"giftcard-category","embeddable":true,"href":"https:\/\/totalblue.ro\/en\/wp-json\/wp\/v2\/giftcard-category?post=28437"}],"curies":[{"name":"wp","href":"https:\/\/api.w.org\/{rel}","templated":true}]}}