{"id":28468,"date":"2021-04-07T11:49:04","date_gmt":"2021-04-07T08:49:04","guid":{"rendered":"https:\/\/totalblue.ro\/?post_type=product&#038;p=28468"},"modified":"2025-08-01T11:58:49","modified_gmt":"2025-08-01T08:58:49","slug":"knorr-pasta-snack-branza-si-sos-smantana-92-g","status":"publish","type":"product","link":"https:\/\/totalblue.ro\/en\/produs\/knorr-pasta-snack-branza-si-sos-smantana-92-g\/","title":{"rendered":"Knorr Pasta Snack Branza si Sos Smantana, 92 g"},"content":{"rendered":"<p>Knorr Pasta Snack Big Pot K\u00e4se-Sahne-Sauce, 92 g<br \/>\nKnorr Pasta Snack Big Pot Branza \u0219i Sos Smantana, 92 g<\/p>\n<p>Mod de preparare \/ Mod de utilizare:<br \/>\n1. Deschide\u021bi capacul.<br \/>\n2. Se toarn\u0103 apa clocotita pana la semn.<br \/>\n3. Se amesteca bine \u0219i se inchide din nou capacul.<br \/>\n4. Lasa pastele sa absoarba apa 5 minute.<br \/>\n5. Se amestec\u0103 din nou bine.<br \/>\n6. Gata ! Un snack rapid si delicios !<br \/>\n<strong>Ingredient: <\/strong>58% paste din grau durum , 12% smantana praf, amidon de cartofi, 5% branza procesata (Blauschimmekase,Hartkase, Crescenza &#8211; weixhkase, Molkenerzeugnis), ulei de palmier, sirop de glucoza, 2% slanina, sare de mare afumata, carne de porc bucatele afumata, proteine \u200b\u200bdin lapte, inlocuitor de sare, extract de drojdie, grasime din slanina afumata (slanina, sare de mas\u0103, fum), pudra de ceapa prajita, curcuma. Poate con\u021bine urme de ou, telina, soia \u0219i mustar.<br \/>\nContine paste tip spaghete, uscate.<br \/>\nFara coloranti, fara arome adaugate.<br \/>\nBucatarie: Italiana<br \/>\nTara de origine : Germania<br \/>\n<strong>Allergens: <\/strong>lactate si lactoza.<br \/>\nA se pastra intr-un loc racoros \u0219i uscat.<br \/>\n<strong>Nutritional values \/ 100g:<\/strong><br \/>\nEnergie 116 kcal \/ 500 kJ<br \/>\nGrasime 5 grame<br \/>\ndin care grasimi saturati 3 grame<br \/>\nCarbohidrati 15 grame<br \/>\ndin care zaharuri 0.9 grame<br \/>\nProteine 3.2 grame<br \/>\nSare 0.79 grame<\/p>\n<p>*Re\u021betele produselor se pot schimba. Informa\u021biile furnizate aici se refera la gama germana valabila \u00een prezent \u0219i sunt actualizate periodic. In cazul modific\u0103rilor retetei, produsele cu reteta veche \u0219i cea nou\u0103 pot fi g\u0103site \u00een magazine. Prin urmare, cump\u0103r\u0103torul trebuie sa citeasca intotdeauna cu atentie toate informatiile de pe ambalaj. Acest lucru se aplica in special listei de ingrediente pentru a lua \u00een considerare intolerantele.<br \/>\n<a href=\"https:\/\/totalblue.ro\/wp-content\/uploads\/2021\/04\/knorr.jpg\"><img loading=\"lazy\" decoding=\"async\" class=\"alignnone wp-image-28453\" src=\"https:\/\/totalblue.ro\/wp-content\/uploads\/2021\/04\/knorr.jpg\" alt=\"\" width=\"150\" height=\"150\" srcset=\"https:\/\/totalblue.ro\/wp-content\/uploads\/2021\/04\/knorr.jpg 300w, https:\/\/totalblue.ro\/wp-content\/uploads\/2021\/04\/knorr-100x100.jpg 100w, https:\/\/totalblue.ro\/wp-content\/uploads\/2021\/04\/knorr-280x280.jpg 280w\" sizes=\"auto, (max-width: 150px) 100vw, 150px\" \/><\/a><\/p>","protected":false},"excerpt":{"rendered":"<p>Knorr Pasta Snack K\u00e4se-Sahne-Sauce, 92 g<br \/>\nKnorr Pasta Snack Branza si Sos Smantana, 92 g<\/p>","protected":false},"featured_media":28469,"comment_status":"open","ping_status":"closed","template":"","meta":{"_acf_changed":false,"_seopress_robots_primary_cat":"1950","_seopress_titles_title":"","_seopress_titles_desc":"Comanda acum cu livrare rapida pana la usa ta Knorr Pasta Snack Branza si Sos Smantana, 92 g! Pret promotional, livrare rapida","_seopress_robots_index":""},"product_brand":[1870],"product_cat":[1555,3272,3372,3428,3328,1950,1767,1954],"giftcard-category":[],"class_list":{"0":"post-28468","1":"product","2":"type-product","3":"status-publish","4":"has-post-thumbnail","6":"product_brand-knorr","7":"product_cat-bacanie","8":"product_cat-conserve","9":"product_cat-conserve-produse-germania","10":"product_cat-paste-orez-ulei-otet-produse-germania","11":"product_cat-paste-orez-ulei-otet","12":"product_cat-produse-germania","13":"product_cat-produse-olanda","14":"product_cat-semipreparate","16":"first","17":"outofstock","18":"taxable","19":"shipping-taxable","20":"purchasable","21":"product-type-simple"},"acf":[],"_links":{"self":[{"href":"https:\/\/totalblue.ro\/en\/wp-json\/wp\/v2\/product\/28468","targetHints":{"allow":["GET"]}}],"collection":[{"href":"https:\/\/totalblue.ro\/en\/wp-json\/wp\/v2\/product"}],"about":[{"href":"https:\/\/totalblue.ro\/en\/wp-json\/wp\/v2\/types\/product"}],"replies":[{"embeddable":true,"href":"https:\/\/totalblue.ro\/en\/wp-json\/wp\/v2\/comments?post=28468"}],"wp:featuredmedia":[{"embeddable":true,"href":"https:\/\/totalblue.ro\/en\/wp-json\/wp\/v2\/media\/28469"}],"wp:attachment":[{"href":"https:\/\/totalblue.ro\/en\/wp-json\/wp\/v2\/media?parent=28468"}],"wp:term":[{"taxonomy":"product_brand","embeddable":true,"href":"https:\/\/totalblue.ro\/en\/wp-json\/wp\/v2\/product_brand?post=28468"},{"taxonomy":"product_cat","embeddable":true,"href":"https:\/\/totalblue.ro\/en\/wp-json\/wp\/v2\/product_cat?post=28468"},{"taxonomy":"giftcard-category","embeddable":true,"href":"https:\/\/totalblue.ro\/en\/wp-json\/wp\/v2\/giftcard-category?post=28468"}],"curies":[{"name":"wp","href":"https:\/\/api.w.org\/{rel}","templated":true}]}}