{"id":28738,"date":"2021-04-16T16:06:00","date_gmt":"2021-04-16T13:06:00","guid":{"rendered":"https:\/\/totalblue.ro\/?post_type=product&#038;p=28738"},"modified":"2026-03-27T21:47:00","modified_gmt":"2026-03-27T19:47:00","slug":"budweiser-budvar-budvar-blond-beer-bottle-05l","status":"publish","type":"product","link":"https:\/\/totalblue.ro\/en\/produs\/budweiser-budvar-bere-blonda-sticla-05l\/","title":{"rendered":"Budweiser Budvar Budvar blond beer 0,5L bottle"},"content":{"rendered":"<p>Czech beer Budweiser Budvar has a new global visual identity for its bottles. The new design takes stylistic cues from its own historical label archive, dating back to its founding in 1895, and features a classic colour palette inspired by the Czech flag.<br \/>\nThe vintage logo is framed in the upper area of the label by the historic emblem of \u010cesk\u00e9 Bud\u011bjovice (or \"Budweis\" as it is known in German. The centre area of the new design is also a clear reference to Budvar's local ingredients: whole-cone Saaz hops from the Czech Republic's renowned \u017datec hop region; the finest Moravian beans; and 10,000-year-old natural water collected from an ancient aquifer dating back to the Ice Age, located 300 m below the brewery.<br \/>\nThere is also the phrase - \"Owned by the Czech Republic\" - which frames the logo at the bottom of the label. This statement celebrates the continued independence of the Budvar brewery.<br \/>\nThe packaging rebranding launches with the global Budvar Greetings from the Republic of Beer campaign, which positions the Czech Republic - where the amount of beer consumed per capita is higher than anywhere else in the world - as the true Republic of Beer.<br \/>\nBudweiser Budvar is the national brewery of the Czech Republic and an internationally recognised iconic Czech lager brewed in one place in the whole world: in \u010cesk\u00e9 Bud\u011bjovice (Budweis), South Bohemia, since 1895. The brewery still proudly uses the finest whole-cone Saaz hops, Moravian malts, artesian water from an ancient aquifer still from the Ice Age, located 300 metres below the brewery.<br \/>\nAlcohol: 5.0 % vol.<br \/>\nPasteurised lager.<br \/>\nProduct available online<br \/>\nCountry of origin : Czech Republic<br \/>\nPackaging : glass. Bottles are non-returnable but recyclable.<\/p>\n<p>1 case of Budweiser beer contains 20 bottles<br \/>\nThe displayed price is per 1 Budweiser bottle without SGR tax included. When adding in the basket will be displayed the cost of 0,50 Ron \/ bottle, SGR tax.<br \/>\nProduct with delivery in Bucharest and Ilfov for cash on delivery or card payment.<br \/>\nProduct with national delivery (all counties) for card payment.<\/p>\n<p>Ingredients: barley malt, water, hops.<br \/>\nNutritional value: carbohydrate 3.2g\/100g beer<br \/>\nEnergy value 42kcal\/100g beer<br \/>\nKeep away from high temperatures and frost. Serve cold.<br \/>\nLegal lies: Alcohol seriously harms your health. Drink in moderation. Sale to under 18s is prohibited. www.desprealcool.ro<br \/>\n<a href=\"https:\/\/totalblue.ro\/wp-content\/uploads\/2021\/04\/under-18.jpg\"><img loading=\"lazy\" decoding=\"async\" class=\"alignnone wp-image-30757\" src=\"https:\/\/totalblue.ro\/wp-content\/uploads\/2021\/04\/under-18-400x400.jpg\" alt=\"\" width=\"109\" height=\"109\" srcset=\"https:\/\/totalblue.ro\/wp-content\/uploads\/2021\/04\/under-18-400x400.jpg 400w, https:\/\/totalblue.ro\/wp-content\/uploads\/2021\/04\/under-18-100x100.jpg 100w, https:\/\/totalblue.ro\/wp-content\/uploads\/2021\/04\/under-18-510x510.jpg 510w, https:\/\/totalblue.ro\/wp-content\/uploads\/2021\/04\/under-18-280x280.jpg 280w, https:\/\/totalblue.ro\/wp-content\/uploads\/2021\/04\/under-18.jpg 600w\" sizes=\"auto, (max-width: 109px) 100vw, 109px\" \/><\/a><a href=\"https:\/\/totalblue.ro\/wp-content\/uploads\/2021\/06\/drink-drive.jpg\"><img loading=\"lazy\" decoding=\"async\" class=\"alignnone wp-image-30761\" src=\"https:\/\/totalblue.ro\/wp-content\/uploads\/2021\/06\/drink-drive.jpg\" alt=\"\" width=\"114\" height=\"111\" srcset=\"https:\/\/totalblue.ro\/wp-content\/uploads\/2021\/06\/drink-drive.jpg 344w, https:\/\/totalblue.ro\/wp-content\/uploads\/2021\/06\/drink-drive-100x98.jpg 100w\" sizes=\"auto, (max-width: 114px) 100vw, 114px\" \/><\/a><a href=\"https:\/\/totalblue.ro\/wp-content\/uploads\/2021\/06\/bere-gravide02.jpg\"><img loading=\"lazy\" decoding=\"async\" class=\"alignnone wp-image-30771\" src=\"https:\/\/totalblue.ro\/wp-content\/uploads\/2021\/06\/bere-gravide02-403x400.jpg\" alt=\"\" width=\"111\" height=\"110\" srcset=\"https:\/\/totalblue.ro\/wp-content\/uploads\/2021\/06\/bere-gravide02-403x400.jpg 403w, https:\/\/totalblue.ro\/wp-content\/uploads\/2021\/06\/bere-gravide02-100x99.jpg 100w, https:\/\/totalblue.ro\/wp-content\/uploads\/2021\/06\/bere-gravide02-510x507.jpg 510w, https:\/\/totalblue.ro\/wp-content\/uploads\/2021\/06\/bere-gravide02-805x800.jpg 805w, https:\/\/totalblue.ro\/wp-content\/uploads\/2021\/06\/bere-gravide02-280x280.jpg 280w, https:\/\/totalblue.ro\/wp-content\/uploads\/2021\/06\/bere-gravide02-768x763.jpg 768w, https:\/\/totalblue.ro\/wp-content\/uploads\/2021\/06\/bere-gravide02-600x596.jpg 600w, https:\/\/totalblue.ro\/wp-content\/uploads\/2021\/06\/bere-gravide02.jpg 895w\" sizes=\"auto, (max-width: 111px) 100vw, 111px\" \/><\/a><\/p>","protected":false},"excerpt":{"rendered":"<p>1 Bax of Budweiser beer contains 20 bottles.<br \/>\nThe displayed price is per 1 Budweiser bottle without SGR tax included. When adding in the basket will be displayed the cost of 0,50 Ron \/ bottle, SGR tax.<br \/>\nProduct with delivery in Bucharest and Ilfov for cash on delivery or card payment.<br \/>\nProduct with national delivery (all counties) for card payment.<\/p>","protected":false},"featured_media":28739,"comment_status":"open","ping_status":"closed","template":"","meta":{"_acf_changed":false,"_seopress_robots_primary_cat":"none","_seopress_titles_title":"Berea ceha Budweiser Budvar, bere Budweiser blonda 500 ml","_seopress_titles_desc":"Cauti bere Budweiser ? Cauti bere blonda ? Cauti bere ceheasca ? Cumpara acum Berea Blonda Budweiser,, bere Budvar, bere rece Budweiser.","_seopress_robots_index":""},"product_brand":[2035],"product_cat":[1519],"giftcard-category":[],"class_list":{"0":"post-28738","1":"product","2":"type-product","3":"status-publish","4":"has-post-thumbnail","6":"product_brand-budweiser","7":"product_cat-bauturi-alcoolice-bere","9":"first","10":"instock","11":"taxable","12":"shipping-taxable","13":"purchasable","14":"product-type-simple"},"acf":[],"_links":{"self":[{"href":"https:\/\/totalblue.ro\/en\/wp-json\/wp\/v2\/product\/28738","targetHints":{"allow":["GET"]}}],"collection":[{"href":"https:\/\/totalblue.ro\/en\/wp-json\/wp\/v2\/product"}],"about":[{"href":"https:\/\/totalblue.ro\/en\/wp-json\/wp\/v2\/types\/product"}],"replies":[{"embeddable":true,"href":"https:\/\/totalblue.ro\/en\/wp-json\/wp\/v2\/comments?post=28738"}],"wp:featuredmedia":[{"embeddable":true,"href":"https:\/\/totalblue.ro\/en\/wp-json\/wp\/v2\/media\/28739"}],"wp:attachment":[{"href":"https:\/\/totalblue.ro\/en\/wp-json\/wp\/v2\/media?parent=28738"}],"wp:term":[{"taxonomy":"product_brand","embeddable":true,"href":"https:\/\/totalblue.ro\/en\/wp-json\/wp\/v2\/product_brand?post=28738"},{"taxonomy":"product_cat","embeddable":true,"href":"https:\/\/totalblue.ro\/en\/wp-json\/wp\/v2\/product_cat?post=28738"},{"taxonomy":"giftcard-category","embeddable":true,"href":"https:\/\/totalblue.ro\/en\/wp-json\/wp\/v2\/giftcard-category?post=28738"}],"curies":[{"name":"wp","href":"https:\/\/api.w.org\/{rel}","templated":true}]}}